{"id":5753,"date":"2020-06-02T14:19:59","date_gmt":"2020-06-02T19:19:59","guid":{"rendered":"https:\/\/www.anythingflows.com\/es\/?post_type=product&#038;p=5753"},"modified":"2025-04-08T06:21:18","modified_gmt":"2025-04-08T11:21:18","slug":"max-air-valvulas-automatizadas-acero-inoxidable-e15f-rtfe-60psi-doble-accion-1-50","status":"publish","type":"product","link":"https:\/\/www.anythingflows.com\/es\/producto\/max-air-valvulas-automatizadas-acero-inoxidable-e15f-rtfe-60psi-doble-accion-1-50\/","title":{"rendered":"Max-Air &#8211; V\u00e1lvulas automatizadas, Acero Inoxidable E15F &#8211; RTFE &#8211; 60PSI Doble acci\u00f3n 1.50&#8243;"},"content":{"rendered":"<p>N\u00famero de pieza: E15F-1M-S60R-D62-MA<\/p>\n<p>Descripci\u00f3n: V\u00e1lvulas automatizadas, Acero Inoxidable E15F &#8211; RTFE &#8211; 60PSI Doble acci\u00f3n 1.50&#8243;<\/p>\n<p>Actuador: MT17.DA.F05-F07.CH14<\/p>\n<p>Montaje: NONE<\/p>\n<p>&nbsp;<\/p>\n<p>&nbsp;<\/p>\n","protected":false},"excerpt":{"rendered":"<p>N\u00famero de pieza: E15F-1M-S60R-D62-MA<\/p>\n<p>Descripci\u00f3n: V\u00e1lvulas automatizadas, Acero Inoxidable E15F &#8211; RTFE &#8211; 60PSI Doble acci\u00f3n 1.50&#8243;<\/p>\n<p>Actuador: MT17.DA.F05-F07.CH14<\/p>\n<p>Montaje: NONE<\/p>\n","protected":false},"featured_media":5707,"comment_status":"open","ping_status":"closed","template":"","meta":[],"product_brand":[],"product_cat":[26],"product_tag":[],"class_list":{"0":"post-5753","1":"product","2":"type-product","3":"status-publish","4":"has-post-thumbnail","6":"product_cat-valvulas-automatizadas","8":"first","9":"instock","10":"taxable","11":"shipping-taxable","12":"purchasable","13":"product-type-simple"},"jetpack_sharing_enabled":true,"_links":{"self":[{"href":"https:\/\/www.anythingflows.com\/es\/wp-json\/wp\/v2\/product\/5753","targetHints":{"allow":["GET"]}}],"collection":[{"href":"https:\/\/www.anythingflows.com\/es\/wp-json\/wp\/v2\/product"}],"about":[{"href":"https:\/\/www.anythingflows.com\/es\/wp-json\/wp\/v2\/types\/product"}],"replies":[{"embeddable":true,"href":"https:\/\/www.anythingflows.com\/es\/wp-json\/wp\/v2\/comments?post=5753"}],"wp:featuredmedia":[{"embeddable":true,"href":"https:\/\/www.anythingflows.com\/es\/wp-json\/wp\/v2\/media\/5707"}],"wp:attachment":[{"href":"https:\/\/www.anythingflows.com\/es\/wp-json\/wp\/v2\/media?parent=5753"}],"wp:term":[{"taxonomy":"product_brand","embeddable":true,"href":"https:\/\/www.anythingflows.com\/es\/wp-json\/wp\/v2\/product_brand?post=5753"},{"taxonomy":"product_cat","embeddable":true,"href":"https:\/\/www.anythingflows.com\/es\/wp-json\/wp\/v2\/product_cat?post=5753"},{"taxonomy":"product_tag","embeddable":true,"href":"https:\/\/www.anythingflows.com\/es\/wp-json\/wp\/v2\/product_tag?post=5753"}],"curies":[{"name":"wp","href":"https:\/\/api.w.org\/{rel}","templated":true}]}}