{"id":5748,"date":"2020-06-02T14:10:54","date_gmt":"2020-06-02T19:10:54","guid":{"rendered":"https:\/\/www.anythingflows.com\/es\/?post_type=product&#038;p=5748"},"modified":"2025-04-08T06:21:19","modified_gmt":"2025-04-08T11:21:19","slug":"max-air-valvulas-automatizadas-acero-al-carbon-e15f-gtfe-80psi-retorno-por-resorte-6","status":"publish","type":"product","link":"https:\/\/www.anythingflows.com\/es\/producto\/max-air-valvulas-automatizadas-acero-al-carbon-e15f-gtfe-80psi-retorno-por-resorte-6\/","title":{"rendered":"Max-Air &#8211; V\u00e1lvulas automatizadas, Acero al carb\u00f3n E15F &#8211; GTFE &#8211; 80PSI Retorno por resorte 6&#8243;"},"content":{"rendered":"<p>N\u00famero de pieza: E15F-06-C60R-S82-MA<\/p>\n<p>Descripci\u00f3n: V\u00e1lvulas automatizadas, Acero al carb\u00f3n E15F &#8211; GTFE &#8211; 80PSI Retorno por resorte 6&#8243;<\/p>\n<p>Actuador: MT61.S4.F10-F12.CH36<\/p>\n<p>Montaje: DSQ 36X27<\/p>\n<p>&nbsp;<\/p>\n<p>&nbsp;<\/p>\n","protected":false},"excerpt":{"rendered":"<p>N\u00famero de pieza: E15F-06-C60R-S82-MA<\/p>\n<p>Descripci\u00f3n: V\u00e1lvulas automatizadas, Acero al carb\u00f3n E15F &#8211; GTFE &#8211; 80PSI Retorno por resorte 6&#8243;<\/p>\n<p>Actuador: MT61.S4.F10-F12.CH36<\/p>\n<p>Montaje: DSQ 36X27<\/p>\n","protected":false},"featured_media":5707,"comment_status":"open","ping_status":"closed","template":"","meta":[],"product_brand":[],"product_cat":[26],"product_tag":[],"class_list":{"0":"post-5748","1":"product","2":"type-product","3":"status-publish","4":"has-post-thumbnail","6":"product_cat-valvulas-automatizadas","8":"first","9":"instock","10":"taxable","11":"shipping-taxable","12":"purchasable","13":"product-type-simple"},"jetpack_sharing_enabled":true,"_links":{"self":[{"href":"https:\/\/www.anythingflows.com\/es\/wp-json\/wp\/v2\/product\/5748","targetHints":{"allow":["GET"]}}],"collection":[{"href":"https:\/\/www.anythingflows.com\/es\/wp-json\/wp\/v2\/product"}],"about":[{"href":"https:\/\/www.anythingflows.com\/es\/wp-json\/wp\/v2\/types\/product"}],"replies":[{"embeddable":true,"href":"https:\/\/www.anythingflows.com\/es\/wp-json\/wp\/v2\/comments?post=5748"}],"wp:featuredmedia":[{"embeddable":true,"href":"https:\/\/www.anythingflows.com\/es\/wp-json\/wp\/v2\/media\/5707"}],"wp:attachment":[{"href":"https:\/\/www.anythingflows.com\/es\/wp-json\/wp\/v2\/media?parent=5748"}],"wp:term":[{"taxonomy":"product_brand","embeddable":true,"href":"https:\/\/www.anythingflows.com\/es\/wp-json\/wp\/v2\/product_brand?post=5748"},{"taxonomy":"product_cat","embeddable":true,"href":"https:\/\/www.anythingflows.com\/es\/wp-json\/wp\/v2\/product_cat?post=5748"},{"taxonomy":"product_tag","embeddable":true,"href":"https:\/\/www.anythingflows.com\/es\/wp-json\/wp\/v2\/product_tag?post=5748"}],"curies":[{"name":"wp","href":"https:\/\/api.w.org\/{rel}","templated":true}]}}