{"id":5706,"date":"2020-06-02T09:34:41","date_gmt":"2020-06-02T14:34:41","guid":{"rendered":"https:\/\/www.anythingflows.com\/es\/?post_type=product&#038;p=5706"},"modified":"2025-04-08T07:11:36","modified_gmt":"2025-04-08T12:11:36","slug":"max-air-valvulas-automatizadas-acero-inoxidable-e15f-gtfe-60psi-doble-accion-1-2","status":"publish","type":"product","link":"https:\/\/www.anythingflows.com\/es\/producto\/max-air-valvulas-automatizadas-acero-inoxidable-e15f-gtfe-60psi-doble-accion-1-2\/","title":{"rendered":"Max-Air &#8211; V\u00e1lvulas automatizadas, Acero al carb\u00f3n E15F &#8211; GTFE &#8211; 60PSI Doble acci\u00f3n 1\/2&#8243;"},"content":{"rendered":"<p>N\u00famero de pieza: E15F-0M-C60R-D62-MA<\/p>\n<p>Descripci\u00f3n: V\u00e1lvulas automatizadas, Acero al carb\u00f3n E15F &#8211; GTFE &#8211; 60PSI Doble acci\u00f3n 1\/2&#8243;<\/p>\n<p>Actuador: MT12.DA.F04.CH11<\/p>\n<p>Montaje: DSQ 11X9<\/p>\n<p>&nbsp;<\/p>\n<p>&nbsp;<\/p>\n","protected":false},"excerpt":{"rendered":"<p>N\u00famero de pieza: E15F-0M-C60R-D62-MA<\/p>\n<p>Descripci\u00f3n: V\u00e1lvulas automatizadas, Acero al carb\u00f3n E15F &#8211; GTFE &#8211; 60PSI Doble acci\u00f3n 1\/2&#8243;<\/p>\n<p>Actuador: MT12.DA.F04.CH11<\/p>\n<p>Montaje: DSQ 11X9<\/p>\n","protected":false},"featured_media":5707,"comment_status":"open","ping_status":"closed","template":"","meta":[],"product_brand":[],"product_cat":[26],"product_tag":[],"class_list":{"0":"post-5706","1":"product","2":"type-product","3":"status-publish","4":"has-post-thumbnail","6":"product_cat-valvulas-automatizadas","8":"first","9":"instock","10":"taxable","11":"shipping-taxable","12":"purchasable","13":"product-type-simple"},"jetpack_sharing_enabled":true,"_links":{"self":[{"href":"https:\/\/www.anythingflows.com\/es\/wp-json\/wp\/v2\/product\/5706","targetHints":{"allow":["GET"]}}],"collection":[{"href":"https:\/\/www.anythingflows.com\/es\/wp-json\/wp\/v2\/product"}],"about":[{"href":"https:\/\/www.anythingflows.com\/es\/wp-json\/wp\/v2\/types\/product"}],"replies":[{"embeddable":true,"href":"https:\/\/www.anythingflows.com\/es\/wp-json\/wp\/v2\/comments?post=5706"}],"wp:featuredmedia":[{"embeddable":true,"href":"https:\/\/www.anythingflows.com\/es\/wp-json\/wp\/v2\/media\/5707"}],"wp:attachment":[{"href":"https:\/\/www.anythingflows.com\/es\/wp-json\/wp\/v2\/media?parent=5706"}],"wp:term":[{"taxonomy":"product_brand","embeddable":true,"href":"https:\/\/www.anythingflows.com\/es\/wp-json\/wp\/v2\/product_brand?post=5706"},{"taxonomy":"product_cat","embeddable":true,"href":"https:\/\/www.anythingflows.com\/es\/wp-json\/wp\/v2\/product_cat?post=5706"},{"taxonomy":"product_tag","embeddable":true,"href":"https:\/\/www.anythingflows.com\/es\/wp-json\/wp\/v2\/product_tag?post=5706"}],"curies":[{"name":"wp","href":"https:\/\/api.w.org\/{rel}","templated":true}]}}