{"id":5454,"date":"2020-05-27T14:35:47","date_gmt":"2020-05-27T19:35:47","guid":{"rendered":"https:\/\/www.anythingflows.com\/es\/?post_type=product&#038;p=5454"},"modified":"2025-04-08T07:27:04","modified_gmt":"2025-04-08T12:27:04","slug":"max-air-vavlulas-automatizadas-acero-al-carbon-m15f-tfm1600-80psi-retorno-por-resorte-4","status":"publish","type":"product","link":"https:\/\/www.anythingflows.com\/es\/producto\/max-air-vavlulas-automatizadas-acero-al-carbon-m15f-tfm1600-80psi-retorno-por-resorte-4\/","title":{"rendered":"Max-Air &#8211; V\u00e1lvulas automatizadas, Acero al carb\u00f3n M15F &#8211; TFM1600 &#8211; 80PSI Retorno por resorte 4&#8243;"},"content":{"rendered":"<p>N\u00famero de pieza: M15F-04-C60F-S82-MA<\/p>\n<p>Descripci\u00f3n: V\u00e1vlulas automatizadas, Acero al carb\u00f3n M15F &#8211; TFM1600 &#8211; 80PSI Retorno por resorte 4&#8243;<\/p>\n<p>Actuador: MT51.S3.F10-F12.CH27<\/p>\n<p>Montaje: DSQ 27X22<\/p>\n<p><a href=\"https:\/\/www.anythingflows.com\/en\/wp-content\/uploads\/2020\/05\/M15F-Series-WEB_Sesto_Ball_valves_FPD.pdf\">V\u00c1LVULA DE BOLA M15 (VER CAT\u00c1LOGO)<\/a><\/p>\n<p><a href=\"https:\/\/www.anythingflows.com\/en\/wp-content\/uploads\/2020\/04\/MAX-AIR_MT_Series_Actuator_FPD.pdf\">ACTUADORES MT MAX AIR (VER CAT\u00c1LOGO)<\/a><\/p>\n<p><a href=\"https:\/\/www.anythingflows.com\/en\/wp-content\/uploads\/2020\/06\/CATALOGS_10_22_20_.pdf\">M\u00e1s informaci\u00f3n ac\u00e1<\/a><\/p>\n<p>&nbsp;<\/p>\n<p>&nbsp;<\/p>\n","protected":false},"excerpt":{"rendered":"<p>N\u00famero de pieza: M15F-04-C60F-S82-MA<\/p>\n<p>Descripci\u00f3n: V\u00e1vlulas automatizadas, Acero al carb\u00f3n M15F &#8211; TFM1600 &#8211; 80PSI Retorno por resorte 4&#8243;<\/p>\n<p>Actuador: MT51.S3.F10-F12.CH27<\/p>\n<p>Montaje: DSQ 27X22<\/p>\n","protected":false},"featured_media":5416,"comment_status":"open","ping_status":"closed","template":"","meta":[],"product_brand":[],"product_cat":[26],"product_tag":[],"class_list":{"0":"post-5454","1":"product","2":"type-product","3":"status-publish","4":"has-post-thumbnail","6":"product_cat-valvulas-automatizadas","8":"first","9":"instock","10":"taxable","11":"shipping-taxable","12":"purchasable","13":"product-type-simple"},"jetpack_sharing_enabled":true,"_links":{"self":[{"href":"https:\/\/www.anythingflows.com\/es\/wp-json\/wp\/v2\/product\/5454","targetHints":{"allow":["GET"]}}],"collection":[{"href":"https:\/\/www.anythingflows.com\/es\/wp-json\/wp\/v2\/product"}],"about":[{"href":"https:\/\/www.anythingflows.com\/es\/wp-json\/wp\/v2\/types\/product"}],"replies":[{"embeddable":true,"href":"https:\/\/www.anythingflows.com\/es\/wp-json\/wp\/v2\/comments?post=5454"}],"wp:featuredmedia":[{"embeddable":true,"href":"https:\/\/www.anythingflows.com\/es\/wp-json\/wp\/v2\/media\/5416"}],"wp:attachment":[{"href":"https:\/\/www.anythingflows.com\/es\/wp-json\/wp\/v2\/media?parent=5454"}],"wp:term":[{"taxonomy":"product_brand","embeddable":true,"href":"https:\/\/www.anythingflows.com\/es\/wp-json\/wp\/v2\/product_brand?post=5454"},{"taxonomy":"product_cat","embeddable":true,"href":"https:\/\/www.anythingflows.com\/es\/wp-json\/wp\/v2\/product_cat?post=5454"},{"taxonomy":"product_tag","embeddable":true,"href":"https:\/\/www.anythingflows.com\/es\/wp-json\/wp\/v2\/product_tag?post=5454"}],"curies":[{"name":"wp","href":"https:\/\/api.w.org\/{rel}","templated":true}]}}