{"id":5043,"date":"2020-05-22T11:55:00","date_gmt":"2020-05-22T16:55:00","guid":{"rendered":"https:\/\/www.anythingflows.com\/es\/?post_type=product&#038;p=5043"},"modified":"2025-04-09T06:29:23","modified_gmt":"2025-04-09T11:29:23","slug":"max-air-vavlulas-automatizadas-acero-al-carbon-m32s-mtefe-60psi-doble-accion-1-2","status":"publish","type":"product","link":"https:\/\/www.anythingflows.com\/es\/producto\/max-air-vavlulas-automatizadas-acero-al-carbon-m32s-mtefe-60psi-doble-accion-1-2\/","title":{"rendered":"Max-Air &#8211; V\u00e1lvulas automatizadas, Acero al carb\u00f3n M32S &#8211; MTEFE &#8211; 60PSI Doble acci\u00f3n 1\/2&#8243;"},"content":{"rendered":"<p>N\u00famero de pieza: M32S-0M-C60M-D62-MAK<\/p>\n<p>Descripci\u00f3n: V\u00e1vlulas automatizadas, Acero al carb\u00f3n M32S &#8211; MTFE &#8211; 60PSI Doble acci\u00f3n 1\/2&#8243;<\/p>\n<p>Actuador: MT16.DA.F05-F07.CH14<\/p>\n<p>Montaje: KIT-QS1<\/p>\n<p>&nbsp;<\/p>\n<p>&nbsp;<\/p>\n","protected":false},"excerpt":{"rendered":"<p>N\u00famero de pieza: M32S-0M-C60M-D62-MAK<\/p>\n<p>Descripci\u00f3n: V\u00e1vlulas automatizadas, Acero al carb\u00f3n M32S &#8211; MTFE &#8211; 60PSI Doble acci\u00f3n 1\/2&#8243;<\/p>\n<p>Actuador: MT16.DA.F05-F07.CH14<\/p>\n<p>Montaje: KIT-QS1<\/p>\n<p>&nbsp;<\/p>\n<p>&nbsp;<\/p>\n<p>&nbsp;<\/p>\n<p>&nbsp;<\/p>\n<p>&nbsp;<\/p>\n<p>&nbsp;<\/p>\n<p>&nbsp;<\/p>\n<p>&nbsp;<\/p>\n<p>&nbsp;<\/p>\n<p>&nbsp;<\/p>\n<p>&nbsp;<\/p>\n<p>&nbsp;<\/p>\n<p>&nbsp;<\/p>\n<p>&nbsp;<\/p>\n<p>&nbsp;<\/p>\n<p>&nbsp;<\/p>\n<p>&nbsp;<\/p>\n<p>&nbsp;<\/p>\n","protected":false},"featured_media":4641,"comment_status":"open","ping_status":"closed","template":"","meta":[],"product_brand":[],"product_cat":[26],"product_tag":[],"class_list":{"0":"post-5043","1":"product","2":"type-product","3":"status-publish","4":"has-post-thumbnail","6":"product_cat-valvulas-automatizadas","8":"first","9":"instock","10":"taxable","11":"shipping-taxable","12":"purchasable","13":"product-type-simple"},"jetpack_sharing_enabled":true,"_links":{"self":[{"href":"https:\/\/www.anythingflows.com\/es\/wp-json\/wp\/v2\/product\/5043","targetHints":{"allow":["GET"]}}],"collection":[{"href":"https:\/\/www.anythingflows.com\/es\/wp-json\/wp\/v2\/product"}],"about":[{"href":"https:\/\/www.anythingflows.com\/es\/wp-json\/wp\/v2\/types\/product"}],"replies":[{"embeddable":true,"href":"https:\/\/www.anythingflows.com\/es\/wp-json\/wp\/v2\/comments?post=5043"}],"wp:featuredmedia":[{"embeddable":true,"href":"https:\/\/www.anythingflows.com\/es\/wp-json\/wp\/v2\/media\/4641"}],"wp:attachment":[{"href":"https:\/\/www.anythingflows.com\/es\/wp-json\/wp\/v2\/media?parent=5043"}],"wp:term":[{"taxonomy":"product_brand","embeddable":true,"href":"https:\/\/www.anythingflows.com\/es\/wp-json\/wp\/v2\/product_brand?post=5043"},{"taxonomy":"product_cat","embeddable":true,"href":"https:\/\/www.anythingflows.com\/es\/wp-json\/wp\/v2\/product_cat?post=5043"},{"taxonomy":"product_tag","embeddable":true,"href":"https:\/\/www.anythingflows.com\/es\/wp-json\/wp\/v2\/product_tag?post=5043"}],"curies":[{"name":"wp","href":"https:\/\/api.w.org\/{rel}","templated":true}]}}