{"id":4727,"date":"2020-05-16T14:44:44","date_gmt":"2020-05-16T19:44:44","guid":{"rendered":"https:\/\/www.anythingflows.com\/es\/?post_type=product&#038;p=4727"},"modified":"2025-04-09T06:45:31","modified_gmt":"2025-04-09T11:45:31","slug":"max-air-vavlulas-automatizadas-acero-al-carbon-m32n-mtfe-80psi-doble-accion-1-2","status":"publish","type":"product","link":"https:\/\/www.anythingflows.com\/es\/producto\/max-air-vavlulas-automatizadas-acero-al-carbon-m32n-mtfe-80psi-doble-accion-1-2\/","title":{"rendered":"Max-Air &#8211; V\u00e1lvulas automatizadas, Acero al carb\u00f3n M32N &#8211; MTFE &#8211; 80PSI Doble acci\u00f3n 1\/2&#8243;"},"content":{"rendered":"<p>N\u00famero de pieza: M32N-0M-C60M-D82-MA<\/p>\n<p>Descripci\u00f3n: V\u00e1vlulas automatizadas, Acero al carb\u00f3n M32N &#8211; MTFE- 80PSI Doble acci\u00f3n 1\/2&#8243;<\/p>\n<p>Actuador: MT08.DA.F03-F05.CH11<\/p>\n<p>Montaje: DSQ 11X9<\/p>\n<p>&nbsp;<\/p>\n<p>&nbsp;<\/p>\n","protected":false},"excerpt":{"rendered":"<p>N\u00famero de pieza: M32N-0M-C60M-D82-MA<\/p>\n<p>Descripci\u00f3n: V\u00e1vlulas automatizadas, Acero al carb\u00f3n M32N &#8211; MTFE- 80PSI Doble acci\u00f3n 1\/2&#8243;<\/p>\n<p>Actuador: MT08.DA.F03-F05.CH11<\/p>\n<p>Montaje: DSQ 11X9<\/p>\n<p>&nbsp;<\/p>\n<p>&nbsp;<\/p>\n<p>&nbsp;<\/p>\n<p>&nbsp;<\/p>\n<p>&nbsp;<\/p>\n<p>&nbsp;<\/p>\n<p>&nbsp;<\/p>\n<p>&nbsp;<\/p>\n<p>&nbsp;<\/p>\n<p>&nbsp;<\/p>\n<p>&nbsp;<\/p>\n<p>&nbsp;<\/p>\n<p>&nbsp;<\/p>\n<p>&nbsp;<\/p>\n<p>&nbsp;<\/p>\n<p>&nbsp;<\/p>\n<p>&nbsp;<\/p>\n<p>&nbsp;<\/p>\n<p>&nbsp;<\/p>\n","protected":false},"featured_media":4641,"comment_status":"open","ping_status":"closed","template":"","meta":[],"product_brand":[],"product_cat":[26],"product_tag":[],"class_list":{"0":"post-4727","1":"product","2":"type-product","3":"status-publish","4":"has-post-thumbnail","6":"product_cat-valvulas-automatizadas","8":"first","9":"instock","10":"taxable","11":"shipping-taxable","12":"purchasable","13":"product-type-simple"},"jetpack_sharing_enabled":true,"_links":{"self":[{"href":"https:\/\/www.anythingflows.com\/es\/wp-json\/wp\/v2\/product\/4727","targetHints":{"allow":["GET"]}}],"collection":[{"href":"https:\/\/www.anythingflows.com\/es\/wp-json\/wp\/v2\/product"}],"about":[{"href":"https:\/\/www.anythingflows.com\/es\/wp-json\/wp\/v2\/types\/product"}],"replies":[{"embeddable":true,"href":"https:\/\/www.anythingflows.com\/es\/wp-json\/wp\/v2\/comments?post=4727"}],"wp:featuredmedia":[{"embeddable":true,"href":"https:\/\/www.anythingflows.com\/es\/wp-json\/wp\/v2\/media\/4641"}],"wp:attachment":[{"href":"https:\/\/www.anythingflows.com\/es\/wp-json\/wp\/v2\/media?parent=4727"}],"wp:term":[{"taxonomy":"product_brand","embeddable":true,"href":"https:\/\/www.anythingflows.com\/es\/wp-json\/wp\/v2\/product_brand?post=4727"},{"taxonomy":"product_cat","embeddable":true,"href":"https:\/\/www.anythingflows.com\/es\/wp-json\/wp\/v2\/product_cat?post=4727"},{"taxonomy":"product_tag","embeddable":true,"href":"https:\/\/www.anythingflows.com\/es\/wp-json\/wp\/v2\/product_tag?post=4727"}],"curies":[{"name":"wp","href":"https:\/\/api.w.org\/{rel}","templated":true}]}}