{"id":4656,"date":"2020-05-15T21:52:49","date_gmt":"2020-05-16T02:52:49","guid":{"rendered":"https:\/\/www.anythingflows.com\/es\/?post_type=product&#038;p=4656"},"modified":"2025-04-09T06:48:40","modified_gmt":"2025-04-09T11:48:40","slug":"max-air-vavlulas-automatizadas-acero-al-carbon-m32n-tfm1600-60psi-retorno-por-resorte-1-50","status":"publish","type":"product","link":"https:\/\/www.anythingflows.com\/es\/producto\/max-air-vavlulas-automatizadas-acero-al-carbon-m32n-tfm1600-60psi-retorno-por-resorte-1-50\/","title":{"rendered":"Max-Air &#8211; V\u00e1lvulas automatizadas, Acero al carb\u00f3n M32N &#8211; TFM1600 &#8211; 60PSI Retorno por resorte 1.50&#8243;"},"content":{"rendered":"<p>N\u00famero de pieza: M32N-1M-C60F-S62-MA<\/p>\n<p>Descripci\u00f3n: V\u00e1vlulas automatizadas, Acero al carb\u00f3n M32N &#8211; TFM1600 &#8211; 60PSI Retorno por resorte 1.50&#8243;<\/p>\n<p>Actuador: MT41.S3.F07-F10.CH22<\/p>\n<p>Montaje: DSQ 22X14<\/p>\n<p><a href=\"https:\/\/www.anythingflows.com\/en\/wp-content\/uploads\/2020\/03\/M32_Series_WEB_Sesto_Ball_valves_FPD1.pdf\">SESTO V\u00c1VULA DE BOLA M32 (Ver cat\u00e1logo)<\/a><\/p>\n<p><a href=\"https:\/\/www.anythingflows.com\/en\/wp-content\/uploads\/2020\/04\/MAX-AIR_MT_Series_Actuator_FPD.pdf\">ACTUADORES MT MAX AIR (Ver cat\u00e1logo)<\/a><\/p>\n<p><a href=\"https:\/\/www.anythingflows.com\/en\/wp-content\/uploads\/2020\/06\/CATALOGS_10_22_20_.pdf\">M\u00e1s informaci\u00f3n ac\u00e1<\/a><\/p>\n<p>&nbsp;<\/p>\n","protected":false},"excerpt":{"rendered":"<p>N\u00famero de pieza: M32N-1M-C60F-S62-MA<\/p>\n<p>Descripci\u00f3n: V\u00e1vlulas automatizadas, Acero al carb\u00f3n M32N &#8211; TFM1600 &#8211; 60PSI Retorno por resorte 1.50&#8243;<\/p>\n<p>Actuador: MT41.S3.F07-F10.CH22<\/p>\n<p>Montaje: DSQ 22X14<\/p>\n<p>&nbsp;<\/p>\n<p>&nbsp;<\/p>\n<p>&nbsp;<\/p>\n<p>&nbsp;<\/p>\n<p>&nbsp;<\/p>\n<p>&nbsp;<\/p>\n<p>&nbsp;<\/p>\n<p>&nbsp;<\/p>\n<p>&nbsp;<\/p>\n<p>&nbsp;<\/p>\n<p>&nbsp;<\/p>\n<p>&nbsp;<\/p>\n<p>&nbsp;<\/p>\n<p>&nbsp;<\/p>\n<p>&nbsp;<\/p>\n<p>&nbsp;<\/p>\n<p>&nbsp;<\/p>\n<p>&nbsp;<\/p>\n<p>&nbsp;<\/p>\n","protected":false},"featured_media":4641,"comment_status":"open","ping_status":"closed","template":"","meta":[],"product_brand":[],"product_cat":[26],"product_tag":[],"class_list":{"0":"post-4656","1":"product","2":"type-product","3":"status-publish","4":"has-post-thumbnail","6":"product_cat-valvulas-automatizadas","8":"first","9":"instock","10":"taxable","11":"shipping-taxable","12":"purchasable","13":"product-type-simple"},"jetpack_sharing_enabled":true,"_links":{"self":[{"href":"https:\/\/www.anythingflows.com\/es\/wp-json\/wp\/v2\/product\/4656","targetHints":{"allow":["GET"]}}],"collection":[{"href":"https:\/\/www.anythingflows.com\/es\/wp-json\/wp\/v2\/product"}],"about":[{"href":"https:\/\/www.anythingflows.com\/es\/wp-json\/wp\/v2\/types\/product"}],"replies":[{"embeddable":true,"href":"https:\/\/www.anythingflows.com\/es\/wp-json\/wp\/v2\/comments?post=4656"}],"wp:featuredmedia":[{"embeddable":true,"href":"https:\/\/www.anythingflows.com\/es\/wp-json\/wp\/v2\/media\/4641"}],"wp:attachment":[{"href":"https:\/\/www.anythingflows.com\/es\/wp-json\/wp\/v2\/media?parent=4656"}],"wp:term":[{"taxonomy":"product_brand","embeddable":true,"href":"https:\/\/www.anythingflows.com\/es\/wp-json\/wp\/v2\/product_brand?post=4656"},{"taxonomy":"product_cat","embeddable":true,"href":"https:\/\/www.anythingflows.com\/es\/wp-json\/wp\/v2\/product_cat?post=4656"},{"taxonomy":"product_tag","embeddable":true,"href":"https:\/\/www.anythingflows.com\/es\/wp-json\/wp\/v2\/product_tag?post=4656"}],"curies":[{"name":"wp","href":"https:\/\/api.w.org\/{rel}","templated":true}]}}