{"id":4455,"date":"2020-05-11T18:16:33","date_gmt":"2020-05-11T23:16:33","guid":{"rendered":"https:\/\/www.anythingflows.com\/es\/?post_type=product&#038;p=4455"},"modified":"2025-04-09T07:58:44","modified_gmt":"2025-04-09T12:58:44","slug":"max-air-series-me-on-off-estandar-230vac-7080-in-lbs-25-duty-39s-90-degrees","status":"publish","type":"product","link":"https:\/\/www.anythingflows.com\/es\/producto\/max-air-series-me-on-off-estandar-230vac-7080-in-lbs-25-duty-39s-90-degrees\/","title":{"rendered":"Max-Air &#8211; Series ME, ON\/OFF Est\u00e1ndar &#8211; 230VAC &#8211; 7,080 in-lbs, 25% Duty, 39s @ 90 Degrees"},"content":{"rendered":"<p>Los actuadores el\u00e9ctricos industriales de la serie ME vienen de serie con una carcasa de aluminio NEMA 4 \/ 4X \/ IP67 de alta resistencia, indicador de posici\u00f3n 3D, interruptores de l\u00edmite auxiliares y calentador interno. Los actuadores de la serie ME est\u00e1n disponibles en modelos de 120 VCA o de doble voltaje de 24 VCA \/ 24 VCC para control de encendido \/ apagado \/ avance lento o modulaci\u00f3n. Voltajes adicionales y personalizaciones tambi\u00e9n disponibles.<\/p>\n<p>N\u00famero de pieza: MES44H-230A<\/p>\n<p>Descripci\u00f3n: 7,080 in-lbs, 25% Duty, 39s @ 90 Degrees<\/p>\n<p>ISO Mount: F10-F12<\/p>\n<p>&nbsp;<\/p>\n","protected":false},"excerpt":{"rendered":"<p>Los actuadores el\u00e9ctricos industriales de la serie ME vienen de serie con una carcasa de aluminio NEMA 4 \/ 4X \/ IP67 de alta resistencia, indicador de posici\u00f3n 3D, interruptores de l\u00edmite auxiliares y calentador interno. Los actuadores de la serie ME est\u00e1n disponibles en modelos de 120 VCA o de doble voltaje de 24 VCA \/ 24 VCC para control de encendido \/ apagado \/ avance lento o modulaci\u00f3n. Voltajes adicionales y personalizaciones tambi\u00e9n disponibles.<\/p>\n<p>N\u00famero de pieza: MES44H-230A<\/p>\n<p>Descripci\u00f3n: 7,080 in-lbs, 25% Duty, 39s @ 90 Degrees<\/p>\n<p>ISO Mount: F10-F12<\/p>\n","protected":false},"featured_media":4376,"comment_status":"open","ping_status":"closed","template":"","meta":[],"product_brand":[],"product_cat":[299],"product_tag":[],"class_list":{"0":"post-4455","1":"product","2":"type-product","3":"status-publish","4":"has-post-thumbnail","6":"product_cat-actuadores","8":"first","9":"instock","10":"taxable","11":"shipping-taxable","12":"purchasable","13":"product-type-simple"},"jetpack_sharing_enabled":true,"_links":{"self":[{"href":"https:\/\/www.anythingflows.com\/es\/wp-json\/wp\/v2\/product\/4455","targetHints":{"allow":["GET"]}}],"collection":[{"href":"https:\/\/www.anythingflows.com\/es\/wp-json\/wp\/v2\/product"}],"about":[{"href":"https:\/\/www.anythingflows.com\/es\/wp-json\/wp\/v2\/types\/product"}],"replies":[{"embeddable":true,"href":"https:\/\/www.anythingflows.com\/es\/wp-json\/wp\/v2\/comments?post=4455"}],"wp:featuredmedia":[{"embeddable":true,"href":"https:\/\/www.anythingflows.com\/es\/wp-json\/wp\/v2\/media\/4376"}],"wp:attachment":[{"href":"https:\/\/www.anythingflows.com\/es\/wp-json\/wp\/v2\/media?parent=4455"}],"wp:term":[{"taxonomy":"product_brand","embeddable":true,"href":"https:\/\/www.anythingflows.com\/es\/wp-json\/wp\/v2\/product_brand?post=4455"},{"taxonomy":"product_cat","embeddable":true,"href":"https:\/\/www.anythingflows.com\/es\/wp-json\/wp\/v2\/product_cat?post=4455"},{"taxonomy":"product_tag","embeddable":true,"href":"https:\/\/www.anythingflows.com\/es\/wp-json\/wp\/v2\/product_tag?post=4455"}],"curies":[{"name":"wp","href":"https:\/\/api.w.org\/{rel}","templated":true}]}}