{"id":4415,"date":"2020-05-11T12:04:10","date_gmt":"2020-05-11T17:04:10","guid":{"rendered":"https:\/\/www.anythingflows.com\/es\/?post_type=product&#038;p=4415"},"modified":"2025-04-09T08:02:48","modified_gmt":"2025-04-09T13:02:48","slug":"max-air-series-ae-modular-220vac-1505-in-lbs-100-duty-in-30min-8s-90-degrees","status":"publish","type":"product","link":"https:\/\/www.anythingflows.com\/es\/producto\/max-air-series-ae-modular-220vac-1505-in-lbs-100-duty-in-30min-8s-90-degrees\/","title":{"rendered":"Max-Air &#8211; Series AE, Modular &#8211; 220VAC &#8211; 1,505 in-lbs, 100% Duty in 30min, 8s @ 90 Degrees"},"content":{"rendered":"<p>Los actuadores el\u00e9ctricos de la serie AE vienen est\u00e1ndar con una tapa semitransparente de policarbonato, indicaci\u00f3n de posici\u00f3n LED, interruptores de l\u00edmite auxiliares y calentador de espacio. Los actuadores de encendido \/ apagado de la serie AE est\u00e1n disponibles en una amplia gama de voltajes y pueden equiparse especialmente con motores de doble voltaje, acci\u00f3n r\u00e1pida o servicio extendido. Los actuadores moduladores de la serie AE est\u00e1n dise\u00f1ados para la m\u00e1xima flexibilidad y conveniencia, con entradas y salidas seleccionables de 4-20 mA o 0-10 V, ajuste de sensibilidad y ajuste de parada de posici\u00f3n f\u00e1cil.<\/p>\n<p>N\u00famero de pieza: AEM03A-M1-220VAC<\/p>\n<p>Descripci\u00f3n: 1,505 in-lbs, 100% Duty in 30min, 8s @ 90 Degrees<\/p>\n<p>ISO Mount: F05-F07<\/p>\n<p>&nbsp;<\/p>\n","protected":false},"excerpt":{"rendered":"<p>Los actuadores el\u00e9ctricos de la serie AE vienen est\u00e1ndar con una tapa semitransparente de policarbonato, indicaci\u00f3n de posici\u00f3n LED, interruptores de l\u00edmite auxiliares y calentador de espacio. Los actuadores de encendido \/ apagado de la serie AE est\u00e1n disponibles en una amplia gama de voltajes y pueden equiparse especialmente con motores de doble voltaje, acci\u00f3n r\u00e1pida o servicio extendido. Los actuadores moduladores de la serie AE est\u00e1n dise\u00f1ados para la m\u00e1xima flexibilidad y conveniencia, con entradas y salidas seleccionables de 4-20 mA o 0-10 V, ajuste de sensibilidad y ajuste de parada de posici\u00f3n f\u00e1cil.<\/p>\n<p>N\u00famero de pieza: AEM03A-M1-220VAC<\/p>\n<p>Descripci\u00f3n: 1,505 in-lbs, 100% Duty in 30min, 8s @ 90 Degrees<\/p>\n<p>ISO Mount: F05-F07<\/p>\n","protected":false},"featured_media":4376,"comment_status":"open","ping_status":"closed","template":"","meta":[],"product_brand":[],"product_cat":[299],"product_tag":[],"class_list":{"0":"post-4415","1":"product","2":"type-product","3":"status-publish","4":"has-post-thumbnail","6":"product_cat-actuadores","8":"first","9":"instock","10":"taxable","11":"shipping-taxable","12":"purchasable","13":"product-type-simple"},"jetpack_sharing_enabled":true,"_links":{"self":[{"href":"https:\/\/www.anythingflows.com\/es\/wp-json\/wp\/v2\/product\/4415","targetHints":{"allow":["GET"]}}],"collection":[{"href":"https:\/\/www.anythingflows.com\/es\/wp-json\/wp\/v2\/product"}],"about":[{"href":"https:\/\/www.anythingflows.com\/es\/wp-json\/wp\/v2\/types\/product"}],"replies":[{"embeddable":true,"href":"https:\/\/www.anythingflows.com\/es\/wp-json\/wp\/v2\/comments?post=4415"}],"wp:featuredmedia":[{"embeddable":true,"href":"https:\/\/www.anythingflows.com\/es\/wp-json\/wp\/v2\/media\/4376"}],"wp:attachment":[{"href":"https:\/\/www.anythingflows.com\/es\/wp-json\/wp\/v2\/media?parent=4415"}],"wp:term":[{"taxonomy":"product_brand","embeddable":true,"href":"https:\/\/www.anythingflows.com\/es\/wp-json\/wp\/v2\/product_brand?post=4415"},{"taxonomy":"product_cat","embeddable":true,"href":"https:\/\/www.anythingflows.com\/es\/wp-json\/wp\/v2\/product_cat?post=4415"},{"taxonomy":"product_tag","embeddable":true,"href":"https:\/\/www.anythingflows.com\/es\/wp-json\/wp\/v2\/product_tag?post=4415"}],"curies":[{"name":"wp","href":"https:\/\/api.w.org\/{rel}","templated":true}]}}