{"id":4336,"date":"2020-05-10T12:16:23","date_gmt":"2020-05-10T17:16:23","guid":{"rendered":"https:\/\/www.anythingflows.com\/es\/?post_type=product&#038;p=4336"},"modified":"2025-04-09T08:06:53","modified_gmt":"2025-04-09T13:06:53","slug":"max-air-posicionadores-inteligentes-opciones-mayt-3400-40-c-a-85-c-opcion-de-baja-temperatura-ambiente","status":"publish","type":"product","link":"https:\/\/www.anythingflows.com\/es\/producto\/max-air-posicionadores-inteligentes-opciones-mayt-3400-40-c-a-85-c-opcion-de-baja-temperatura-ambiente\/","title":{"rendered":"Max-Air &#8211; Posicionadores inteligentes &#8211; Opciones MAYT-3400 &#8211; -40 \u00b0C A 85 \u00b0C Opci\u00f3n de baja temperatura ambiente"},"content":{"rendered":"<p>La tecnolog\u00eda Max-Air ofrece una gama completa de equipos de posicionamiento que se utilizan para controlar la posici\u00f3n de una v\u00e1lvula (bola, mariposa y globo) de modo que un proceso determinado logre ciertos par\u00e1metros de flujo deseados. Un ejemplo de este tipo de control de posicionamiento incluir\u00e1 la mezcla de agua fr\u00eda y caliente, de modo que se logre un requisito espec\u00edfico de temperatura aguas abajo. Consulte los ensamblajes en T de 3 v\u00edas Max-Air para ver ejemplos espec\u00edficos. Otros par\u00e1metros que pueden controlarse son los caudales y la presi\u00f3n, as\u00ed como otros. Se ofrecen muchos tipos diferentes de modelos, incluidos los posicionadores neum\u00e1ticos, electroneum\u00e1ticos, intr\u00ednsecamente seguros, a prueba de explosi\u00f3n y de tipo inteligente.<\/p>\n<p>N\u00famero de pieza: LOW TEMP<\/p>\n<p>Descripci\u00f3n: -40 \u00b0C A 85 \u00b0C Opci\u00f3n de baja temperatura ambiente<\/p>\n<p>&nbsp;<\/p>\n","protected":false},"excerpt":{"rendered":"<p>La tecnolog\u00eda Max-Air ofrece una gama completa de equipos de posicionamiento que se utilizan para controlar la posici\u00f3n de una v\u00e1lvula (bola, mariposa y globo) de modo que un proceso determinado logre ciertos par\u00e1metros de flujo deseados. Un ejemplo de este tipo de control de posicionamiento incluir\u00e1 la mezcla de agua fr\u00eda y caliente, de modo que se logre un requisito espec\u00edfico de temperatura aguas abajo. Consulte los ensamblajes en T de 3 v\u00edas Max-Air para ver ejemplos espec\u00edficos. Otros par\u00e1metros que pueden controlarse son los caudales y la presi\u00f3n, as\u00ed como otros. Se ofrecen muchos tipos diferentes de modelos, incluidos los posicionadores neum\u00e1ticos, electroneum\u00e1ticos, intr\u00ednsecamente seguros, a prueba de explosi\u00f3n y de tipo inteligente.<\/p>\n<p>N\u00famero de pieza: LOW TEMP<\/p>\n<p>Descripci\u00f3n: -40 \u00b0C A 85 \u00b0C Opci\u00f3n de baja temperatura ambiente<\/p>\n<p>&nbsp;<\/p>\n<p>&nbsp;<\/p>\n<p>&nbsp;<\/p>\n","protected":false},"featured_media":4331,"comment_status":"open","ping_status":"closed","template":"","meta":[],"product_brand":[],"product_cat":[24],"product_tag":[],"class_list":{"0":"post-4336","1":"product","2":"type-product","3":"status-publish","4":"has-post-thumbnail","6":"product_cat-instrumentos","8":"first","9":"instock","10":"taxable","11":"shipping-taxable","12":"purchasable","13":"product-type-simple"},"jetpack_sharing_enabled":true,"_links":{"self":[{"href":"https:\/\/www.anythingflows.com\/es\/wp-json\/wp\/v2\/product\/4336","targetHints":{"allow":["GET"]}}],"collection":[{"href":"https:\/\/www.anythingflows.com\/es\/wp-json\/wp\/v2\/product"}],"about":[{"href":"https:\/\/www.anythingflows.com\/es\/wp-json\/wp\/v2\/types\/product"}],"replies":[{"embeddable":true,"href":"https:\/\/www.anythingflows.com\/es\/wp-json\/wp\/v2\/comments?post=4336"}],"wp:featuredmedia":[{"embeddable":true,"href":"https:\/\/www.anythingflows.com\/es\/wp-json\/wp\/v2\/media\/4331"}],"wp:attachment":[{"href":"https:\/\/www.anythingflows.com\/es\/wp-json\/wp\/v2\/media?parent=4336"}],"wp:term":[{"taxonomy":"product_brand","embeddable":true,"href":"https:\/\/www.anythingflows.com\/es\/wp-json\/wp\/v2\/product_brand?post=4336"},{"taxonomy":"product_cat","embeddable":true,"href":"https:\/\/www.anythingflows.com\/es\/wp-json\/wp\/v2\/product_cat?post=4336"},{"taxonomy":"product_tag","embeddable":true,"href":"https:\/\/www.anythingflows.com\/es\/wp-json\/wp\/v2\/product_tag?post=4336"}],"curies":[{"name":"wp","href":"https:\/\/api.w.org\/{rel}","templated":true}]}}