{"id":4334,"date":"2020-05-10T12:09:33","date_gmt":"2020-05-10T17:09:33","guid":{"rendered":"https:\/\/www.anythingflows.com\/es\/?post_type=product&#038;p=4334"},"modified":"2025-04-09T08:06:54","modified_gmt":"2025-04-09T13:06:54","slug":"max-air-posicionadores-inteligentes-mayt-3300-ubicaciones-peligrosas-ip66-nema-4x-retorno-por-resorte-clase-1-div-1-aprobaciones-csa-fm-2","status":"publish","type":"product","link":"https:\/\/www.anythingflows.com\/es\/producto\/max-air-posicionadores-inteligentes-mayt-3300-ubicaciones-peligrosas-ip66-nema-4x-retorno-por-resorte-clase-1-div-1-aprobaciones-csa-fm-2\/","title":{"rendered":"Max-Air &#8211; Posicionadores inteligentes &#8211; MAYT-3300, Ubicaciones peligrosas &#8211; IP66 \/ NEMA 4X, retorno por resorte, clase 1 Div 1 Aprobaciones CSA \/ FM"},"content":{"rendered":"<p>La tecnolog\u00eda Max-Air ofrece una gama completa de equipos de posicionamiento que se utilizan para controlar la posici\u00f3n de una v\u00e1lvula (bola, mariposa y globo) de modo que un proceso determinado logre ciertos par\u00e1metros de flujo deseados. Un ejemplo de este tipo de control de posicionamiento incluir\u00e1 la mezcla de agua fr\u00eda y caliente, de modo que se logre un requisito espec\u00edfico de temperatura aguas abajo. Consulte los ensamblajes en T de 3 v\u00edas Max-Air para ver ejemplos espec\u00edficos. Otros par\u00e1metros que pueden controlarse son los caudales y la presi\u00f3n, as\u00ed como otros. Se ofrecen muchos tipos diferentes de modelos, incluidos los posicionadores neum\u00e1ticos, electroneum\u00e1ticos, intr\u00ednsecamente seguros, a prueba de explosi\u00f3n y de tipo inteligente.<\/p>\n<p>N\u00famero de pieza: MAYT-3450RDA5200S<\/p>\n<p>Descripci\u00f3n: Posicionador rotativo inteligente, a prueba de explosiones, caja de acero inoxidable IP66 \/ NEMA 4X, retorno por resorte, clase 1 Div 1 Aprobaciones CSA \/ FM, soporte NAMUR, temperatura est\u00e1ndar, sin opciones de retroalimentaci\u00f3n<\/p>\n<p>&nbsp;<\/p>\n","protected":false},"excerpt":{"rendered":"<p>La tecnolog\u00eda Max-Air ofrece una gama completa de equipos de posicionamiento que se utilizan para controlar la posici\u00f3n de una v\u00e1lvula (bola, mariposa y globo) de modo que un proceso determinado logre ciertos par\u00e1metros de flujo deseados. Un ejemplo de este tipo de control de posicionamiento incluir\u00e1 la mezcla de agua fr\u00eda y caliente, de modo que se logre un requisito espec\u00edfico de temperatura aguas abajo. Consulte los ensamblajes en T de 3 v\u00edas Max-Air para ver ejemplos espec\u00edficos. Otros par\u00e1metros que pueden controlarse son los caudales y la presi\u00f3n, as\u00ed como otros. Se ofrecen muchos tipos diferentes de modelos, incluidos los posicionadores neum\u00e1ticos, electroneum\u00e1ticos, intr\u00ednsecamente seguros, a prueba de explosi\u00f3n y de tipo inteligente.<\/p>\n<p>N\u00famero de pieza: MAYT-3450RDA5200S<\/p>\n<p>Descripci\u00f3n: Posicionador rotativo inteligente, a prueba de explosiones, caja de acero inoxidable IP66 \/ NEMA 4X, retorno por resorte, clase 1 Div 1 Aprobaciones CSA \/ FM, soporte NAMUR, temperatura est\u00e1ndar, sin opciones de retroalimentaci\u00f3n<\/p>\n","protected":false},"featured_media":4331,"comment_status":"open","ping_status":"closed","template":"","meta":[],"product_brand":[],"product_cat":[24],"product_tag":[],"class_list":{"0":"post-4334","1":"product","2":"type-product","3":"status-publish","4":"has-post-thumbnail","6":"product_cat-instrumentos","8":"first","9":"instock","10":"taxable","11":"shipping-taxable","12":"purchasable","13":"product-type-simple"},"jetpack_sharing_enabled":true,"_links":{"self":[{"href":"https:\/\/www.anythingflows.com\/es\/wp-json\/wp\/v2\/product\/4334","targetHints":{"allow":["GET"]}}],"collection":[{"href":"https:\/\/www.anythingflows.com\/es\/wp-json\/wp\/v2\/product"}],"about":[{"href":"https:\/\/www.anythingflows.com\/es\/wp-json\/wp\/v2\/types\/product"}],"replies":[{"embeddable":true,"href":"https:\/\/www.anythingflows.com\/es\/wp-json\/wp\/v2\/comments?post=4334"}],"wp:featuredmedia":[{"embeddable":true,"href":"https:\/\/www.anythingflows.com\/es\/wp-json\/wp\/v2\/media\/4331"}],"wp:attachment":[{"href":"https:\/\/www.anythingflows.com\/es\/wp-json\/wp\/v2\/media?parent=4334"}],"wp:term":[{"taxonomy":"product_brand","embeddable":true,"href":"https:\/\/www.anythingflows.com\/es\/wp-json\/wp\/v2\/product_brand?post=4334"},{"taxonomy":"product_cat","embeddable":true,"href":"https:\/\/www.anythingflows.com\/es\/wp-json\/wp\/v2\/product_cat?post=4334"},{"taxonomy":"product_tag","embeddable":true,"href":"https:\/\/www.anythingflows.com\/es\/wp-json\/wp\/v2\/product_tag?post=4334"}],"curies":[{"name":"wp","href":"https:\/\/api.w.org\/{rel}","templated":true}]}}