{"id":4308,"date":"2020-05-10T08:40:44","date_gmt":"2020-05-10T13:40:44","guid":{"rendered":"https:\/\/www.anythingflows.com\/es\/?post_type=product&#038;p=4308"},"modified":"2025-04-09T08:11:54","modified_gmt":"2025-04-09T13:11:54","slug":"max-air-posicionadores-estandar-posicionadores-electroneumaticos-de-4-20-ma-carcasa-de-aluminio-giratorio-l-s-interno-con-indicador-de-cupula-con-indicador-y-soporte-de-montaje-namur","status":"publish","type":"product","link":"https:\/\/www.anythingflows.com\/es\/producto\/max-air-posicionadores-estandar-posicionadores-electroneumaticos-de-4-20-ma-carcasa-de-aluminio-giratorio-l-s-interno-con-indicador-de-cupula-con-indicador-y-soporte-de-montaje-namur\/","title":{"rendered":"Max-Air &#8211; Posicionadores est\u00e1ndar, Posicionadores electroneum\u00e1ticos de 4-20 mA &#8211; Carcasa de aluminio, giratorio, L \/ S interno con indicador de c\u00fapula, con indicador y soporte de montaje NAMUR"},"content":{"rendered":"<p>La tecnolog\u00eda Max-Air ofrece una gama completa de equipos de posicionamiento que se utilizan para controlar la posici\u00f3n de una v\u00e1lvula (bola, mariposa y globo) de modo que un proceso determinado logre ciertos par\u00e1metros de flujo deseados. Un ejemplo de este tipo de control de posicionamiento incluir\u00e1 la mezcla de agua fr\u00eda y caliente, de modo que se logre un requisito espec\u00edfico de temperatura aguas abajo. Consulte los ensamblajes en T de 3 v\u00edas Max-Air para ver ejemplos espec\u00edficos. Otros par\u00e1metros que pueden controlarse son los caudales y la presi\u00f3n, as\u00ed como otros. Se ofrecen muchos tipos diferentes de modelos, incluidos los posicionadores neum\u00e1ticos, electroneum\u00e1ticos, intr\u00ednsecamente seguros, a prueba de explosi\u00f3n y de tipo inteligente.<\/p>\n<p>N\u00famero de pieza: PEY02<\/p>\n<p>Descripci\u00f3n: Carcasa de aluminio, giratorio, L \/ S interno con indicador de c\u00fapula, con indicador y soporte de montaje NAMUR<\/p>\n<p>&nbsp;<\/p>\n","protected":false},"excerpt":{"rendered":"<p>La tecnolog\u00eda Max-Air ofrece una gama completa de equipos de posicionamiento que se utilizan para controlar la posici\u00f3n de una v\u00e1lvula (bola, mariposa y globo) de modo que un proceso determinado logre ciertos par\u00e1metros de flujo deseados. Un ejemplo de este tipo de control de posicionamiento incluir\u00e1 la mezcla de agua fr\u00eda y caliente, de modo que se logre un requisito espec\u00edfico de temperatura aguas abajo. Consulte los ensamblajes en T de 3 v\u00edas Max-Air para ver ejemplos espec\u00edficos. Otros par\u00e1metros que pueden controlarse son los caudales y la presi\u00f3n, as\u00ed como otros. Se ofrecen muchos tipos diferentes de modelos, incluidos los posicionadores neum\u00e1ticos, electroneum\u00e1ticos, intr\u00ednsecamente seguros, a prueba de explosi\u00f3n y de tipo inteligente.<\/p>\n<p>N\u00famero de pieza: PEY02<\/p>\n<p>Descripci\u00f3n: Carcasa de aluminio, giratorio, L \/ S interno con indicador de c\u00fapula, con indicador y soporte de montaje NAMUR<\/p>\n<p>&nbsp;<\/p>\n<p>&nbsp;<\/p>\n<p>&nbsp;<\/p>\n","protected":false},"featured_media":0,"comment_status":"open","ping_status":"closed","template":"","meta":[],"product_brand":[],"product_cat":[24],"product_tag":[],"class_list":{"0":"post-4308","1":"product","2":"type-product","3":"status-publish","5":"product_cat-instrumentos","7":"first","8":"instock","9":"taxable","10":"shipping-taxable","11":"purchasable","12":"product-type-simple"},"jetpack_sharing_enabled":true,"_links":{"self":[{"href":"https:\/\/www.anythingflows.com\/es\/wp-json\/wp\/v2\/product\/4308","targetHints":{"allow":["GET"]}}],"collection":[{"href":"https:\/\/www.anythingflows.com\/es\/wp-json\/wp\/v2\/product"}],"about":[{"href":"https:\/\/www.anythingflows.com\/es\/wp-json\/wp\/v2\/types\/product"}],"replies":[{"embeddable":true,"href":"https:\/\/www.anythingflows.com\/es\/wp-json\/wp\/v2\/comments?post=4308"}],"wp:attachment":[{"href":"https:\/\/www.anythingflows.com\/es\/wp-json\/wp\/v2\/media?parent=4308"}],"wp:term":[{"taxonomy":"product_brand","embeddable":true,"href":"https:\/\/www.anythingflows.com\/es\/wp-json\/wp\/v2\/product_brand?post=4308"},{"taxonomy":"product_cat","embeddable":true,"href":"https:\/\/www.anythingflows.com\/es\/wp-json\/wp\/v2\/product_cat?post=4308"},{"taxonomy":"product_tag","embeddable":true,"href":"https:\/\/www.anythingflows.com\/es\/wp-json\/wp\/v2\/product_tag?post=4308"}],"curies":[{"name":"wp","href":"https:\/\/api.w.org\/{rel}","templated":true}]}}