{"id":4266,"date":"2020-05-08T22:05:21","date_gmt":"2020-05-09T03:05:21","guid":{"rendered":"https:\/\/www.anythingflows.com\/es\/?post_type=product&#038;p=4266"},"modified":"2025-04-09T08:12:06","modified_gmt":"2025-04-09T13:12:06","slug":"max-air-piezas-de-repuesto-ut19-ut21-arandela-de-acero-inoxidable-con-brida-de-pinon-inferior","status":"publish","type":"product","link":"https:\/\/www.anythingflows.com\/es\/producto\/max-air-piezas-de-repuesto-ut19-ut21-arandela-de-acero-inoxidable-con-brida-de-pinon-inferior\/","title":{"rendered":"Max-Air &#8211; Piezas de repuesto &#8211; UT19\/UT21 Arandela de acero inoxidable con brida de pi\u00f1\u00f3n inferior"},"content":{"rendered":"<p>N\u00famero de pieza: UT19\/21 SS WASHER<\/p>\n<p>Descripci\u00f3n: UT19\/UT21 Arandela de acero inoxidable con brida de pi\u00f1\u00f3n inferior<\/p>\n","protected":false},"excerpt":{"rendered":"<p>N\u00famero de pieza: UT19\/21 SS WASHER<\/p>\n<p>Descripci\u00f3n: UT19\/UT21 Arandela de acero inoxidable con brida de pi\u00f1\u00f3n inferior<\/p>\n<p>&nbsp;<\/p>\n<p>&nbsp;<\/p>\n<p>&nbsp;<\/p>\n","protected":false},"featured_media":4040,"comment_status":"open","ping_status":"closed","template":"","meta":[],"product_brand":[],"product_cat":[24],"product_tag":[],"class_list":{"0":"post-4266","1":"product","2":"type-product","3":"status-publish","4":"has-post-thumbnail","6":"product_cat-instrumentos","8":"first","9":"instock","10":"taxable","11":"shipping-taxable","12":"purchasable","13":"product-type-simple"},"jetpack_sharing_enabled":true,"_links":{"self":[{"href":"https:\/\/www.anythingflows.com\/es\/wp-json\/wp\/v2\/product\/4266","targetHints":{"allow":["GET"]}}],"collection":[{"href":"https:\/\/www.anythingflows.com\/es\/wp-json\/wp\/v2\/product"}],"about":[{"href":"https:\/\/www.anythingflows.com\/es\/wp-json\/wp\/v2\/types\/product"}],"replies":[{"embeddable":true,"href":"https:\/\/www.anythingflows.com\/es\/wp-json\/wp\/v2\/comments?post=4266"}],"wp:featuredmedia":[{"embeddable":true,"href":"https:\/\/www.anythingflows.com\/es\/wp-json\/wp\/v2\/media\/4040"}],"wp:attachment":[{"href":"https:\/\/www.anythingflows.com\/es\/wp-json\/wp\/v2\/media?parent=4266"}],"wp:term":[{"taxonomy":"product_brand","embeddable":true,"href":"https:\/\/www.anythingflows.com\/es\/wp-json\/wp\/v2\/product_brand?post=4266"},{"taxonomy":"product_cat","embeddable":true,"href":"https:\/\/www.anythingflows.com\/es\/wp-json\/wp\/v2\/product_cat?post=4266"},{"taxonomy":"product_tag","embeddable":true,"href":"https:\/\/www.anythingflows.com\/es\/wp-json\/wp\/v2\/product_tag?post=4266"}],"curies":[{"name":"wp","href":"https:\/\/api.w.org\/{rel}","templated":true}]}}