{"id":4183,"date":"2020-05-08T08:40:55","date_gmt":"2020-05-08T13:40:55","guid":{"rendered":"https:\/\/www.anythingflows.com\/es\/?post_type=product&#038;p=4183"},"modified":"2025-04-09T08:16:26","modified_gmt":"2025-04-09T13:16:26","slug":"max-air-mt-ut-pinones-doble-d-y-con-llave-pinon-iso-mt-ut-16-con-dd-o-unidad-hembra-maquinada","status":"publish","type":"product","link":"https:\/\/www.anythingflows.com\/es\/producto\/max-air-mt-ut-pinones-doble-d-y-con-llave-pinon-iso-mt-ut-16-con-dd-o-unidad-hembra-maquinada\/","title":{"rendered":"Max-Air &#8211; MT\/UT Pi\u00f1ones Doble-D y con llave &#8211; Pi\u00f1\u00f3n ISO MT\/UT 16 con DD o unidad hembra maquinada"},"content":{"rendered":"<p>N\u00famero de pieza: 16.DD\/KYWY.PINION<\/p>\n<p>Descripci\u00f3n: Pi\u00f1\u00f3n ISO MT \/ UT 16 con DD o unidad hembra maquinada<\/p>\n","protected":false},"excerpt":{"rendered":"<p>N\u00famero de pieza: 16.DD\/KYWY.PINION<\/p>\n<p>Descripci\u00f3n: Pi\u00f1\u00f3n ISO MT\/UT 16 con DD o unidad hembra maquinada<\/p>\n<p>&nbsp;<\/p>\n<p>&nbsp;<\/p>\n<p>&nbsp;<\/p>\n","protected":false},"featured_media":4040,"comment_status":"open","ping_status":"closed","template":"","meta":[],"product_brand":[],"product_cat":[24],"product_tag":[],"class_list":{"0":"post-4183","1":"product","2":"type-product","3":"status-publish","4":"has-post-thumbnail","6":"product_cat-instrumentos","8":"first","9":"instock","10":"taxable","11":"shipping-taxable","12":"purchasable","13":"product-type-simple"},"jetpack_sharing_enabled":true,"_links":{"self":[{"href":"https:\/\/www.anythingflows.com\/es\/wp-json\/wp\/v2\/product\/4183","targetHints":{"allow":["GET"]}}],"collection":[{"href":"https:\/\/www.anythingflows.com\/es\/wp-json\/wp\/v2\/product"}],"about":[{"href":"https:\/\/www.anythingflows.com\/es\/wp-json\/wp\/v2\/types\/product"}],"replies":[{"embeddable":true,"href":"https:\/\/www.anythingflows.com\/es\/wp-json\/wp\/v2\/comments?post=4183"}],"wp:featuredmedia":[{"embeddable":true,"href":"https:\/\/www.anythingflows.com\/es\/wp-json\/wp\/v2\/media\/4040"}],"wp:attachment":[{"href":"https:\/\/www.anythingflows.com\/es\/wp-json\/wp\/v2\/media?parent=4183"}],"wp:term":[{"taxonomy":"product_brand","embeddable":true,"href":"https:\/\/www.anythingflows.com\/es\/wp-json\/wp\/v2\/product_brand?post=4183"},{"taxonomy":"product_cat","embeddable":true,"href":"https:\/\/www.anythingflows.com\/es\/wp-json\/wp\/v2\/product_cat?post=4183"},{"taxonomy":"product_tag","embeddable":true,"href":"https:\/\/www.anythingflows.com\/es\/wp-json\/wp\/v2\/product_tag?post=4183"}],"curies":[{"name":"wp","href":"https:\/\/api.w.org\/{rel}","templated":true}]}}