{"id":4168,"date":"2020-05-08T08:17:20","date_gmt":"2020-05-08T13:17:20","guid":{"rendered":"https:\/\/www.anythingflows.com\/es\/?post_type=product&#038;p=4168"},"modified":"2025-04-09T08:16:32","modified_gmt":"2025-04-09T13:16:32","slug":"max-air-pinones-mt-ut-iso-pinon-iso-mt-08-con-unidad-dsq-hembra","status":"publish","type":"product","link":"https:\/\/www.anythingflows.com\/es\/producto\/max-air-pinones-mt-ut-iso-pinon-iso-mt-08-con-unidad-dsq-hembra\/","title":{"rendered":"Max-Air &#8211; Pi\u00f1ones MT\/UT ISO &#8211; Pi\u00f1\u00f3n ISO MT 08 con unidad DSQ hembra"},"content":{"rendered":"<p>N\u00famero de pieza: MT08.ISO.PINION<\/p>\n<p>Descripci\u00f3n: Pi\u00f1\u00f3n ISO MT 08 con unidad DSQ hembra<\/p>\n<p>&nbsp;<\/p>\n","protected":false},"excerpt":{"rendered":"<p>N\u00famero de pieza: MT08.ISO.PINION<\/p>\n<p>Descripci\u00f3n: Pi\u00f1\u00f3n ISO MT 08 con unidad DSQ hembra<\/p>\n<p>&nbsp;<\/p>\n<p>&nbsp;<\/p>\n<p>&nbsp;<\/p>\n<p>&nbsp;<\/p>\n","protected":false},"featured_media":4040,"comment_status":"open","ping_status":"closed","template":"","meta":[],"product_brand":[],"product_cat":[24],"product_tag":[],"class_list":{"0":"post-4168","1":"product","2":"type-product","3":"status-publish","4":"has-post-thumbnail","6":"product_cat-instrumentos","8":"first","9":"instock","10":"taxable","11":"shipping-taxable","12":"purchasable","13":"product-type-simple"},"jetpack_sharing_enabled":true,"_links":{"self":[{"href":"https:\/\/www.anythingflows.com\/es\/wp-json\/wp\/v2\/product\/4168","targetHints":{"allow":["GET"]}}],"collection":[{"href":"https:\/\/www.anythingflows.com\/es\/wp-json\/wp\/v2\/product"}],"about":[{"href":"https:\/\/www.anythingflows.com\/es\/wp-json\/wp\/v2\/types\/product"}],"replies":[{"embeddable":true,"href":"https:\/\/www.anythingflows.com\/es\/wp-json\/wp\/v2\/comments?post=4168"}],"wp:featuredmedia":[{"embeddable":true,"href":"https:\/\/www.anythingflows.com\/es\/wp-json\/wp\/v2\/media\/4040"}],"wp:attachment":[{"href":"https:\/\/www.anythingflows.com\/es\/wp-json\/wp\/v2\/media?parent=4168"}],"wp:term":[{"taxonomy":"product_brand","embeddable":true,"href":"https:\/\/www.anythingflows.com\/es\/wp-json\/wp\/v2\/product_brand?post=4168"},{"taxonomy":"product_cat","embeddable":true,"href":"https:\/\/www.anythingflows.com\/es\/wp-json\/wp\/v2\/product_cat?post=4168"},{"taxonomy":"product_tag","embeddable":true,"href":"https:\/\/www.anythingflows.com\/es\/wp-json\/wp\/v2\/product_tag?post=4168"}],"curies":[{"name":"wp","href":"https:\/\/api.w.org\/{rel}","templated":true}]}}