{"id":4128,"date":"2020-05-07T22:38:29","date_gmt":"2020-05-08T03:38:29","guid":{"rendered":"https:\/\/www.anythingflows.com\/es\/?post_type=product&#038;p=4128"},"modified":"2025-04-09T08:17:57","modified_gmt":"2025-04-09T13:17:57","slug":"max-air-mt-ut-usa-rodamientos-y-patines-kit-de-rodamientos-y-patines-mt76","status":"publish","type":"product","link":"https:\/\/www.anythingflows.com\/es\/producto\/max-air-mt-ut-usa-rodamientos-y-patines-kit-de-rodamientos-y-patines-mt76\/","title":{"rendered":"Max-Air &#8211; MT \/ UT &#8211; Subcomponentes de sacrifico de uso &#8211; Kit Subcomponentes de sacrifico de uso MT76"},"content":{"rendered":"<p>Rodamiento de desgaste del pist\u00f3n, pat\u00edn del pist\u00f3n, rodamiento del pi\u00f1\u00f3n inferior y rodamiento del pi\u00f1\u00f3n superior<\/p>\n<p>N\u00famero de pieza: MT76-S-B<\/p>\n<p>Descripci\u00f3n: Kit Subcomponentes de sacrifico de uso MT76<\/p>\n<p>&nbsp;<\/p>\n","protected":false},"excerpt":{"rendered":"<p>Rodamiento de desgaste del pist\u00f3n, pat\u00edn del pist\u00f3n, rodamiento del pi\u00f1\u00f3n inferior y rodamiento del pi\u00f1\u00f3n superior<\/p>\n<p>N\u00famero de pieza: MT76-S-B<\/p>\n<p>Descripci\u00f3n: Kit Subcomponentes de sacrifico de uso MT76<\/p>\n<p>&nbsp;<\/p>\n<p>&nbsp;<\/p>\n","protected":false},"featured_media":4040,"comment_status":"open","ping_status":"closed","template":"","meta":[],"product_brand":[],"product_cat":[24],"product_tag":[],"class_list":{"0":"post-4128","1":"product","2":"type-product","3":"status-publish","4":"has-post-thumbnail","6":"product_cat-instrumentos","8":"first","9":"instock","10":"taxable","11":"shipping-taxable","12":"purchasable","13":"product-type-simple"},"jetpack_sharing_enabled":true,"_links":{"self":[{"href":"https:\/\/www.anythingflows.com\/es\/wp-json\/wp\/v2\/product\/4128","targetHints":{"allow":["GET"]}}],"collection":[{"href":"https:\/\/www.anythingflows.com\/es\/wp-json\/wp\/v2\/product"}],"about":[{"href":"https:\/\/www.anythingflows.com\/es\/wp-json\/wp\/v2\/types\/product"}],"replies":[{"embeddable":true,"href":"https:\/\/www.anythingflows.com\/es\/wp-json\/wp\/v2\/comments?post=4128"}],"wp:featuredmedia":[{"embeddable":true,"href":"https:\/\/www.anythingflows.com\/es\/wp-json\/wp\/v2\/media\/4040"}],"wp:attachment":[{"href":"https:\/\/www.anythingflows.com\/es\/wp-json\/wp\/v2\/media?parent=4128"}],"wp:term":[{"taxonomy":"product_brand","embeddable":true,"href":"https:\/\/www.anythingflows.com\/es\/wp-json\/wp\/v2\/product_brand?post=4128"},{"taxonomy":"product_cat","embeddable":true,"href":"https:\/\/www.anythingflows.com\/es\/wp-json\/wp\/v2\/product_cat?post=4128"},{"taxonomy":"product_tag","embeddable":true,"href":"https:\/\/www.anythingflows.com\/es\/wp-json\/wp\/v2\/product_tag?post=4128"}],"curies":[{"name":"wp","href":"https:\/\/api.w.org\/{rel}","templated":true}]}}