{"id":3902,"date":"2020-05-04T13:30:48","date_gmt":"2020-05-04T18:30:48","guid":{"rendered":"https:\/\/www.anythingflows.com\/es\/?post_type=product&#038;p=3902"},"modified":"2025-04-09T08:34:34","modified_gmt":"2025-04-09T13:34:34","slug":"max-air-shd-series-baja-temp-doble-accion-simetrica-shd30-u048011-tamano-del-cilindro-048","status":"publish","type":"product","link":"https:\/\/www.anythingflows.com\/es\/producto\/max-air-shd-series-baja-temp-doble-accion-simetrica-shd30-u048011-tamano-del-cilindro-048\/","title":{"rendered":"Max-Air &#8211; SHD SERIES Baja Temp &#8211; Doble Acci\u00f3n Sim\u00e9trica &#8211; SHD30-U048011 &#8211; Tama\u00f1o del cilindro 048"},"content":{"rendered":"<p>Los actuadores Scotch Yoke de la serie Max-Air Technology de servicio pesado (HD) est\u00e1n disponibles en dos configuraciones distintas: los perfiles de torque de servicio pesado SHD (sim\u00e9trico) y CHD (inclinado) est\u00e1n dise\u00f1ados para funcionar en las aplicaciones m\u00e1s exigentes seg\u00fan los requisitos de la v\u00e1lvula. Dise\u00f1ado para automatizar neum\u00e1ticamente todos los tipos de v\u00e1lvulas de cuarto de vuelta (bola, mariposa, tap\u00f3n, amortiguador), donde se necesitan salidas de par de alta fiabilidad. Doble efecto 13,367 a 2,738,990 in-lbs, Spring Return 5,328 a 1,320,215 inlbs. Consulte las tablas de par para obtener detalles espec\u00edficos.<\/p>\n<p>N\u00famero de pieza: SHD30-U048011<\/p>\n<p>Descripci\u00f3n: Sellos HNBR, Rotaci\u00f3n est\u00e1ndar abierta CCW<\/p>\n<p>Torque: 156212 in-lbs torque final<\/p>\n<p><span data-sheets-value=\"{&quot;1&quot;:2,&quot;2&quot;:&quot;MAXAIR-Scotch Yoke Pneumatic Actuators (see catalog)&quot;}\" data-sheets-userformat=\"{&quot;2&quot;:513,&quot;3&quot;:{&quot;1&quot;:0},&quot;12&quot;:0}\" data-sheets-hyperlink=\"https:\/\/www.anythingflows.com\/en\/wp-content\/uploads\/2020\/05\/MAX-AIR_Scotch_Yoke_Actuator-HD-BROCHURE_FPD.pdf\"><a class=\"in-cell-link\" href=\"https:\/\/www.anythingflows.com\/en\/wp-content\/uploads\/2020\/05\/MAX-AIR_Scotch_Yoke_Actuator-HD-BROCHURE_FPD.pdf\" target=\"_blank\" rel=\"noopener noreferrer\">MAXAIR-Scotch Yoke Pneumatic Actuators (see catalog)<\/a><\/span><\/p>\n","protected":false},"excerpt":{"rendered":"<p>Los actuadores Scotch Yoke de la serie Max-Air Technology de servicio pesado (HD) est\u00e1n disponibles en dos configuraciones distintas: los perfiles de torque de servicio pesado SHD (sim\u00e9trico) y CHD (inclinado) est\u00e1n dise\u00f1ados para funcionar en las aplicaciones m\u00e1s exigentes seg\u00fan los requisitos de la v\u00e1lvula. Dise\u00f1ado para automatizar neum\u00e1ticamente todos los tipos de v\u00e1lvulas de cuarto de vuelta (bola, mariposa, tap\u00f3n, amortiguador), donde se necesitan salidas de par de alta fiabilidad. Doble efecto 13,367 a 2,738,990 in-lbs, Spring Return 5,328 a 1,320,215 inlbs. Consulte las tablas de par para obtener detalles espec\u00edficos.<\/p>\n<p><a href=\"https:\/\/www.anythingflows.com\/es\/wp-content\/uploads\/2018\/03\/MAXHD-BROCHURE.pdf\">Max-Air actuadores neum\u00e1ticos e hidraulicos SHD CHD (ver cat\u00e1logo)<\/a><\/p>\n<p>N\u00famero de pieza: SHD30-U048011<\/p>\n<p>Descripci\u00f3n: Sellos HNBR, Rotaci\u00f3n est\u00e1ndar abierta CCW<\/p>\n<p>Torque: 156212 in-lbs torque final<\/p>\n","protected":false},"featured_media":3762,"comment_status":"open","ping_status":"closed","template":"","meta":[],"product_brand":[],"product_cat":[299],"product_tag":[],"class_list":{"0":"post-3902","1":"product","2":"type-product","3":"status-publish","4":"has-post-thumbnail","6":"product_cat-actuadores","8":"first","9":"instock","10":"taxable","11":"shipping-taxable","12":"purchasable","13":"product-type-simple"},"jetpack_sharing_enabled":true,"_links":{"self":[{"href":"https:\/\/www.anythingflows.com\/es\/wp-json\/wp\/v2\/product\/3902","targetHints":{"allow":["GET"]}}],"collection":[{"href":"https:\/\/www.anythingflows.com\/es\/wp-json\/wp\/v2\/product"}],"about":[{"href":"https:\/\/www.anythingflows.com\/es\/wp-json\/wp\/v2\/types\/product"}],"replies":[{"embeddable":true,"href":"https:\/\/www.anythingflows.com\/es\/wp-json\/wp\/v2\/comments?post=3902"}],"wp:featuredmedia":[{"embeddable":true,"href":"https:\/\/www.anythingflows.com\/es\/wp-json\/wp\/v2\/media\/3762"}],"wp:attachment":[{"href":"https:\/\/www.anythingflows.com\/es\/wp-json\/wp\/v2\/media?parent=3902"}],"wp:term":[{"taxonomy":"product_brand","embeddable":true,"href":"https:\/\/www.anythingflows.com\/es\/wp-json\/wp\/v2\/product_brand?post=3902"},{"taxonomy":"product_cat","embeddable":true,"href":"https:\/\/www.anythingflows.com\/es\/wp-json\/wp\/v2\/product_cat?post=3902"},{"taxonomy":"product_tag","embeddable":true,"href":"https:\/\/www.anythingflows.com\/es\/wp-json\/wp\/v2\/product_tag?post=3902"}],"curies":[{"name":"wp","href":"https:\/\/api.w.org\/{rel}","templated":true}]}}