{"id":3702,"date":"2020-04-26T16:29:31","date_gmt":"2020-04-26T21:29:31","guid":{"rendered":"https:\/\/www.anythingflows.com\/es\/?post_type=product&#038;p=3702"},"modified":"2025-04-09T08:42:36","modified_gmt":"2025-04-09T13:42:36","slug":"max-air-cajas-de-limit-switch-de-la-serie-48-ubicaciones-peligrosas-ms48-140703-interruptor-mecanico-de-carcasa-de-acero-inoxidable-terminales-s-v-individuales-soporte-en-u","status":"publish","type":"product","link":"https:\/\/www.anythingflows.com\/es\/producto\/max-air-cajas-de-limit-switch-de-la-serie-48-ubicaciones-peligrosas-ms48-140703-interruptor-mecanico-de-carcasa-de-acero-inoxidable-terminales-s-v-individuales-soporte-en-u\/","title":{"rendered":"Max-Air &#8211; Cajas de limit switch de la serie 48: Ubicaciones Peligrosas &#8211; MS48-140703 &#8211; Interruptor mec\u00e1nico de carcasa de acero inoxidable, terminales S \/ V individuales, soporte en U"},"content":{"rendered":"<p>Las cajas limit switch de Max-Air ofrecen un c\u00f3modo y confiable switch feedback para conjuntos accionados, para entornos de trabajo est\u00e1ndar o peligrosos. El dise\u00f1o de montaje est\u00e1ndar de NAMUR es compatible con todos los actuadores neum\u00e1ticos Max-Air.<\/p>\n<p>N\u00famero de pieza: MS48-140703<\/p>\n<p>Descripci\u00f3n: Caja de acero inoxidable, 4 x interruptores mec\u00e1nicos chapados en plata SPDT, terminales S \/ V individuales, soporte en U, 1\/2\u201d NPT<\/p>\n<p><span data-sheets-value=\"{&quot;1&quot;:2,&quot;2&quot;:&quot;MAXAIR Limit Switch 45-FPD(ver cat\u00e1logo)&quot;}\" data-sheets-userformat=\"{&quot;2&quot;:1313281,&quot;3&quot;:{&quot;1&quot;:0},&quot;12&quot;:0,&quot;14&quot;:[null,2,1136076],&quot;21&quot;:1,&quot;23&quot;:1}\" data-sheets-hyperlink=\"https:\/\/www.anythingflows.com\/en\/wp-content\/uploads\/2020\/04\/MAX-AIR_Limit_Switch_45-FPD.pdf\"><a class=\"in-cell-link\" href=\"https:\/\/www.anythingflows.com\/en\/wp-content\/uploads\/2020\/04\/MAX-AIR_Limit_Switch_45-FPD.pdf\" target=\"_blank\" rel=\"noopener noreferrer\">MAXAIR Limit Switch 45-FPD(ver cat\u00e1logo)<\/a><\/span><\/p>\n<p><span data-sheets-value=\"{&quot;1&quot;:2,&quot;2&quot;:&quot;MAXAIR Limit switch BE48-BS48-BM48(ver cat\u00e1logo)&quot;}\" data-sheets-userformat=\"{&quot;2&quot;:1313281,&quot;3&quot;:{&quot;1&quot;:0},&quot;12&quot;:0,&quot;14&quot;:[null,2,1136076],&quot;21&quot;:1,&quot;23&quot;:1}\" data-sheets-hyperlink=\"https:\/\/www.anythingflows.com\/en\/wp-content\/uploads\/2020\/04\/MAX-AIR_LIMIT_SWITCHES_BE48-BS48-BM48_2016.pdf\"><a class=\"in-cell-link\" href=\"https:\/\/www.anythingflows.com\/en\/wp-content\/uploads\/2020\/04\/MAX-AIR_LIMIT_SWITCHES_BE48-BS48-BM48_2016.pdf\" target=\"_blank\" rel=\"noopener noreferrer\">MAXAIR Limit switch BE48-BS48-BM48(ver cat\u00e1logo)<\/a><\/span><\/p>\n","protected":false},"excerpt":{"rendered":"<p>Las cajas limit switch de Max-Air ofrecen un c\u00f3modo y confiable switch feedback para conjuntos accionados, para entornos de trabajo est\u00e1ndar o peligrosos. El dise\u00f1o de montaje est\u00e1ndar de NAMUR es compatible con todos los actuadores neum\u00e1ticos Max-Air.<\/p>\n<p>N\u00famero de pieza: MS48-140703<\/p>\n<p>Descripci\u00f3n: Caja de acero inoxidable, 4 x interruptores mec\u00e1nicos chapados en plata SPDT, terminales S \/ V individuales, soporte en U, 1\/2\u201d NPT<\/p>\n","protected":false},"featured_media":3666,"comment_status":"open","ping_status":"closed","template":"","meta":[],"product_brand":[],"product_cat":[24],"product_tag":[],"class_list":{"0":"post-3702","1":"product","2":"type-product","3":"status-publish","4":"has-post-thumbnail","6":"product_cat-instrumentos","8":"first","9":"instock","10":"taxable","11":"shipping-taxable","12":"purchasable","13":"product-type-simple"},"jetpack_sharing_enabled":true,"_links":{"self":[{"href":"https:\/\/www.anythingflows.com\/es\/wp-json\/wp\/v2\/product\/3702","targetHints":{"allow":["GET"]}}],"collection":[{"href":"https:\/\/www.anythingflows.com\/es\/wp-json\/wp\/v2\/product"}],"about":[{"href":"https:\/\/www.anythingflows.com\/es\/wp-json\/wp\/v2\/types\/product"}],"replies":[{"embeddable":true,"href":"https:\/\/www.anythingflows.com\/es\/wp-json\/wp\/v2\/comments?post=3702"}],"wp:featuredmedia":[{"embeddable":true,"href":"https:\/\/www.anythingflows.com\/es\/wp-json\/wp\/v2\/media\/3666"}],"wp:attachment":[{"href":"https:\/\/www.anythingflows.com\/es\/wp-json\/wp\/v2\/media?parent=3702"}],"wp:term":[{"taxonomy":"product_brand","embeddable":true,"href":"https:\/\/www.anythingflows.com\/es\/wp-json\/wp\/v2\/product_brand?post=3702"},{"taxonomy":"product_cat","embeddable":true,"href":"https:\/\/www.anythingflows.com\/es\/wp-json\/wp\/v2\/product_cat?post=3702"},{"taxonomy":"product_tag","embeddable":true,"href":"https:\/\/www.anythingflows.com\/es\/wp-json\/wp\/v2\/product_tag?post=3702"}],"curies":[{"name":"wp","href":"https:\/\/api.w.org\/{rel}","templated":true}]}}