{"id":3576,"date":"2020-04-23T13:37:40","date_gmt":"2020-04-23T18:37:40","guid":{"rendered":"https:\/\/www.anythingflows.com\/es\/?post_type=product&#038;p=3576"},"modified":"2025-04-09T08:48:49","modified_gmt":"2025-04-09T13:48:49","slug":"max-air-serie-nv7-intrinsecamente-seguro-nv72-solenoide-de-aluminio-1-4-inline-2-posiciones-2","status":"publish","type":"product","link":"https:\/\/www.anythingflows.com\/es\/producto\/max-air-serie-nv7-intrinsecamente-seguro-nv72-solenoide-de-aluminio-1-4-inline-2-posiciones-2\/","title":{"rendered":"Max-Air &#8211; Serie NV7 Intr\u00ednsecamente seguro &#8211; NV72 &#8211; Solenoide de aluminio, 1\/4&#8243; INLINE, 2 Posiciones"},"content":{"rendered":"<p>La v\u00e1lvula solenoide de la serie Max-Air NAMUR presenta un niquelado electrol\u00edtico carrete, anulaci\u00f3n manual f\u00e1cil de usar (bloqueable), y es convertible en campo para su uso en actuadores de doble efecto (4 v\u00edas) o de retorno por resorte (3 v\u00edas).<\/p>\n<p>N\u00famero de pieza: NV72-24D-5-SA1<\/p>\n<p>Descripci\u00f3n: 4 v\u00edas, doble bobina, doble piloto, normal cerrado<\/p>\n<p>5: 4-Way Body, No Spacers<\/p>\n<p>SA1: sellos BUNA, Form A, 3\/8\u201d NPT w\/ Grommet (Std.)<\/p>\n<p>&nbsp;<\/p>\n<p><span data-sheets-value=\"{&quot;1&quot;:2,&quot;2&quot;:&quot;MAXAIR V\u00e1lvula Solenoide (ver Cat\u00e1logo)&quot;}\" data-sheets-userformat=\"{&quot;2&quot;:1313281,&quot;3&quot;:{&quot;1&quot;:0},&quot;12&quot;:0,&quot;14&quot;:[null,2,1136076],&quot;21&quot;:1,&quot;23&quot;:1}\" data-sheets-hyperlink=\"https:\/\/www.anythingflows.com\/en\/wp-content\/uploads\/2020\/04\/MAXAIR-Solenoid-Valve-Brochure.pdf\"><a class=\"in-cell-link\" href=\"https:\/\/www.anythingflows.com\/en\/wp-content\/uploads\/2020\/04\/MAXAIR-Solenoid-Valve-Brochure.pdf\" target=\"_blank\" rel=\"noopener noreferrer\">MAXAIR V\u00e1lvula Solenoide (ver Cat\u00e1logo)<\/a><\/span><\/p>\n","protected":false},"excerpt":{"rendered":"<p>La v\u00e1lvula solenoide de la serie Max-Air NAMUR presenta un niquelado electrol\u00edtico carrete, anulaci\u00f3n manual f\u00e1cil de usar (bloqueable), y es convertible en campo para su uso en actuadores de doble efecto (4 v\u00edas) o de retorno por resorte (3 v\u00edas).<\/p>\n<p>N\u00famero de pieza: NV72-24D-5-SA1<\/p>\n<p>Descripci\u00f3n: 4 v\u00edas, doble bobina, doble piloto, normal cerrado<\/p>\n<p>5: 4-Way Body, No Spacers<\/p>\n<p>SA1: sellos BUNA, Form A, 3\/8\u201d NPT w\/ Grommet (Std.)<\/p>\n<p>Voltaje: 24VDC<\/p>\n","protected":false},"featured_media":3534,"comment_status":"open","ping_status":"closed","template":"","meta":[],"product_brand":[],"product_cat":[24],"product_tag":[],"class_list":{"0":"post-3576","1":"product","2":"type-product","3":"status-publish","4":"has-post-thumbnail","6":"product_cat-instrumentos","8":"first","9":"instock","10":"taxable","11":"shipping-taxable","12":"purchasable","13":"product-type-simple"},"jetpack_sharing_enabled":true,"_links":{"self":[{"href":"https:\/\/www.anythingflows.com\/es\/wp-json\/wp\/v2\/product\/3576","targetHints":{"allow":["GET"]}}],"collection":[{"href":"https:\/\/www.anythingflows.com\/es\/wp-json\/wp\/v2\/product"}],"about":[{"href":"https:\/\/www.anythingflows.com\/es\/wp-json\/wp\/v2\/types\/product"}],"replies":[{"embeddable":true,"href":"https:\/\/www.anythingflows.com\/es\/wp-json\/wp\/v2\/comments?post=3576"}],"wp:featuredmedia":[{"embeddable":true,"href":"https:\/\/www.anythingflows.com\/es\/wp-json\/wp\/v2\/media\/3534"}],"wp:attachment":[{"href":"https:\/\/www.anythingflows.com\/es\/wp-json\/wp\/v2\/media?parent=3576"}],"wp:term":[{"taxonomy":"product_brand","embeddable":true,"href":"https:\/\/www.anythingflows.com\/es\/wp-json\/wp\/v2\/product_brand?post=3576"},{"taxonomy":"product_cat","embeddable":true,"href":"https:\/\/www.anythingflows.com\/es\/wp-json\/wp\/v2\/product_cat?post=3576"},{"taxonomy":"product_tag","embeddable":true,"href":"https:\/\/www.anythingflows.com\/es\/wp-json\/wp\/v2\/product_tag?post=3576"}],"curies":[{"name":"wp","href":"https:\/\/api.w.org\/{rel}","templated":true}]}}