{"id":3543,"date":"2020-04-22T20:43:49","date_gmt":"2020-04-23T01:43:49","guid":{"rendered":"https:\/\/www.anythingflows.com\/es\/?post_type=product&#038;p=3543"},"modified":"2025-04-09T08:48:57","modified_gmt":"2025-04-09T13:48:57","slug":"max-air-serie-svl6-low-temp-ip65-svl62-solenoide-de-aluminio-1-4-namur-2-posiciones","status":"publish","type":"product","link":"https:\/\/www.anythingflows.com\/es\/producto\/max-air-serie-svl6-low-temp-ip65-svl62-solenoide-de-aluminio-1-4-namur-2-posiciones\/","title":{"rendered":"Max-Air &#8211; Serie SVL6 Baja Temp IP65 &#8211; SVL62- Solenoide de Aluminio, 1\/4&#8243; NAMUR, 2 Posiciones"},"content":{"rendered":"<p>La v\u00e1lvula solenoide de la serie Max-Air NAMUR presenta un niquelado electrol\u00edtico carrete, anulaci\u00f3n manual f\u00e1cil de usar (bloqueable), y es convertible en campo para su uso en actuadores de doble efecto (4 v\u00edas) o de retorno por resorte (3 v\u00edas).<\/p>\n<p>N\u00famero de pieza: SVL62-XXX-5-LTD<\/p>\n<p>Descripci\u00f3n: Doble bobina, doble piloto, falla en el lugar<\/p>\n<p>5: Cuerpo de 4 v\u00edas, sin espaciadores<\/p>\n<p>LTD: Sellos SILICONA, Forma Ind., 1\/2 \u00abNPT (Est.)<\/p>\n","protected":false},"excerpt":{"rendered":"<p>La v\u00e1lvula solenoide de la serie Max-Air NAMUR presenta un niquelado electrol\u00edtico carrete, anulaci\u00f3n manual f\u00e1cil de usar (bloqueable), y es convertible en campo para su uso en actuadores de doble efecto (4 v\u00edas) o de retorno por resorte (3 v\u00edas).<\/p>\n<p>N\u00famero de pieza: SVL62-XXX-5-LTD<\/p>\n<p>Descripci\u00f3n: Doble bobina, doble piloto, falla en el lugar<\/p>\n<p>5: Cuerpo de 4 v\u00edas, sin espaciadores<\/p>\n<p>LTD: Sellos SILICONA, Forma Ind., 1\/2 \u00abNPT (Est.)<\/p>\n","protected":false},"featured_media":3534,"comment_status":"open","ping_status":"closed","template":"","meta":[],"product_brand":[],"product_cat":[24],"product_tag":[],"class_list":{"0":"post-3543","1":"product","2":"type-product","3":"status-publish","4":"has-post-thumbnail","6":"product_cat-instrumentos","8":"first","9":"instock","10":"taxable","11":"shipping-taxable","12":"purchasable","13":"product-type-simple"},"jetpack_sharing_enabled":true,"_links":{"self":[{"href":"https:\/\/www.anythingflows.com\/es\/wp-json\/wp\/v2\/product\/3543","targetHints":{"allow":["GET"]}}],"collection":[{"href":"https:\/\/www.anythingflows.com\/es\/wp-json\/wp\/v2\/product"}],"about":[{"href":"https:\/\/www.anythingflows.com\/es\/wp-json\/wp\/v2\/types\/product"}],"replies":[{"embeddable":true,"href":"https:\/\/www.anythingflows.com\/es\/wp-json\/wp\/v2\/comments?post=3543"}],"wp:featuredmedia":[{"embeddable":true,"href":"https:\/\/www.anythingflows.com\/es\/wp-json\/wp\/v2\/media\/3534"}],"wp:attachment":[{"href":"https:\/\/www.anythingflows.com\/es\/wp-json\/wp\/v2\/media?parent=3543"}],"wp:term":[{"taxonomy":"product_brand","embeddable":true,"href":"https:\/\/www.anythingflows.com\/es\/wp-json\/wp\/v2\/product_brand?post=3543"},{"taxonomy":"product_cat","embeddable":true,"href":"https:\/\/www.anythingflows.com\/es\/wp-json\/wp\/v2\/product_cat?post=3543"},{"taxonomy":"product_tag","embeddable":true,"href":"https:\/\/www.anythingflows.com\/es\/wp-json\/wp\/v2\/product_tag?post=3543"}],"curies":[{"name":"wp","href":"https:\/\/api.w.org\/{rel}","templated":true}]}}