{"id":3527,"date":"2020-04-22T15:54:35","date_gmt":"2020-04-22T20:54:35","guid":{"rendered":"https:\/\/www.anythingflows.com\/es\/?post_type=product&#038;p=3527"},"modified":"2025-04-09T08:49:03","modified_gmt":"2025-04-09T13:49:03","slug":"max-air-actuador-de-polipropileno-reforzado-con-vidrio-de-retorno-por-resorte-gp11-montaje-iso-f04-unidad-de-salida-ch11","status":"publish","type":"product","link":"https:\/\/www.anythingflows.com\/es\/producto\/max-air-actuador-de-polipropileno-reforzado-con-vidrio-de-retorno-por-resorte-gp11-montaje-iso-f04-unidad-de-salida-ch11\/","title":{"rendered":"Max-Air &#8211; Actuador de polipropileno reforzado con vidrio de retorno por resorte &#8211; GP11 Montaje ISO F04 &#8211; Unidad de salida CH11"},"content":{"rendered":"<p>La l\u00ednea Max-Air de actuadores de polipropileno reforzado con vidrio est\u00e1 dise\u00f1ada para soportar los ambientes m\u00e1s extremos (\u00c1cidos fuertes y \u00e1lcalis). Disponible en tres tama\u00f1os, sus aplicaciones requieren pl\u00e1sticos y corrosi\u00f3n. la resistencia est\u00e1 cubierta con hasta 500 in-lb de torque (doble efecto).<\/p>\n<p>N\u00famero de pieza: GP11.S2.F04.CH11<\/p>\n<p>Unidad de salida CH11<\/p>\n<p>ISO 5211: F04<\/p>\n<p>S2 (2+2 resortes)<\/p>\n<p>Torque: 44 in-lbs torque final del resorte, 59 in-lbs torque final<\/p>\n<p><span data-sheets-value=\"{&quot;1&quot;:2,&quot;2&quot;:&quot;Actuador pi\u00f1on y cremallera MT MAX AIR (ver cat\u00e1logo)&quot;}\" data-sheets-userformat=\"{&quot;2&quot;:1313281,&quot;3&quot;:{&quot;1&quot;:0},&quot;12&quot;:0,&quot;14&quot;:[null,2,1136076],&quot;21&quot;:1,&quot;23&quot;:1}\" data-sheets-hyperlink=\"https:\/\/www.anythingflows.com\/es\/wp-content\/uploads\/2020\/04\/MAX-AIR_MT_Series_Actuator_FPD.pdf\"><a class=\"in-cell-link\" href=\"https:\/\/www.anythingflows.com\/es\/wp-content\/uploads\/2020\/04\/MAX-AIR_MT_Series_Actuator_FPD.pdf\" target=\"_blank\" rel=\"noopener noreferrer\">Actuador pi\u00f1on y cremallera MT MAX AIR (ver cat\u00e1logo)<\/a><\/span><\/p>\n","protected":false},"excerpt":{"rendered":"<p>La l\u00ednea Max-Air de actuadores de polipropileno reforzado con vidrio est\u00e1 dise\u00f1ada para soportar los ambientes m\u00e1s extremos (\u00c1cidos fuertes y \u00e1lcalis). Disponible en tres tama\u00f1os, sus aplicaciones requieren pl\u00e1sticos y corrosi\u00f3n. la resistencia est\u00e1 cubierta con hasta 500 in-lb de torque (doble efecto).<\/p>\n<p>N\u00famero de pieza: GP11.S2.F04.CH11<\/p>\n<p>Unidad de salida CH11<\/p>\n<p>ISO 5211: F04<\/p>\n<p>S2 (2+2 resortes)<\/p>\n<p>Torque: 44 in-lbs torque final del resorte, 59 in-lbs torque final<\/p>\n<p><span data-sheets-value=\"{&quot;1&quot;:2,&quot;2&quot;:&quot;Actuador pi\u00f1on y cremallera MT MAX AIR (ver cat\u00e1logo)&quot;}\" data-sheets-userformat=\"{&quot;2&quot;:1313281,&quot;3&quot;:{&quot;1&quot;:0},&quot;12&quot;:0,&quot;14&quot;:[null,2,1136076],&quot;21&quot;:1,&quot;23&quot;:1}\" data-sheets-hyperlink=\"https:\/\/www.anythingflows.com\/es\/wp-content\/uploads\/2020\/04\/MAX-AIR_MT_Series_Actuator_FPD.pdf\"><a class=\"in-cell-link\" href=\"https:\/\/www.anythingflows.com\/es\/wp-content\/uploads\/2020\/04\/MAX-AIR_MT_Series_Actuator_FPD.pdf\" target=\"_blank\" rel=\"noopener noreferrer\">Actuador pi\u00f1on y cremallera MT MAX AIR (ver cat\u00e1logo)<\/a><\/span><\/p>\n","protected":false},"featured_media":3524,"comment_status":"open","ping_status":"closed","template":"","meta":[],"product_brand":[],"product_cat":[299],"product_tag":[],"class_list":{"0":"post-3527","1":"product","2":"type-product","3":"status-publish","4":"has-post-thumbnail","6":"product_cat-actuadores","8":"first","9":"instock","10":"taxable","11":"shipping-taxable","12":"purchasable","13":"product-type-simple"},"jetpack_sharing_enabled":true,"_links":{"self":[{"href":"https:\/\/www.anythingflows.com\/es\/wp-json\/wp\/v2\/product\/3527","targetHints":{"allow":["GET"]}}],"collection":[{"href":"https:\/\/www.anythingflows.com\/es\/wp-json\/wp\/v2\/product"}],"about":[{"href":"https:\/\/www.anythingflows.com\/es\/wp-json\/wp\/v2\/types\/product"}],"replies":[{"embeddable":true,"href":"https:\/\/www.anythingflows.com\/es\/wp-json\/wp\/v2\/comments?post=3527"}],"wp:featuredmedia":[{"embeddable":true,"href":"https:\/\/www.anythingflows.com\/es\/wp-json\/wp\/v2\/media\/3524"}],"wp:attachment":[{"href":"https:\/\/www.anythingflows.com\/es\/wp-json\/wp\/v2\/media?parent=3527"}],"wp:term":[{"taxonomy":"product_brand","embeddable":true,"href":"https:\/\/www.anythingflows.com\/es\/wp-json\/wp\/v2\/product_brand?post=3527"},{"taxonomy":"product_cat","embeddable":true,"href":"https:\/\/www.anythingflows.com\/es\/wp-json\/wp\/v2\/product_cat?post=3527"},{"taxonomy":"product_tag","embeddable":true,"href":"https:\/\/www.anythingflows.com\/es\/wp-json\/wp\/v2\/product_tag?post=3527"}],"curies":[{"name":"wp","href":"https:\/\/api.w.org\/{rel}","templated":true}]}}