{"id":3513,"date":"2020-04-22T14:00:40","date_gmt":"2020-04-22T19:00:40","guid":{"rendered":"https:\/\/www.anythingflows.com\/es\/?post_type=product&#038;p=3513"},"modified":"2025-04-09T08:50:41","modified_gmt":"2025-04-09T13:50:41","slug":"max-air-actuador-de-tecnopolimero-de-retorno-por-resorte-ut11-montaje-iso-f03-unidad-de-salida-ch11","status":"publish","type":"product","link":"https:\/\/www.anythingflows.com\/es\/producto\/max-air-actuador-de-tecnopolimero-de-retorno-por-resorte-ut11-montaje-iso-f03-unidad-de-salida-ch11\/","title":{"rendered":"Max-Air &#8211; Actuador de tecnopol\u00edmero de retorno por resorte &#8211; UT11 Montaje ISO F03 &#8211; Unidad de Salida CH11"},"content":{"rendered":"<p>La l\u00ednea Max-Air de actuadores de tecnopol\u00edmero est\u00e1 dise\u00f1ada para soportar los ambientes m\u00e1s extremos (hidrocarburos, solventes org\u00e1nicos y combustibles). Disponible en tres tama\u00f1os, sus aplicaciones que requieren pl\u00e1sticos y resistencia a la corrosi\u00f3n est\u00e1n cubiertas con hasta 500 in-lb de torque (doble efecto).<\/p>\n<p>N\u00famero de pieza: UT11.S3.F03.CH11<\/p>\n<p>Unidad de salida CH11<\/p>\n<p>ISO 5211: F03<\/p>\n<p>S3 (3+3 resortes)<\/p>\n<p>Torque: 66 in-lbs torque final del resorte, 27 in-lbs torque final<\/p>\n<p><span data-sheets-value=\"{&quot;1&quot;:2,&quot;2&quot;:&quot;Actuador Pi\u00f1on y cremallera UT MAXAIR (ver catalogo)&quot;}\" data-sheets-userformat=\"{&quot;2&quot;:1313281,&quot;3&quot;:{&quot;1&quot;:0},&quot;12&quot;:0,&quot;14&quot;:[null,2,1136076],&quot;21&quot;:1,&quot;23&quot;:1}\" data-sheets-hyperlink=\"https:\/\/www.anythingflows.com\/en\/wp-content\/uploads\/2020\/04\/Max-Air_UT_Rack_Pinon_FPD_Actuators.pdf\"><a class=\"in-cell-link\" href=\"https:\/\/www.anythingflows.com\/en\/wp-content\/uploads\/2020\/04\/Max-Air_UT_Rack_Pinon_FPD_Actuators.pdf\" target=\"_blank\" rel=\"noopener noreferrer\">Actuador Pi\u00f1on y cremallera UT MAXAIR (ver catalogo)<\/a><\/span><\/p>\n","protected":false},"excerpt":{"rendered":"<p>La l\u00ednea Max-Air de actuadores de tecnopol\u00edmero est\u00e1 dise\u00f1ada para soportar los ambientes m\u00e1s extremos (hidrocarburos, solventes org\u00e1nicos y combustibles). Disponible en tres tama\u00f1os, sus aplicaciones que requieren pl\u00e1sticos y resistencia a la corrosi\u00f3n est\u00e1n cubiertas con hasta 500 in-lb de torque (doble efecto).<\/p>\n<p>N\u00famero de pieza: UT11.S3.F03.CH11<\/p>\n<p>Unidad de salida CH11<\/p>\n<p>ISO 5211: F03<\/p>\n<p>S3 (3+3 resortes)<\/p>\n<p>Torque: 66 in-lbs torque final del resorte, 27 in-lbs torque final<\/p>\n<p><span data-sheets-value=\"{&quot;1&quot;:2,&quot;2&quot;:&quot;Actuador Pi\u00f1on y cremallera UT MAXAIR (ver catalogo)&quot;}\" data-sheets-userformat=\"{&quot;2&quot;:1313281,&quot;3&quot;:{&quot;1&quot;:0},&quot;12&quot;:0,&quot;14&quot;:[null,2,1136076],&quot;21&quot;:1,&quot;23&quot;:1}\" data-sheets-hyperlink=\"https:\/\/www.anythingflows.com\/en\/wp-content\/uploads\/2020\/04\/Max-Air_UT_Rack_Pinon_FPD_Actuators.pdf\"><a class=\"in-cell-link\" href=\"https:\/\/www.anythingflows.com\/en\/wp-content\/uploads\/2020\/04\/Max-Air_UT_Rack_Pinon_FPD_Actuators.pdf\" target=\"_blank\" rel=\"noopener noreferrer\">Actuador Pi\u00f1on y cremallera UT MAXAIR (ver catalogo)<\/a><\/span><\/p>\n","protected":false},"featured_media":3510,"comment_status":"open","ping_status":"closed","template":"","meta":[],"product_brand":[],"product_cat":[299],"product_tag":[],"class_list":{"0":"post-3513","1":"product","2":"type-product","3":"status-publish","4":"has-post-thumbnail","6":"product_cat-actuadores","8":"first","9":"instock","10":"taxable","11":"shipping-taxable","12":"purchasable","13":"product-type-simple"},"jetpack_sharing_enabled":true,"_links":{"self":[{"href":"https:\/\/www.anythingflows.com\/es\/wp-json\/wp\/v2\/product\/3513","targetHints":{"allow":["GET"]}}],"collection":[{"href":"https:\/\/www.anythingflows.com\/es\/wp-json\/wp\/v2\/product"}],"about":[{"href":"https:\/\/www.anythingflows.com\/es\/wp-json\/wp\/v2\/types\/product"}],"replies":[{"embeddable":true,"href":"https:\/\/www.anythingflows.com\/es\/wp-json\/wp\/v2\/comments?post=3513"}],"wp:featuredmedia":[{"embeddable":true,"href":"https:\/\/www.anythingflows.com\/es\/wp-json\/wp\/v2\/media\/3510"}],"wp:attachment":[{"href":"https:\/\/www.anythingflows.com\/es\/wp-json\/wp\/v2\/media?parent=3513"}],"wp:term":[{"taxonomy":"product_brand","embeddable":true,"href":"https:\/\/www.anythingflows.com\/es\/wp-json\/wp\/v2\/product_brand?post=3513"},{"taxonomy":"product_cat","embeddable":true,"href":"https:\/\/www.anythingflows.com\/es\/wp-json\/wp\/v2\/product_cat?post=3513"},{"taxonomy":"product_tag","embeddable":true,"href":"https:\/\/www.anythingflows.com\/es\/wp-json\/wp\/v2\/product_tag?post=3513"}],"curies":[{"name":"wp","href":"https:\/\/api.w.org\/{rel}","templated":true}]}}