{"id":3132,"date":"2020-04-17T11:21:18","date_gmt":"2020-04-17T16:21:18","guid":{"rendered":"https:\/\/www.anythingflows.com\/es\/?post_type=product&#038;p=3132"},"modified":"2025-04-09T09:08:18","modified_gmt":"2025-04-09T14:08:18","slug":"max-air-actuador-de-aluminio-de-retorno-por-resorte-low-temp-ut18056-montaje-iso-f10-f12-torque-6000-in-lbs","status":"publish","type":"product","link":"https:\/\/www.anythingflows.com\/es\/producto\/max-air-actuador-de-aluminio-de-retorno-por-resorte-low-temp-ut18056-montaje-iso-f10-f12-torque-6000-in-lbs\/","title":{"rendered":"Max-Air &#8211; Actuador de aluminio de doble acci\u00f3n &#8211; Baja Temp UT180\u00b056 Montaje ISO F10 F12 &#8211; Torque 6000 in-lbs"},"content":{"rendered":"<p>Los actuadores UT 180 \u00b0 ofrecen un rango extendido de rotaci\u00f3n m\u00e1s all\u00e1 de las aplicaciones de cuarto de vuelta de 90 \u00b0. Los actuadores de doble efecto se pueden pedir en longitudes personalizadas entre 120 \u00b0 y 180 \u00b0, o se pueden usar topes de carrera extendidos en el actuador de 180 \u00b0 est\u00e1ndar para ajustar el recorrido en cualquier lugar entre 0 \u00b0 y 180 \u00b0. Los actuadores de retorno por resorte est\u00e1n disponibles en una configuraci\u00f3n est\u00e1ndar (0 \u00b0 -180 \u00b0 de recorrido, retorno por resorte a un extremo) o en configuraci\u00f3n de \u00abretorno central\u00bb (0 \u00b0 \u00b1 90 \u00b0 de recorrido, retorno por resorte al centro). Los actuadores UT 180 \u00b0 ofrecen el mismo dise\u00f1o patentado de doble tope de carrera (excluyendo el DA de 3 posiciones) con opciones de tope de carrera extendido y m\u00faltiples opciones de montaje para la m\u00e1xima flexibilidad.<\/p>\n<p>N\u00famero de pieza: UT56.180.DA.F<\/p>\n<p><span data-sheets-value=\"{&quot;1&quot;:2,&quot;2&quot;:&quot;Actuador Pi\u00f1on y cremallera UT MAXAIR (ver catalogo)&quot;}\" data-sheets-userformat=\"{&quot;2&quot;:1313281,&quot;3&quot;:{&quot;1&quot;:0},&quot;12&quot;:0,&quot;14&quot;:[null,2,1136076],&quot;21&quot;:1,&quot;23&quot;:1}\" data-sheets-hyperlink=\"https:\/\/www.anythingflows.com\/en\/wp-content\/uploads\/2020\/04\/Max-Air_UT_Rack_Pinon_FPD_Actuators.pdf\"><a class=\"in-cell-link\" href=\"https:\/\/www.anythingflows.com\/en\/wp-content\/uploads\/2020\/04\/Max-Air_UT_Rack_Pinon_FPD_Actuators.pdf\" target=\"_blank\" rel=\"noopener noreferrer\">Actuador Pi\u00f1on y cremallera UT MAXAIR (ver catalogo)<\/a><\/span><\/p>\n","protected":false},"excerpt":{"rendered":"<p>Los actuadores neum\u00e1ticos de pi\u00f1\u00f3n y cremallera de la serie MT contin\u00faan la tradici\u00f3n Max-Air de integraci\u00f3n f\u00e1cil, personalizaci\u00f3n flexible y operaci\u00f3n confiable. Las caracter\u00edsticas incluyen dos patrones de c\u00edrculo de pernos ISO perforados directamente en el cuerpo, montaje est\u00e1ndar NAMUR para accesorios y nuestro ajuste patentado de \u00b1 10 \u00b0 para las posiciones abierta \/ cerrada, todo respaldado por la mejor garant\u00eda ilimitada de vida \u00fatil.<\/p>\n<p>N\u00famero de pieza: UT56.180.DA.F10\/F12.CH27.LT<\/p>\n<p>Unidad de salida CH27<\/p>\n<p>ISO 5211: F10 F12<\/p>\n","protected":false},"featured_media":3077,"comment_status":"open","ping_status":"closed","template":"","meta":[],"product_brand":[],"product_cat":[299],"product_tag":[],"class_list":{"0":"post-3132","1":"product","2":"type-product","3":"status-publish","4":"has-post-thumbnail","6":"product_cat-actuadores","8":"first","9":"instock","10":"taxable","11":"shipping-taxable","12":"purchasable","13":"product-type-simple"},"jetpack_sharing_enabled":true,"_links":{"self":[{"href":"https:\/\/www.anythingflows.com\/es\/wp-json\/wp\/v2\/product\/3132","targetHints":{"allow":["GET"]}}],"collection":[{"href":"https:\/\/www.anythingflows.com\/es\/wp-json\/wp\/v2\/product"}],"about":[{"href":"https:\/\/www.anythingflows.com\/es\/wp-json\/wp\/v2\/types\/product"}],"replies":[{"embeddable":true,"href":"https:\/\/www.anythingflows.com\/es\/wp-json\/wp\/v2\/comments?post=3132"}],"wp:featuredmedia":[{"embeddable":true,"href":"https:\/\/www.anythingflows.com\/es\/wp-json\/wp\/v2\/media\/3077"}],"wp:attachment":[{"href":"https:\/\/www.anythingflows.com\/es\/wp-json\/wp\/v2\/media?parent=3132"}],"wp:term":[{"taxonomy":"product_brand","embeddable":true,"href":"https:\/\/www.anythingflows.com\/es\/wp-json\/wp\/v2\/product_brand?post=3132"},{"taxonomy":"product_cat","embeddable":true,"href":"https:\/\/www.anythingflows.com\/es\/wp-json\/wp\/v2\/product_cat?post=3132"},{"taxonomy":"product_tag","embeddable":true,"href":"https:\/\/www.anythingflows.com\/es\/wp-json\/wp\/v2\/product_tag?post=3132"}],"curies":[{"name":"wp","href":"https:\/\/api.w.org\/{rel}","templated":true}]}}