{"id":2929,"date":"2020-04-14T18:51:58","date_gmt":"2020-04-14T23:51:58","guid":{"rendered":"https:\/\/www.anythingflows.com\/es\/?post_type=product&#038;p=2929"},"modified":"2025-04-09T09:28:55","modified_gmt":"2025-04-09T14:28:55","slug":"max-air-actuador-de-acero-inoxidable-de-resorte-por-retorno-ss56-montaje-iso-f10-f12-unidad-de-salida-ch27","status":"publish","type":"product","link":"https:\/\/www.anythingflows.com\/es\/producto\/max-air-actuador-de-acero-inoxidable-de-resorte-por-retorno-ss56-montaje-iso-f10-f12-unidad-de-salida-ch27\/","title":{"rendered":"Max-Air &#8211; Actuador de acero inoxidable de resorte por retorno &#8211; SS56 Montaje ISO F10 F12 &#8211; Unidad de salida CH27"},"content":{"rendered":"<p>Los actuadores de la serie SS llevan la resistencia a la corrosi\u00f3n al extremo con todas las excelentes caracter\u00edsticas de ingenier\u00eda que separan a Max-Air de la competencia. Nuestros actuadores de acero inoxidable cumplen con el est\u00e1ndar ISO que hace que la automatizaci\u00f3n de v\u00e1lvulas sea f\u00e1cil y rentable. Los topes de carrera dobles patentados de Max-Air Technology permiten hasta 110 \u00b0 de carrera en un actuador de 90 \u00b0, lo que proporciona un ajuste de posicionamiento excepcional.<\/p>\n<p>N\u00famero de pieza: SS56.S3.F10-F12.CH27<\/p>\n<p>Unidad de salida CH27<\/p>\n<p>ISO 5211: F10 F12<\/p>\n<p>S3 (3+3 resortes)<\/p>\n<p>Torque: 1583 in-lbs torque final del resorte, 3769 in-lbs torque final<\/p>\n","protected":false},"excerpt":{"rendered":"<p>Los actuadores de la serie SS llevan la resistencia a la corrosi\u00f3n al extremo con todas las excelentes caracter\u00edsticas de ingenier\u00eda que separan a Max-Air de la competencia. Nuestros actuadores de acero inoxidable cumplen con el est\u00e1ndar ISO que hace que la automatizaci\u00f3n de v\u00e1lvulas sea f\u00e1cil y rentable. Los topes de carrera dobles patentados de Max-Air Technology permiten hasta 110 \u00b0 de carrera en un actuador de 90 \u00b0, lo que proporciona un ajuste de posicionamiento excepcional.<\/p>\n<p>N\u00famero de pieza: SS56.S3.F10-F12.CH27<\/p>\n<p>Unidad de salida CH27<\/p>\n<p>ISO 5211: F10 F12<\/p>\n<p>S3 (3+3 resortes)<\/p>\n<p>Torque: 1583 in-lbs torque final del resorte, 3769 in-lbs torque final<\/p>\n","protected":false},"featured_media":2903,"comment_status":"open","ping_status":"closed","template":"","meta":[],"product_brand":[],"product_cat":[299],"product_tag":[],"class_list":{"0":"post-2929","1":"product","2":"type-product","3":"status-publish","4":"has-post-thumbnail","6":"product_cat-actuadores","8":"first","9":"instock","10":"taxable","11":"shipping-taxable","12":"purchasable","13":"product-type-simple"},"jetpack_sharing_enabled":true,"_links":{"self":[{"href":"https:\/\/www.anythingflows.com\/es\/wp-json\/wp\/v2\/product\/2929","targetHints":{"allow":["GET"]}}],"collection":[{"href":"https:\/\/www.anythingflows.com\/es\/wp-json\/wp\/v2\/product"}],"about":[{"href":"https:\/\/www.anythingflows.com\/es\/wp-json\/wp\/v2\/types\/product"}],"replies":[{"embeddable":true,"href":"https:\/\/www.anythingflows.com\/es\/wp-json\/wp\/v2\/comments?post=2929"}],"wp:featuredmedia":[{"embeddable":true,"href":"https:\/\/www.anythingflows.com\/es\/wp-json\/wp\/v2\/media\/2903"}],"wp:attachment":[{"href":"https:\/\/www.anythingflows.com\/es\/wp-json\/wp\/v2\/media?parent=2929"}],"wp:term":[{"taxonomy":"product_brand","embeddable":true,"href":"https:\/\/www.anythingflows.com\/es\/wp-json\/wp\/v2\/product_brand?post=2929"},{"taxonomy":"product_cat","embeddable":true,"href":"https:\/\/www.anythingflows.com\/es\/wp-json\/wp\/v2\/product_cat?post=2929"},{"taxonomy":"product_tag","embeddable":true,"href":"https:\/\/www.anythingflows.com\/es\/wp-json\/wp\/v2\/product_tag?post=2929"}],"curies":[{"name":"wp","href":"https:\/\/api.w.org\/{rel}","templated":true}]}}