{"id":2862,"date":"2020-04-13T22:50:18","date_gmt":"2020-04-14T03:50:18","guid":{"rendered":"https:\/\/www.anythingflows.com\/es\/?post_type=product&#038;p=2862"},"modified":"2025-04-09T09:39:25","modified_gmt":"2025-04-09T14:39:25","slug":"max-air-actuador-de-aluminio-de-resorte-por-retorno-super-baja-temp-ut36-montaje-iso-3-25-5-00-unidad-de-salida-ch22","status":"publish","type":"product","link":"https:\/\/www.anythingflows.com\/es\/producto\/max-air-actuador-de-aluminio-de-resorte-por-retorno-super-baja-temp-ut36-montaje-iso-3-25-5-00-unidad-de-salida-ch22\/","title":{"rendered":"Max-Air &#8211; Actuador de aluminio de resorte por retorno &#8211; Super Baja Temp UT36 Montaje ISO 3.25\/5.00 &#8211; Unidad de salida CH22"},"content":{"rendered":"<p>Los actuadores de pi\u00f1\u00f3n y cremallera de la serie UT son la innovaci\u00f3n original de Max-Air con una brida extra\u00edble para una f\u00e1cil integraci\u00f3n de la v\u00e1lvula, personalizaci\u00f3n flexible y operaci\u00f3n confiable. La serie UT tiene las mismas excelentes caracter\u00edsticas de la serie MT, incluido el montaje est\u00e1ndar NAMUR para accesorios y nuestro ajuste patentado de \u00b1 10 \u00b0 para las posiciones abierta y cerrada, todo respaldado por la mejor garant\u00eda ilimitada de vida \u00fatil.<\/p>\n<p>N\u00famero de pieza: UT36.S3.3.25\/5.00.CH22.SLT<\/p>\n<p>Unidad de salida CH22<\/p>\n<p>ISO 5211: 3.25\/5.00<\/p>\n<p>S3 (3+3 resortes)<\/p>\n<p>Torque: 461 in-lbs torque final del resorte, 983 in-lbs torque final<\/p>\n<p>&nbsp;<\/p>\n<p><span data-sheets-value=\"{&quot;1&quot;:2,&quot;2&quot;:&quot;Actuador Pi\u00f1on y cremallera UT MAXAIR (ver catalogo)&quot;}\" data-sheets-userformat=\"{&quot;2&quot;:1313281,&quot;3&quot;:{&quot;1&quot;:0},&quot;12&quot;:0,&quot;14&quot;:[null,2,1136076],&quot;21&quot;:1,&quot;23&quot;:1}\" data-sheets-hyperlink=\"https:\/\/www.anythingflows.com\/en\/wp-content\/uploads\/2020\/04\/Max-Air_UT_Rack_Pinon_FPD_Actuators.pdf\"><a class=\"in-cell-link\" href=\"https:\/\/www.anythingflows.com\/en\/wp-content\/uploads\/2020\/04\/Max-Air_UT_Rack_Pinon_FPD_Actuators.pdf\" target=\"_blank\" rel=\"noopener noreferrer\">Actuador Pi\u00f1on y cremallera UT MAXAIR (ver catalogo)<\/a><\/span><\/p>\n","protected":false},"excerpt":{"rendered":"<p>Los actuadores de pi\u00f1\u00f3n y cremallera de la serie UT son la innovaci\u00f3n original de Max-Air con una brida extra\u00edble para una f\u00e1cil integraci\u00f3n de la v\u00e1lvula, personalizaci\u00f3n flexible y operaci\u00f3n confiable. La serie UT tiene las mismas excelentes caracter\u00edsticas de la serie MT, incluido el montaje est\u00e1ndar NAMUR para accesorios y nuestro ajuste patentado de \u00b1 10 \u00b0 para las posiciones abierta y cerrada, todo respaldado por la mejor garant\u00eda ilimitada de vida \u00fatil.<\/p>\n<p>N\u00famero de pieza: UT36.S3.3.25\/5.00.CH22.SLT<\/p>\n<p>Unidad de salida CH22<\/p>\n<p>ISO 5211: 3.25\/5.00<\/p>\n<p>S3 (3+3 resortes)<\/p>\n<p>Torque: 461 in-lbs torque final del resorte, 983 in-lbs torque final<\/p>\n<p><a href=\"https:\/\/www.anythingflows.com\/es\/wp-content\/uploads\/2018\/03\/Max-Air-UT.pdf\">Max-Air UT actuadores pi\u00f1\u00f3n cremallera (ver cat\u00e1logo)<\/a><\/p>\n","protected":false},"featured_media":2775,"comment_status":"open","ping_status":"closed","template":"","meta":[],"product_brand":[],"product_cat":[299],"product_tag":[],"class_list":{"0":"post-2862","1":"product","2":"type-product","3":"status-publish","4":"has-post-thumbnail","6":"product_cat-actuadores","8":"first","9":"instock","10":"taxable","11":"shipping-taxable","12":"purchasable","13":"product-type-simple"},"jetpack_sharing_enabled":true,"_links":{"self":[{"href":"https:\/\/www.anythingflows.com\/es\/wp-json\/wp\/v2\/product\/2862","targetHints":{"allow":["GET"]}}],"collection":[{"href":"https:\/\/www.anythingflows.com\/es\/wp-json\/wp\/v2\/product"}],"about":[{"href":"https:\/\/www.anythingflows.com\/es\/wp-json\/wp\/v2\/types\/product"}],"replies":[{"embeddable":true,"href":"https:\/\/www.anythingflows.com\/es\/wp-json\/wp\/v2\/comments?post=2862"}],"wp:featuredmedia":[{"embeddable":true,"href":"https:\/\/www.anythingflows.com\/es\/wp-json\/wp\/v2\/media\/2775"}],"wp:attachment":[{"href":"https:\/\/www.anythingflows.com\/es\/wp-json\/wp\/v2\/media?parent=2862"}],"wp:term":[{"taxonomy":"product_brand","embeddable":true,"href":"https:\/\/www.anythingflows.com\/es\/wp-json\/wp\/v2\/product_brand?post=2862"},{"taxonomy":"product_cat","embeddable":true,"href":"https:\/\/www.anythingflows.com\/es\/wp-json\/wp\/v2\/product_cat?post=2862"},{"taxonomy":"product_tag","embeddable":true,"href":"https:\/\/www.anythingflows.com\/es\/wp-json\/wp\/v2\/product_tag?post=2862"}],"curies":[{"name":"wp","href":"https:\/\/api.w.org\/{rel}","templated":true}]}}