{"id":2478,"date":"2020-04-09T09:26:56","date_gmt":"2020-04-09T14:26:56","guid":{"rendered":"https:\/\/www.anythingflows.com\/es\/?post_type=product&#038;p=2478"},"modified":"2025-04-09T10:10:22","modified_gmt":"2025-04-09T15:10:22","slug":"max-air-actuador-de-aluminio-de-retorno-por-resorte-alta-temp-mt26-montaje-iso-f05-f07-unidad-de-salida-ch17-2","status":"publish","type":"product","link":"https:\/\/www.anythingflows.com\/es\/producto\/max-air-actuador-de-aluminio-de-retorno-por-resorte-alta-temp-mt26-montaje-iso-f05-f07-unidad-de-salida-ch17-2\/","title":{"rendered":"Max-Air &#8211; Actuador de aluminio de retorno por resorte &#8211; Alta Temp MT26 Montaje ISO F05 F07 &#8211; Unidad de salida CH17"},"content":{"rendered":"<p>Los actuadores neum\u00e1ticos de pi\u00f1\u00f3n y cremallera de la serie MT contin\u00faan la tradici\u00f3n Max-Air de integraci\u00f3n f\u00e1cil, personalizaci\u00f3n flexible y operaci\u00f3n confiable. Las caracter\u00edsticas incluyen dos patrones de c\u00edrculo de pernos ISO perforados directamente en el cuerpo, montaje est\u00e1ndar NAMUR para accesorios y nuestro ajuste patentado de \u00b1 10 \u00b0 para las posiciones abierta \/ cerrada, todo respaldado por la mejor garant\u00eda ilimitada de vida \u00fatil.<\/p>\n<p>N\u00famero de pieza: MT26.S4.F05-F07.CH17.HT<\/p>\n<p>Unidad de salida CH17<\/p>\n<p>ISO 5211: F05 F07<\/p>\n<p>S4 (4+4 resortes)<\/p>\n<p>Torque: 247 in-lbs torque al final del resorte, 358 in-lbs torque final.<\/p>\n<p>&nbsp;<\/p>\n","protected":false},"excerpt":{"rendered":"<p>Los actuadores neum\u00e1ticos de pi\u00f1\u00f3n y cremallera de la serie MT contin\u00faan la tradici\u00f3n Max-Air de integraci\u00f3n f\u00e1cil, personalizaci\u00f3n flexible y operaci\u00f3n confiable. Las caracter\u00edsticas incluyen dos patrones de c\u00edrculo de pernos ISO perforados directamente en el cuerpo, montaje est\u00e1ndar NAMUR para accesorios y nuestro ajuste patentado de \u00b1 10 \u00b0 para las posiciones abierta \/ cerrada, todo respaldado por la mejor garant\u00eda ilimitada de vida \u00fatil.<\/p>\n<p><a href=\"https:\/\/www.anythingflows.com\/es\/wp-content\/uploads\/2018\/03\/MAX-MTSeriesActuatorBrochure-2.pdf\">Max-Air MT actuadores pi\u00f1\u00f3n cremallera (ver cat\u00e1logo)<\/a><\/p>\n<p>N\u00famero de pieza: MT26.S4.F05-F07.CH17.HT<\/p>\n<p>Unidad de salida CH17<\/p>\n<p>ISO 5211: F05 F07<\/p>\n<p>S4 (4+4 resortes)<\/p>\n<p>Torque: 247 in-lbs torque al final del resorte, 358 in-lbs torque final.<\/p>\n","protected":false},"featured_media":2156,"comment_status":"open","ping_status":"closed","template":"","meta":[],"product_brand":[],"product_cat":[299],"product_tag":[],"class_list":{"0":"post-2478","1":"product","2":"type-product","3":"status-publish","4":"has-post-thumbnail","6":"product_cat-actuadores","8":"first","9":"instock","10":"taxable","11":"shipping-taxable","12":"purchasable","13":"product-type-simple"},"jetpack_sharing_enabled":true,"_links":{"self":[{"href":"https:\/\/www.anythingflows.com\/es\/wp-json\/wp\/v2\/product\/2478","targetHints":{"allow":["GET"]}}],"collection":[{"href":"https:\/\/www.anythingflows.com\/es\/wp-json\/wp\/v2\/product"}],"about":[{"href":"https:\/\/www.anythingflows.com\/es\/wp-json\/wp\/v2\/types\/product"}],"replies":[{"embeddable":true,"href":"https:\/\/www.anythingflows.com\/es\/wp-json\/wp\/v2\/comments?post=2478"}],"wp:featuredmedia":[{"embeddable":true,"href":"https:\/\/www.anythingflows.com\/es\/wp-json\/wp\/v2\/media\/2156"}],"wp:attachment":[{"href":"https:\/\/www.anythingflows.com\/es\/wp-json\/wp\/v2\/media?parent=2478"}],"wp:term":[{"taxonomy":"product_brand","embeddable":true,"href":"https:\/\/www.anythingflows.com\/es\/wp-json\/wp\/v2\/product_brand?post=2478"},{"taxonomy":"product_cat","embeddable":true,"href":"https:\/\/www.anythingflows.com\/es\/wp-json\/wp\/v2\/product_cat?post=2478"},{"taxonomy":"product_tag","embeddable":true,"href":"https:\/\/www.anythingflows.com\/es\/wp-json\/wp\/v2\/product_tag?post=2478"}],"curies":[{"name":"wp","href":"https:\/\/api.w.org\/{rel}","templated":true}]}}