{"id":2366,"date":"2020-04-08T13:20:09","date_gmt":"2020-04-08T18:20:09","guid":{"rendered":"https:\/\/www.anythingflows.com\/es\/?post_type=product&#038;p=2366"},"modified":"2025-04-09T10:15:22","modified_gmt":"2025-04-09T15:15:22","slug":"max-air-actuador-de-aluminio-de-resorte-por-retorno-super-baja-temp-mt12-montaje-iso-f03-f05-unidad-de-salida-ch11-2","status":"publish","type":"product","link":"https:\/\/www.anythingflows.com\/es\/producto\/max-air-actuador-de-aluminio-de-resorte-por-retorno-super-baja-temp-mt12-montaje-iso-f03-f05-unidad-de-salida-ch11-2\/","title":{"rendered":"Max-Air &#8211; Actuador de aluminio de resorte por retorno &#8211; Super Baja Temp MT12 Montaje ISO F03 F05 &#8211; Unidad de salida CH11"},"content":{"rendered":"<p>Los actuadores neum\u00e1ticos de pi\u00f1\u00f3n y cremallera de la serie MT contin\u00faan la tradici\u00f3n Max-Air de integraci\u00f3n f\u00e1cil, personalizaci\u00f3n flexible y operaci\u00f3n confiable. Las caracter\u00edsticas incluyen dos patrones de c\u00edrculo de pernos ISO perforados directamente en el cuerpo, montaje est\u00e1ndar NAMUR para accesorios y nuestro ajuste patentado de \u00b1 10 \u00b0 para las posiciones abierta \/ cerrada, todo respaldado por la mejor garant\u00eda ilimitada de vida \u00fatil.<\/p>\n<p>N\u00famero de pieza: MT12.S3.F03-F05.CH11.SLT<\/p>\n<p>Unidad de salida CH11<\/p>\n<p>ISO 5211: F03 F05<\/p>\n<p>S3 (3+3 resortes)<\/p>\n<p>Torque: 66 in-lbs de torque final del resorte, 27 in-lbs de toruqe final.<\/p>\n<p><span data-sheets-value=\"{&quot;1&quot;:2,&quot;2&quot;:&quot;Actuador pi\u00f1on y cremallera MT MAX AIR (ver cat\u00e1logo)&quot;}\" data-sheets-userformat=\"{&quot;2&quot;:1313281,&quot;3&quot;:{&quot;1&quot;:0},&quot;12&quot;:0,&quot;14&quot;:[null,2,1136076],&quot;21&quot;:1,&quot;23&quot;:1}\" data-sheets-hyperlink=\"https:\/\/www.anythingflows.com\/es\/wp-content\/uploads\/2020\/04\/MAX-AIR_MT_Series_Actuator_FPD.pdf\"><a class=\"in-cell-link\" href=\"https:\/\/www.anythingflows.com\/es\/wp-content\/uploads\/2020\/04\/MAX-AIR_MT_Series_Actuator_FPD.pdf\" target=\"_blank\" rel=\"noopener noreferrer\">Actuador pi\u00f1on y cremallera MT MAX AIR (ver cat\u00e1logo)<\/a><\/span><\/p>\n","protected":false},"excerpt":{"rendered":"<p>Los actuadores neum\u00e1ticos de pi\u00f1\u00f3n y cremallera de la serie MT contin\u00faan la tradici\u00f3n Max-Air de integraci\u00f3n f\u00e1cil, personalizaci\u00f3n flexible y operaci\u00f3n confiable. Las caracter\u00edsticas incluyen dos patrones de c\u00edrculo de pernos ISO perforados directamente en el cuerpo, montaje est\u00e1ndar NAMUR para accesorios y nuestro ajuste patentado de \u00b1 10 \u00b0 para las posiciones abierta \/ cerrada, todo respaldado por la mejor garant\u00eda ilimitada de vida \u00fatil.<\/p>\n<p><a href=\"https:\/\/www.anythingflows.com\/es\/wp-content\/uploads\/2018\/03\/MAX-MTSeriesActuatorBrochure-2.pdf\">Max-Air MT actuadores pi\u00f1\u00f3n cremallera (ver cat\u00e1logo)<\/a><\/p>\n<p>N\u00famero de pieza: MT12.S3.F03-F05.CH11.SLT<\/p>\n<p>Unidad de salida CH11<\/p>\n<p>ISO 5211: F03 F05<\/p>\n<p>S3 (3+3 resortes)<\/p>\n<p>Torque: 66 in-lbs de torque final del resorte, 27 in-lbs de toruqe final.<\/p>\n","protected":false},"featured_media":2156,"comment_status":"open","ping_status":"closed","template":"","meta":[],"product_brand":[],"product_cat":[299],"product_tag":[],"class_list":{"0":"post-2366","1":"product","2":"type-product","3":"status-publish","4":"has-post-thumbnail","6":"product_cat-actuadores","8":"first","9":"instock","10":"taxable","11":"shipping-taxable","12":"purchasable","13":"product-type-simple"},"jetpack_sharing_enabled":true,"_links":{"self":[{"href":"https:\/\/www.anythingflows.com\/es\/wp-json\/wp\/v2\/product\/2366","targetHints":{"allow":["GET"]}}],"collection":[{"href":"https:\/\/www.anythingflows.com\/es\/wp-json\/wp\/v2\/product"}],"about":[{"href":"https:\/\/www.anythingflows.com\/es\/wp-json\/wp\/v2\/types\/product"}],"replies":[{"embeddable":true,"href":"https:\/\/www.anythingflows.com\/es\/wp-json\/wp\/v2\/comments?post=2366"}],"wp:featuredmedia":[{"embeddable":true,"href":"https:\/\/www.anythingflows.com\/es\/wp-json\/wp\/v2\/media\/2156"}],"wp:attachment":[{"href":"https:\/\/www.anythingflows.com\/es\/wp-json\/wp\/v2\/media?parent=2366"}],"wp:term":[{"taxonomy":"product_brand","embeddable":true,"href":"https:\/\/www.anythingflows.com\/es\/wp-json\/wp\/v2\/product_brand?post=2366"},{"taxonomy":"product_cat","embeddable":true,"href":"https:\/\/www.anythingflows.com\/es\/wp-json\/wp\/v2\/product_cat?post=2366"},{"taxonomy":"product_tag","embeddable":true,"href":"https:\/\/www.anythingflows.com\/es\/wp-json\/wp\/v2\/product_tag?post=2366"}],"curies":[{"name":"wp","href":"https:\/\/api.w.org\/{rel}","templated":true}]}}