{"id":2151,"date":"2020-04-01T22:46:23","date_gmt":"2020-04-02T03:46:23","guid":{"rendered":"https:\/\/www.anythingflows.com\/es\/?post_type=product&#038;p=2151"},"modified":"2025-03-16T16:24:34","modified_gmt":"2025-03-16T21:24:34","slug":"recubrimiento-de-vastago-valvula-m22-1","status":"publish","type":"product","link":"https:\/\/www.anythingflows.com\/es\/producto\/recubrimiento-de-vastago-valvula-m22-1\/","title":{"rendered":"Recubrimiento de v\u00e1stago &#8211; V\u00e1lvula M22 1&#8243;"},"content":{"rendered":"<p>Embalaje de tallo para la v\u00e1lvula M22 de 1&#8243; con asiento TFM 4215.<\/p>\n","protected":false},"excerpt":{"rendered":"<p>Embalaje de tallo para la v\u00e1lvula M22 de 1&#8243; con asiento TFM 4215.<\/p>\n","protected":false},"featured_media":0,"comment_status":"open","ping_status":"closed","template":"","meta":[],"product_brand":[],"product_cat":[25],"product_tag":[],"class_list":{"0":"post-2151","1":"product","2":"type-product","3":"status-publish","5":"product_cat-valvulas","7":"first","8":"instock","9":"taxable","10":"shipping-taxable","11":"purchasable","12":"product-type-simple"},"jetpack_sharing_enabled":true,"_links":{"self":[{"href":"https:\/\/www.anythingflows.com\/es\/wp-json\/wp\/v2\/product\/2151","targetHints":{"allow":["GET"]}}],"collection":[{"href":"https:\/\/www.anythingflows.com\/es\/wp-json\/wp\/v2\/product"}],"about":[{"href":"https:\/\/www.anythingflows.com\/es\/wp-json\/wp\/v2\/types\/product"}],"replies":[{"embeddable":true,"href":"https:\/\/www.anythingflows.com\/es\/wp-json\/wp\/v2\/comments?post=2151"}],"wp:attachment":[{"href":"https:\/\/www.anythingflows.com\/es\/wp-json\/wp\/v2\/media?parent=2151"}],"wp:term":[{"taxonomy":"product_brand","embeddable":true,"href":"https:\/\/www.anythingflows.com\/es\/wp-json\/wp\/v2\/product_brand?post=2151"},{"taxonomy":"product_cat","embeddable":true,"href":"https:\/\/www.anythingflows.com\/es\/wp-json\/wp\/v2\/product_cat?post=2151"},{"taxonomy":"product_tag","embeddable":true,"href":"https:\/\/www.anythingflows.com\/es\/wp-json\/wp\/v2\/product_tag?post=2151"}],"curies":[{"name":"wp","href":"https:\/\/api.w.org\/{rel}","templated":true}]}}