{"id":2052,"date":"2020-04-01T17:12:35","date_gmt":"2020-04-01T22:12:35","guid":{"rendered":"https:\/\/www.anythingflows.com\/es\/?post_type=product&#038;p=2052"},"modified":"2025-03-16T16:24:38","modified_gmt":"2025-03-16T21:24:38","slug":"kit-de-reparacion-valvula-m32-de-1","status":"publish","type":"product","link":"https:\/\/www.anythingflows.com\/es\/producto\/kit-de-reparacion-valvula-m32-de-1\/","title":{"rendered":"Kit de reparaci\u00f3n &#8211; V\u00e1lvula M32 de 1&#8243;"},"content":{"rendered":"<p>Kit de reparaci\u00f3n para la v\u00e1lvula M32 de tama\u00f1o 1&#8243;<\/p>\n","protected":false},"excerpt":{"rendered":"<p>Kit de reparaci\u00f3n para la v\u00e1lvula M32 de tama\u00f1o 1&#8243;<\/p>\n<p>&nbsp;<\/p>\n","protected":false},"featured_media":0,"comment_status":"open","ping_status":"closed","template":"","meta":[],"product_brand":[],"product_cat":[25],"product_tag":[],"class_list":{"0":"post-2052","1":"product","2":"type-product","3":"status-publish","5":"product_cat-valvulas","7":"first","8":"instock","9":"taxable","10":"shipping-taxable","11":"purchasable","12":"product-type-variable"},"jetpack_sharing_enabled":true,"_links":{"self":[{"href":"https:\/\/www.anythingflows.com\/es\/wp-json\/wp\/v2\/product\/2052","targetHints":{"allow":["GET"]}}],"collection":[{"href":"https:\/\/www.anythingflows.com\/es\/wp-json\/wp\/v2\/product"}],"about":[{"href":"https:\/\/www.anythingflows.com\/es\/wp-json\/wp\/v2\/types\/product"}],"replies":[{"embeddable":true,"href":"https:\/\/www.anythingflows.com\/es\/wp-json\/wp\/v2\/comments?post=2052"}],"wp:attachment":[{"href":"https:\/\/www.anythingflows.com\/es\/wp-json\/wp\/v2\/media?parent=2052"}],"wp:term":[{"taxonomy":"product_brand","embeddable":true,"href":"https:\/\/www.anythingflows.com\/es\/wp-json\/wp\/v2\/product_brand?post=2052"},{"taxonomy":"product_cat","embeddable":true,"href":"https:\/\/www.anythingflows.com\/es\/wp-json\/wp\/v2\/product_cat?post=2052"},{"taxonomy":"product_tag","embeddable":true,"href":"https:\/\/www.anythingflows.com\/es\/wp-json\/wp\/v2\/product_tag?post=2052"}],"curies":[{"name":"wp","href":"https:\/\/api.w.org\/{rel}","templated":true}]}}