{"id":1985,"date":"2020-03-29T18:06:25","date_gmt":"2020-03-29T23:06:25","guid":{"rendered":"https:\/\/www.anythingflows.com\/es\/?post_type=product&#038;p=1985"},"modified":"2025-03-16T16:24:40","modified_gmt":"2025-03-16T21:24:40","slug":"3-valvula-de-bola-2-piezas-clase-150-a-prueba-de-fuego-acero-inoxidable-serie-m15f-sesto","status":"publish","type":"product","link":"https:\/\/www.anythingflows.com\/es\/producto\/3-valvula-de-bola-2-piezas-clase-150-a-prueba-de-fuego-acero-inoxidable-serie-m15f-sesto\/","title":{"rendered":"3&#8243; V\u00e1lvula de bola 2 Piezas Clase 150 A prueba de fuego, Acero Inoxidable Serie M15F, SESTO"},"content":{"rendered":"<p>V\u00e1lvula de bola flotante de 2 piezas tama\u00f1o 3\u201d CLASE 150, paso completo (full port), Fabricante: SESTO, Serie M15F, CONEXIONES BRIDADAS . Cuerpo en ASTM A351 CF8M, Bola est\u00e1ndar y v\u00e1stago TRIM 6(316 SS BALL), anillos en VITON, Empaques a prueba de fuego de Grafito, Roscado AISI 304 SS, CERTIFICADOS API 607, NACE.<\/p>\n<p>OPCIONES DE ASIENTOS: ASIENTOS TFM 1600 | ASIENTOS PTFE | ASIENTOS RTFE | ASIENTOS CTFE\u00a0 | ASIENTOS 50\/50<\/p>\n<p>ISO 5211: F07-F10<\/p>\n<p>Palanca de bloqueo incluida<\/p>\n<p><span data-sheets-value=\"{&quot;1&quot;:2,&quot;2&quot;:&quot;SESTO V\u00e1lvula de bola M15 (ver cat\u00e1logo)&quot;}\" data-sheets-userformat=\"{&quot;2&quot;:513,&quot;3&quot;:{&quot;1&quot;:0},&quot;12&quot;:0}\" data-sheets-hyperlink=\"https:\/\/www.anythingflows.com\/es\/wp-content\/uploads\/2020\/03\/M15F-Series-WEB_Sesto_Ball_valves_FPD.pdf\"><a class=\"in-cell-link\" href=\"https:\/\/www.anythingflows.com\/es\/wp-content\/uploads\/2020\/03\/M15F-Series-WEB_Sesto_Ball_valves_FPD.pdf\" target=\"_blank\" rel=\"noopener noreferrer\">SESTO V\u00e1lvula de bola M15 (ver cat\u00e1logo)<\/a><\/span><\/p>\n","protected":false},"excerpt":{"rendered":"<p>V\u00e1lvula de bola flotante de 2 piezas tama\u00f1o 3\u201d CLASE 150, paso completo (full port), Fabricante: SESTO, Serie M15F, CONEXIONES BRIDADAS . Cuerpo en ASTM A351 CF8M, Bola est\u00e1ndar y v\u00e1stago TRIM 6(316 SS BALL), anillos en VITON, Empaques a prueba de fuego de Grafito, Roscado AISI 304 SS, CERTIFICADOS API 607, NACE.<\/p>\n<p>OPCIONES DE ASIENTOS: ASIENTOS TFM 1600 | ASIENTOS PTFE | ASIENTOS RTFE | ASIENTOS CTFE\u00a0 | ASIENTOS 50\/50<\/p>\n<p>ISO 5211: F07-F10<\/p>\n<p>Palanca de bloqueo incluida<\/p>\n<p><span data-sheets-value=\"{&quot;1&quot;:2,&quot;2&quot;:&quot;SESTO V\u00e1lvula de bola M15 (ver cat\u00e1logo)&quot;}\" data-sheets-userformat=\"{&quot;2&quot;:513,&quot;3&quot;:{&quot;1&quot;:0},&quot;12&quot;:0}\" data-sheets-hyperlink=\"https:\/\/www.anythingflows.com\/es\/wp-content\/uploads\/2020\/03\/M15F-Series-WEB_Sesto_Ball_valves_FPD.pdf\"><a class=\"in-cell-link\" href=\"https:\/\/www.anythingflows.com\/es\/wp-content\/uploads\/2020\/03\/M15F-Series-WEB_Sesto_Ball_valves_FPD.pdf\" target=\"_blank\" rel=\"noopener noreferrer\">SESTO V\u00e1lvula de bola M15 (ver cat\u00e1logo)<\/a><\/span><\/p>\n","protected":false},"featured_media":1945,"comment_status":"open","ping_status":"closed","template":"","meta":[],"product_brand":[],"product_cat":[25],"product_tag":[],"class_list":{"0":"post-1985","1":"product","2":"type-product","3":"status-publish","4":"has-post-thumbnail","6":"product_cat-valvulas","8":"first","9":"instock","10":"taxable","11":"shipping-taxable","12":"purchasable","13":"product-type-variable"},"jetpack_sharing_enabled":true,"_links":{"self":[{"href":"https:\/\/www.anythingflows.com\/es\/wp-json\/wp\/v2\/product\/1985","targetHints":{"allow":["GET"]}}],"collection":[{"href":"https:\/\/www.anythingflows.com\/es\/wp-json\/wp\/v2\/product"}],"about":[{"href":"https:\/\/www.anythingflows.com\/es\/wp-json\/wp\/v2\/types\/product"}],"replies":[{"embeddable":true,"href":"https:\/\/www.anythingflows.com\/es\/wp-json\/wp\/v2\/comments?post=1985"}],"wp:featuredmedia":[{"embeddable":true,"href":"https:\/\/www.anythingflows.com\/es\/wp-json\/wp\/v2\/media\/1945"}],"wp:attachment":[{"href":"https:\/\/www.anythingflows.com\/es\/wp-json\/wp\/v2\/media?parent=1985"}],"wp:term":[{"taxonomy":"product_brand","embeddable":true,"href":"https:\/\/www.anythingflows.com\/es\/wp-json\/wp\/v2\/product_brand?post=1985"},{"taxonomy":"product_cat","embeddable":true,"href":"https:\/\/www.anythingflows.com\/es\/wp-json\/wp\/v2\/product_cat?post=1985"},{"taxonomy":"product_tag","embeddable":true,"href":"https:\/\/www.anythingflows.com\/es\/wp-json\/wp\/v2\/product_tag?post=1985"}],"curies":[{"name":"wp","href":"https:\/\/api.w.org\/{rel}","templated":true}]}}