{"id":1851,"date":"2020-03-27T18:38:05","date_gmt":"2020-03-27T23:38:05","guid":{"rendered":"https:\/\/www.anythingflows.com\/es\/?post_type=product&#038;p=1851"},"modified":"2025-03-16T16:24:46","modified_gmt":"2025-03-16T21:24:46","slug":"1-2%e2%80%b3-valvula-de-bola-2-piezas-serie-m22n-a-prueba-de-fuego-acero-al-carbon-clase-800-sesto","status":"publish","type":"product","link":"https:\/\/www.anythingflows.com\/es\/producto\/1-2%e2%80%b3-valvula-de-bola-2-piezas-serie-m22n-a-prueba-de-fuego-acero-al-carbon-clase-800-sesto\/","title":{"rendered":"1\/2\u2033 V\u00e1lvula de bola 2 Piezas Serie M22N A prueba de Fuego, Acero al Carb\u00f3n, clase 800, SESTO"},"content":{"rendered":"<p>V\u00e1lvula de bola flotante de 2 piezas 1\/2\u2033, Clase 800, paso completo (full port), Fabricante: SESTO, serie M22N, conexiones roscadas NPT. Cuerpo en ASTM A216 GR WCB, Bola est\u00e1ndar y v\u00e1stago TRIM 6 (316 SS BALL), anillos en VITON, Empaques a prueba de fuego de Grafito, Roscado AISI 304 SS, CERTIFICADOS API 607, NACE<\/p>\n<p>Asientos TFM 4215<\/p>\n<p>ISO 5211: F03-F04<\/p>\n<p>Palanca de bloqueo incluida<\/p>\n<p><a href=\"https:\/\/www.anythingflows.com\/es\/wp-content\/uploads\/2020\/03\/M22_Series_WEB_Sesto_Ball_valves_FPD.pdf\">V\u00e1lvula de bola M22 SESTO (ver cat\u00e1logo)<\/a><\/p>\n","protected":false},"excerpt":{"rendered":"<p>V\u00e1lvula de bola flotante de 2 piezas 1\/2\u2033, Clase 800, paso completo (full port), Fabricante: SESTO, serie M22N, conexiones roscadas NPT. Cuerpo en ASTM A216 GR WCB, Bola est\u00e1ndar y v\u00e1stago TRIM 6 (316 SS BALL), anillos en VITON, Empaques a prueba de fuego de Grafito, Roscado AISI 304 SS, CERTIFICADOS API 607, NACE<\/p>\n<p>Asientos TFM 4215<\/p>\n<p>ISO 5211: F03-F04<\/p>\n<p>Palanca de bloqueo incluida<\/p>\n<p><a href=\"https:\/\/www.anythingflows.com\/es\/wp-content\/uploads\/2020\/03\/M22_Series_WEB_-1.pdf\">Sesto v\u00e1lvulas de bola, 2 piezas Clase 800,Serie M22N (ver cat\u00e1logo)<\/a><\/p>\n","protected":false},"featured_media":1853,"comment_status":"open","ping_status":"closed","template":"","meta":[],"product_brand":[],"product_cat":[25],"product_tag":[],"class_list":{"0":"post-1851","1":"product","2":"type-product","3":"status-publish","4":"has-post-thumbnail","6":"product_cat-valvulas","8":"first","9":"instock","10":"taxable","11":"shipping-taxable","12":"purchasable","13":"product-type-simple"},"jetpack_sharing_enabled":true,"_links":{"self":[{"href":"https:\/\/www.anythingflows.com\/es\/wp-json\/wp\/v2\/product\/1851","targetHints":{"allow":["GET"]}}],"collection":[{"href":"https:\/\/www.anythingflows.com\/es\/wp-json\/wp\/v2\/product"}],"about":[{"href":"https:\/\/www.anythingflows.com\/es\/wp-json\/wp\/v2\/types\/product"}],"replies":[{"embeddable":true,"href":"https:\/\/www.anythingflows.com\/es\/wp-json\/wp\/v2\/comments?post=1851"}],"wp:featuredmedia":[{"embeddable":true,"href":"https:\/\/www.anythingflows.com\/es\/wp-json\/wp\/v2\/media\/1853"}],"wp:attachment":[{"href":"https:\/\/www.anythingflows.com\/es\/wp-json\/wp\/v2\/media?parent=1851"}],"wp:term":[{"taxonomy":"product_brand","embeddable":true,"href":"https:\/\/www.anythingflows.com\/es\/wp-json\/wp\/v2\/product_brand?post=1851"},{"taxonomy":"product_cat","embeddable":true,"href":"https:\/\/www.anythingflows.com\/es\/wp-json\/wp\/v2\/product_cat?post=1851"},{"taxonomy":"product_tag","embeddable":true,"href":"https:\/\/www.anythingflows.com\/es\/wp-json\/wp\/v2\/product_tag?post=1851"}],"curies":[{"name":"wp","href":"https:\/\/api.w.org\/{rel}","templated":true}]}}