{"id":10861,"date":"2025-12-20T13:35:47","date_gmt":"2025-12-20T19:35:47","guid":{"rendered":"https:\/\/www.anythingflows.com\/es\/producto\/safi-retencion-retencion-oscilante-tipo-sandwich-2044a08rtd\/"},"modified":"2025-12-20T13:35:48","modified_gmt":"2025-12-20T19:35:48","slug":"safi-retencion-retencion-oscilante-tipo-sandwich-2044a08rtd","status":"publish","type":"product","link":"https:\/\/www.anythingflows.com\/es\/producto\/safi-retencion-retencion-oscilante-tipo-sandwich-2044a08rtd\/","title":{"rendered":"SAFI \u2013 Retenci\u00f3n \u2013 Retenci\u00f3n oscilante tipo s\u00e1ndwich \u2013 2044A08RTD"},"content":{"rendered":"<p>DN100 PVDF\/FEP\/FFPM Retenci\u00f3n ANSI Tipo s\u00e1ndwich<\/p>\n<h3>Especificaciones<\/h3>\n<ul>\n<li><strong>Conexi\u00f3n:<\/strong> Brida ANSI<\/li>\n<li><strong>Junta:<\/strong> FEP\/FFPM<\/li>\n<li><strong>Material:<\/strong> PVDF<\/li>\n<li><strong>PN:<\/strong> 10<\/li>\n<li><strong>ANSI:<\/strong> EN1759- 1\/ASME B16.5 CLASE 150 (ANSI)<\/li>\n<li><strong>NB:<\/strong> 4&#8243;<\/li>\n<li><strong>DN:<\/strong> DN100<\/li>\n<li><strong>Unidad de venta:<\/strong> ea<\/li>\n<\/ul>\n","protected":false},"excerpt":{"rendered":"<p>DN100 PVDF Retenci\u00f3n Retenci\u00f3n oscilante tipo s\u00e1ndwich Brida ANSI FEP\/FFPM EN1759- 1\/ASME B16.5 CLASE 150 (ANSI)<\/p>\n","protected":false},"featured_media":9641,"comment_status":"open","ping_status":"closed","template":"","meta":[],"product_brand":[],"product_cat":[25],"product_tag":[],"class_list":{"0":"post-10861","1":"product","2":"type-product","3":"status-publish","4":"has-post-thumbnail","6":"product_cat-valvulas","8":"first","9":"instock","10":"taxable","11":"shipping-taxable","12":"purchasable","13":"product-type-simple"},"jetpack_sharing_enabled":true,"_links":{"self":[{"href":"https:\/\/www.anythingflows.com\/es\/wp-json\/wp\/v2\/product\/10861","targetHints":{"allow":["GET"]}}],"collection":[{"href":"https:\/\/www.anythingflows.com\/es\/wp-json\/wp\/v2\/product"}],"about":[{"href":"https:\/\/www.anythingflows.com\/es\/wp-json\/wp\/v2\/types\/product"}],"replies":[{"embeddable":true,"href":"https:\/\/www.anythingflows.com\/es\/wp-json\/wp\/v2\/comments?post=10861"}],"wp:featuredmedia":[{"embeddable":true,"href":"https:\/\/www.anythingflows.com\/es\/wp-json\/wp\/v2\/media\/9641"}],"wp:attachment":[{"href":"https:\/\/www.anythingflows.com\/es\/wp-json\/wp\/v2\/media?parent=10861"}],"wp:term":[{"taxonomy":"product_brand","embeddable":true,"href":"https:\/\/www.anythingflows.com\/es\/wp-json\/wp\/v2\/product_brand?post=10861"},{"taxonomy":"product_cat","embeddable":true,"href":"https:\/\/www.anythingflows.com\/es\/wp-json\/wp\/v2\/product_cat?post=10861"},{"taxonomy":"product_tag","embeddable":true,"href":"https:\/\/www.anythingflows.com\/es\/wp-json\/wp\/v2\/product_tag?post=10861"}],"curies":[{"name":"wp","href":"https:\/\/api.w.org\/{rel}","templated":true}]}}