{"id":9555,"date":"2025-12-08T17:05:40","date_gmt":"2025-12-08T23:05:40","guid":{"rendered":"https:\/\/www.anythingflows.com\/es\/?page_id=9555"},"modified":"2025-12-22T22:04:50","modified_gmt":"2025-12-23T04:04:50","slug":"safi-valvulas-termoplasticas","status":"publish","type":"page","link":"https:\/\/www.anythingflows.com\/es\/safi-valvulas-termoplasticas\/","title":{"rendered":"SAFI \u2014 v\u00e1lvulas termopl\u00e1sticas"},"content":{"rendered":"<div class=\"fusion-fullwidth fullwidth-box fusion-builder-row-1 fusion-flex-container nonhundred-percent-fullwidth non-hundred-percent-height-scrolling\" style=\"--awb-border-radius-top-left:0px;--awb-border-radius-top-right:0px;--awb-border-radius-bottom-right:0px;--awb-border-radius-bottom-left:0px;--awb-flex-wrap:wrap;\" ><div class=\"fusion-builder-row fusion-row fusion-flex-align-items-flex-start fusion-flex-content-wrap\" style=\"max-width:1144px;margin-left: calc(-4% \/ 2 );margin-right: calc(-4% \/ 2 );\"><div class=\"fusion-layout-column fusion_builder_column fusion-builder-column-0 fusion_builder_column_1_1 1_1 fusion-flex-column\" style=\"--awb-bg-size:cover;--awb-width-large:100%;--awb-margin-top-large:0px;--awb-spacing-right-large:1.92%;--awb-margin-bottom-large:0px;--awb-spacing-left-large:1.92%;--awb-width-medium:100%;--awb-spacing-right-medium:1.92%;--awb-spacing-left-medium:1.92%;--awb-width-small:100%;--awb-spacing-right-small:1.92%;--awb-spacing-left-small:1.92%;\"><div class=\"fusion-column-wrapper fusion-flex-justify-content-flex-start fusion-content-layout-column\"><div class=\"fusion-text fusion-text-1\"><h1 data-start=\"258\" data-end=\"346\">V\u00e1lvulas Termopl\u00e1sticas SAFI\u2122 \u2014 PP, PVDF, PVC-U y HDPE<\/h1>\n<hr data-start=\"348\" data-end=\"351\" \/>\n<h2 data-start=\"353\" data-end=\"741\">V\u00e1lvulas de Control Fisher\u2122 \u2014 Aplicaciones de Energ\u00eda y Proceso<\/h2>\n<p data-start=\"353\" data-end=\"741\"><br data-start=\"420\" data-end=\"423\" \/>SAFI\u2122 ofrece soluciones anticorrosivas para qu\u00edmicos, agua, miner\u00eda, desalinizaci\u00f3n y procesos industriales.<\/p>\n<p data-start=\"743\" data-end=\"882\">Cotizaciones r\u00e1pidas. Env\u00ede hojas t\u00e9cnicas, n\u00fameros de TAG, solicitudes MRO o especificaciones del proyecto para recibir soporte inmediato.<\/p>\n<p data-start=\"743\" data-end=\"882\"><div class=\"fusion-button-wrapper\"><a class=\"fusion-button button-flat fusion-button-default-size button-default fusion-button-default button-1 fusion-button-default-span fusion-button-default-type\" target=\"_self\" href=\"#rfq-form\"><span class=\"fusion-button-text awb-button__text awb-button__text--default\">Solicita cotizaci\u00f3n<\/span><\/a><\/div><\/p>\n<hr data-start=\"884\" data-end=\"887\" \/>\n<h2 data-start=\"6660\" data-end=\"6683\">V\u00e1lvulas Safi Esf\u00e9ricas<\/h2>\n<p data-start=\"6684\" data-end=\"6787\">Materiales: PP, PVDF, PVC-U, HDPE<br data-start=\"6717\" data-end=\"6720\" \/>\u2022 Anticorrosivas<br data-start=\"6736\" data-end=\"6739\" \/>\u2022 ISO mounting<br data-start=\"6753\" data-end=\"6756\" \/>\u2022 Ligera<br data-start=\"6764\" data-end=\"6767\" \/>\u2022 Alto rendimiento<\/p>\n<hr data-start=\"6789\" data-end=\"6792\" \/>\n<h2 data-start=\"6794\" data-end=\"6816\">V\u00e1lvulas Mariposa<\/h2>\n<p data-start=\"6817\" data-end=\"6904\">Materiales: PP, PPG, PVDF, PVC-U<br data-start=\"6849\" data-end=\"6852\" \/>Aplicaciones: \u00e1cidos, agua de mar, salmueras, lodos.<\/p>\n<hr data-start=\"6906\" data-end=\"6909\" \/>\n<h2 data-start=\"6911\" data-end=\"6934\">V\u00e1lvulas Diafragma<\/h2>\n<p data-start=\"6935\" data-end=\"7016\">\u2022 Manuales y neum\u00e1ticas<br data-start=\"6958\" data-end=\"6961\" \/>\u2022 Tipo weir o paso recto<br data-start=\"6985\" data-end=\"6988\" \/>\u2022 Liner en PTFE, EPDM, FKM<\/p>\n<hr data-start=\"7018\" data-end=\"7021\" \/>\n<h2 data-start=\"7023\" data-end=\"7049\">V\u00e1lvulas de Retenci\u00f3n<\/h2>\n<p data-start=\"7050\" data-end=\"7088\">\u2022 Tipo columpio<br data-start=\"7065\" data-end=\"7068\" \/>\u2022 Bola<br data-start=\"7074\" data-end=\"7077\" \/>\u2022 Resorte<\/p>\n<hr data-start=\"7090\" data-end=\"7093\" \/>\n<h2 data-start=\"7095\" data-end=\"7110\">Industrias<\/h2>\n<p data-start=\"7111\" data-end=\"7200\">\u2022 Qu\u00edmica<br data-start=\"7120\" data-end=\"7123\" \/>\u2022 Agua residual<br data-start=\"7138\" data-end=\"7141\" \/>\u2022 Miner\u00eda<br data-start=\"7150\" data-end=\"7153\" \/>\u2022 Desalinizaci\u00f3n<br data-start=\"7169\" data-end=\"7172\" \/>\u2022 Alimentos<br data-start=\"7183\" data-end=\"7186\" \/>\u2022 Industrial<\/p>\n<hr data-start=\"7202\" data-end=\"7205\" \/>\n<h2 data-start=\"7207\" data-end=\"7231\">Solicita Cotizaci\u00f3n<\/h2>\n<p data-start=\"7232\" data-end=\"7333\"><div class=\"fusion-aligncenter\"><a class=\"fusion-button button-flat fusion-button-default-size button-default fusion-button-default button-2 fusion-button-default-span fusion-button-default-type\" target=\"_self\" href=\"#rfq-form\"><span class=\"fusion-button-text awb-button__text awb-button__text--default\">Solicita Cotizaci\u00f3n<\/span><\/a><\/div><\/p>\n<hr data-start=\"7335\" data-end=\"7338\" \/>\n<h2 data-start=\"7340\" data-end=\"7365\">Enlaces Relacionados<\/h2>\n<p><a href=\"https:\/\/www.anythingflows.com\/es\/cameron-wkm-grove-valvulas-api\/\">V\u00e1lvulas API Cameron \/ WKM \/ Grove<\/a><br \/>\n<a href=\"https:\/\/www.anythingflows.com\/es\/valvulas-fcx3\/\">V\u00e1lvulas equivalentes FCX3<\/a><br \/>\n<a href=\"https:\/\/www.anythingflows.com\/es\/max-air-actuadores-neumaticos\/\">Paquetes de automatizaci\u00f3n Max-Air, Bettis, Rotork<\/a><br \/>\n<a href=\"https:\/\/www.anythingflows.com\/es\/safi-valvulas-termoplasticas\/\">V\u00e1lvulas termopl\u00e1sticas SAFI<\/a><br \/>\n<a href=\"https:\/\/www.anythingflows.com\/es\/valvulas-de-control-fisher\/\">V\u00e1lvulas de Control Fisher\u2122\u00a0<\/a><\/p>\n<\/div>\n<div class=\"wpcf7 no-js\" id=\"wpcf7-f4-o1\" lang=\"es-ES\" dir=\"ltr\" data-wpcf7-id=\"4\">\n<div class=\"screen-reader-response\"><p role=\"status\" aria-live=\"polite\" aria-atomic=\"true\"><\/p> <ul><\/ul><\/div>\n<form action=\"\/es\/wp-json\/wp\/v2\/pages\/9555#wpcf7-f4-o1\" method=\"post\" class=\"wpcf7-form init\" aria-label=\"Formulario de contacto\" novalidate=\"novalidate\" data-status=\"init\">\n<fieldset class=\"hidden-fields-container\"><input type=\"hidden\" name=\"_wpcf7\" value=\"4\" \/><input type=\"hidden\" name=\"_wpcf7_version\" value=\"6.1.5\" \/><input type=\"hidden\" name=\"_wpcf7_locale\" value=\"es_ES\" \/><input type=\"hidden\" name=\"_wpcf7_unit_tag\" value=\"wpcf7-f4-o1\" \/><input type=\"hidden\" name=\"_wpcf7_container_post\" value=\"0\" \/><input type=\"hidden\" name=\"_wpcf7_posted_data_hash\" value=\"\" \/>\n<\/fieldset>\n<p>Nombre *\n<\/p>\n<p><span class=\"wpcf7-form-control-wrap\" data-name=\"your-name\"><input size=\"40\" maxlength=\"400\" class=\"wpcf7-form-control wpcf7-text wpcf7-validates-as-required\" aria-required=\"true\" aria-invalid=\"false\" value=\"\" type=\"text\" name=\"your-name\" \/><\/span>\n<\/p>\n<p>Correo electr\u00f3nico *\n<\/p>\n<p><span class=\"wpcf7-form-control-wrap\" data-name=\"your-email\"><input size=\"40\" maxlength=\"400\" class=\"wpcf7-form-control wpcf7-email wpcf7-validates-as-required wpcf7-text wpcf7-validates-as-email\" aria-required=\"true\" aria-invalid=\"false\" value=\"\" type=\"email\" name=\"your-email\" \/><\/span>\n<\/p>\n<p>Tel\u00e9fono (Incluir c\u00f3digo de area\/c\u00f3digo de pa\u00eds) *\n<\/p>\n<p><span class=\"wpcf7-form-control-wrap\" data-name=\"phone-number\"><input size=\"40\" maxlength=\"400\" class=\"wpcf7-form-control wpcf7-text wpcf7-validates-as-required\" aria-required=\"true\" aria-invalid=\"false\" value=\"\" type=\"text\" name=\"phone-number\" \/><\/span>\n<\/p>\n<p>T\u00edtulo\n<\/p>\n<p><span class=\"wpcf7-form-control-wrap\" data-name=\"title-name\"><input size=\"40\" maxlength=\"400\" class=\"wpcf7-form-control wpcf7-text\" aria-invalid=\"false\" value=\"\" type=\"text\" name=\"title-name\" \/><\/span>\n<\/p>\n<p>Nombre de empresa\n<\/p>\n<p><span class=\"wpcf7-form-control-wrap\" data-name=\"company-name\"><input size=\"40\" maxlength=\"400\" class=\"wpcf7-form-control wpcf7-text\" aria-invalid=\"false\" value=\"\" type=\"text\" name=\"company-name\" \/><\/span>\n<\/p>\n<p>Nombre de proyecto\n<\/p>\n<p><span class=\"wpcf7-form-control-wrap\" data-name=\"project-name\"><input size=\"40\" maxlength=\"400\" class=\"wpcf7-form-control wpcf7-text\" aria-invalid=\"false\" value=\"\" type=\"text\" name=\"project-name\" \/><\/span>\n<\/p>\n<p>Destino final\n<\/p>\n<p><span class=\"wpcf7-form-control-wrap\" data-name=\"destination-name\"><input size=\"40\" maxlength=\"400\" class=\"wpcf7-form-control wpcf7-text\" aria-invalid=\"false\" value=\"\" type=\"text\" name=\"destination-name\" \/><\/span>\n<\/p>\n<p>Industria\n<\/p>\n<p><span class=\"wpcf7-form-control-wrap\" data-name=\"industry-name\"><input size=\"40\" maxlength=\"400\" class=\"wpcf7-form-control wpcf7-text\" aria-invalid=\"false\" value=\"\" type=\"text\" name=\"industry-name\" \/><\/span>\n<\/p>\n<p>Fluido\n<\/p>\n<p><span class=\"wpcf7-form-control-wrap\" data-name=\"media-name\"><input size=\"40\" maxlength=\"400\" class=\"wpcf7-form-control wpcf7-text\" aria-invalid=\"false\" value=\"\" type=\"text\" name=\"media-name\" \/><\/span>\n<\/p>\n<p>Presi\u00f3n (Min \/ Max)\n<\/p>\n<p><span class=\"wpcf7-form-control-wrap\" data-name=\"pressure-name\"><input size=\"40\" maxlength=\"400\" class=\"wpcf7-form-control wpcf7-text\" aria-invalid=\"false\" value=\"\" type=\"text\" name=\"pressure-name\" \/><\/span>\n<\/p>\n<p>Temperatura (Min \/ Max)\n<\/p>\n<p><span class=\"wpcf7-form-control-wrap\" data-name=\"temperature-name\"><input size=\"40\" maxlength=\"400\" class=\"wpcf7-form-control wpcf7-text\" aria-invalid=\"false\" value=\"\" type=\"text\" name=\"temperature-name\" \/><\/span>\n<\/p>\n<p>Mensaje *\n<\/p>\n<p><span class=\"wpcf7-form-control-wrap\" data-name=\"your-message\"><textarea cols=\"40\" rows=\"10\" maxlength=\"2000\" class=\"wpcf7-form-control wpcf7-textarea wpcf7-validates-as-required\" aria-required=\"true\" aria-invalid=\"false\" name=\"your-message\"><\/textarea><\/span>\n<\/p>\n<p>* Campos obligatorios\n<\/p>\n<p><input class=\"wpcf7-form-control wpcf7-submit has-spinner\" type=\"submit\" value=\"Enviar\" \/>\n<\/p><p style=\"display: none !important;\" class=\"akismet-fields-container\" data-prefix=\"_wpcf7_ak_\"><label>&#916;<textarea name=\"_wpcf7_ak_hp_textarea\" cols=\"45\" rows=\"8\" maxlength=\"100\"><\/textarea><\/label><input type=\"hidden\" id=\"ak_js_1\" name=\"_wpcf7_ak_js\" value=\"70\"\/><script>document.getElementById( \"ak_js_1\" ).setAttribute( \"value\", ( new Date() ).getTime() );<\/script><\/p><div class=\"fusion-alert alert custom alert-custom fusion-alert-center wpcf7-response-output fusion-alert-capitalize awb-alert-native-link-color alert-dismissable awb-alert-close-boxed\" style=\"--awb-border-size:1px;--awb-border-top-left-radius:0px;--awb-border-top-right-radius:0px;--awb-border-bottom-left-radius:0px;--awb-border-bottom-right-radius:0px;\" role=\"alert\"><div class=\"fusion-alert-content-wrapper\"><span class=\"fusion-alert-content\"><\/span><\/div><button type=\"button\" class=\"close toggle-alert\" data-dismiss=\"alert\" aria-label=\"Close\">&times;<\/button><\/div>\n<\/form>\n<\/div>\n<div id=\"rfq-form\"><\/div>\n<div class=\"fusion-text fusion-text-2\"><h3>Preguntas Frecuentes<\/h3>\n<\/div><style type=\"text\/css\">.fusion-faqs-wrapper #accordian-1 .fusion-panel { border-color:#e0dede; }.fusion-faqs-wrapper #accordian-1 .fusion-panel:hover{ border-color: #e0dede; }.fusion-accordian #accordian-1 .panel-title a .fa-fusion-box:before{ font-size: 13px;width: 13px;}.fusion-accordian #accordian-1 .panel-title a .fa-fusion-box{ color: #ffffff;}.fusion-accordian  #accordian-1 .panel-title a{font-family:\"Viga\";font-style:normal;font-weight:regular;}.fusion-accordian  #accordian-1 .panel-title a:not(:hover){color:#002c54;}.fusion-accordian  #accordian-1 .toggle-content{font-family:\"Roboto\";font-style:normal;font-weight:400;}.fusion-accordian #accordian-1 .fa-fusion-box { background-color: #333333 !important;border-color: #333333 !important;}.fusion-accordian #accordian-1 .panel-title a:hover,.fusion-accordian #accordian-1 .panel-title a.hover { color: #002c54;}.fusion-faq-shortcode .fusion-accordian #accordian-1 .fusion-toggle-boxed-mode:hover .panel-title a { color: #002c54;}.fusion-accordian #accordian-1 .panel-title .active .fa-fusion-box,.fusion-accordian #accordian-1 .panel-title a:hover .fa-fusion-box,.fusion-accordian #accordian-1 .panel-title a.hover .fa-fusion-box { background-color: #002c54!important;border-color: #002c54!important;}<\/style><div class=\"fusion-faq-shortcode\" style=\"\"><div class=\"fusion-faqs-wrapper\"><div class=\"accordian fusion-accordian\"><div class=\"panel-group \" id=\"accordian-1\"><div class=\"fusion-panel panel-default fusion-faq-post fusion-faq-post-11135 safi-preguntas-frecuentes \"><span class=\"entry-title rich-snippet-hidden\">\u00bfLas v\u00e1lvulas SAFI se pueden comprar en l\u00ednea?<\/span><span class=\"vcard rich-snippet-hidden\"><span class=\"fn\"><a href=\"https:\/\/www.anythingflows.com\/es\/author\/anythingflows\/\" title=\"Entradas de AnythingFlows\" rel=\"author\">AnythingFlows<\/a><\/span><\/span><span class=\"updated rich-snippet-hidden\">2025-12-30T17:04:06-06:00<\/span><div class=\"panel-heading\"><h4 id=\"faq_1-11135\" class=\"panel-title toggle\"><a data-toggle=\"collapse\" class=\"collapsed\" data-parent=\"#accordian-1\" data-target=\"#collapse-1-11135\" href=\"#collapse-1-11135\" aria-expanded=\"false\"><div class=\"fusion-toggle-icon-wrapper\"><div class=\"fusion-toggle-icon-wrapper-main\"><div class=\"fusion-toggle-icon-wrapper-sub\"><i class=\"fa-fusion-box active-icon awb-icon-minus\" aria-hidden=\"true\"><\/i><i class=\"fa-fusion-box inactive-icon awb-icon-plus\" aria-hidden=\"true\"><\/i><\/div><\/div><\/div><div class=\"fusion-toggle-heading\">\u00bfLas v\u00e1lvulas SAFI se pueden comprar en l\u00ednea?<\/div><\/a><\/h4><\/div><div id=\"collapse-1-11135\" aria-labelledby=\"faq_1-11135\" class=\"panel-collapse collapse\"><div class=\"panel-body toggle-content post-content\"><p>S\u00ed. Las v\u00e1lvulas termopl\u00e1sticas SAFI ya est\u00e1n disponibles para compra directa en nuestra tienda en l\u00ednea. Ofrecemos soporte t\u00e9cnico para selecci\u00f3n de materiales y aplicaciones. Siga el enlace: <a href=\"https:\/\/www.anythingflows.com\/es\/tienda\/\">Aqui\u00a0<\/a><\/p>\n<\/div><\/div><\/div><div class=\"fusion-panel panel-default fusion-faq-post fusion-faq-post-11098 safi-preguntas-frecuentes \"><span class=\"entry-title rich-snippet-hidden\">\u00bfOfrecen entrega r\u00e1pida y env\u00edos internacionales?<\/span><span class=\"vcard rich-snippet-hidden\"><span class=\"fn\"><a href=\"https:\/\/www.anythingflows.com\/es\/author\/anythingflows\/\" title=\"Entradas de AnythingFlows\" rel=\"author\">AnythingFlows<\/a><\/span><\/span><span class=\"updated rich-snippet-hidden\">2025-12-22T22:27:41-06:00<\/span><div class=\"panel-heading\"><h4 id=\"faq_1-11098\" class=\"panel-title toggle\"><a data-toggle=\"collapse\" class=\"collapsed\" data-parent=\"#accordian-1\" data-target=\"#collapse-1-11098\" href=\"#collapse-1-11098\" aria-expanded=\"false\"><div class=\"fusion-toggle-icon-wrapper\"><div class=\"fusion-toggle-icon-wrapper-main\"><div class=\"fusion-toggle-icon-wrapper-sub\"><i class=\"fa-fusion-box active-icon awb-icon-minus\" aria-hidden=\"true\"><\/i><i class=\"fa-fusion-box inactive-icon awb-icon-plus\" aria-hidden=\"true\"><\/i><\/div><\/div><\/div><div class=\"fusion-toggle-heading\">\u00bfOfrecen entrega r\u00e1pida y env\u00edos internacionales?<\/div><\/a><\/h4><\/div><div id=\"collapse-1-11098\" aria-labelledby=\"faq_1-11098\" class=\"panel-collapse collapse\"><div class=\"panel-body toggle-content post-content\"><p>S\u00ed. Ofrecemos <strong data-start=\"1941\" data-end=\"1993\">env\u00edos r\u00e1pidos en Estados Unidos y Latinoam\u00e9rica<\/strong>, adem\u00e1s de soporte para proyectos y env\u00edos internacionales de v\u00e1lvulas termopl\u00e1sticas SAFI.<\/p>\n<\/div><\/div><\/div><div class=\"fusion-panel panel-default fusion-faq-post fusion-faq-post-11096 safi-preguntas-frecuentes \"><span class=\"entry-title rich-snippet-hidden\">\u00bfPueden ayudarme a seleccionar el material correcto de la v\u00e1lvula?<\/span><span class=\"vcard rich-snippet-hidden\"><span class=\"fn\"><a href=\"https:\/\/www.anythingflows.com\/es\/author\/anythingflows\/\" title=\"Entradas de AnythingFlows\" rel=\"author\">AnythingFlows<\/a><\/span><\/span><span class=\"updated rich-snippet-hidden\">2025-12-22T22:26:56-06:00<\/span><div class=\"panel-heading\"><h4 id=\"faq_1-11096\" class=\"panel-title toggle\"><a data-toggle=\"collapse\" class=\"collapsed\" data-parent=\"#accordian-1\" data-target=\"#collapse-1-11096\" href=\"#collapse-1-11096\" aria-expanded=\"false\"><div class=\"fusion-toggle-icon-wrapper\"><div class=\"fusion-toggle-icon-wrapper-main\"><div class=\"fusion-toggle-icon-wrapper-sub\"><i class=\"fa-fusion-box active-icon awb-icon-minus\" aria-hidden=\"true\"><\/i><i class=\"fa-fusion-box inactive-icon awb-icon-plus\" aria-hidden=\"true\"><\/i><\/div><\/div><\/div><div class=\"fusion-toggle-heading\">\u00bfPueden ayudarme a seleccionar el material correcto de la v\u00e1lvula?<\/div><\/a><\/h4><\/div><div id=\"collapse-1-11096\" aria-labelledby=\"faq_1-11096\" class=\"panel-collapse collapse\"><div class=\"panel-body toggle-content post-content\"><p>S\u00ed. Brindamos <strong data-start=\"1702\" data-end=\"1769\">soporte t\u00e9cnico para selecci\u00f3n de materiales y dimensionamiento<\/strong>, considerando el fluido corrosivo, la temperatura, la presi\u00f3n y las condiciones de operaci\u00f3n.<\/p>\n<\/div><\/div><\/div><div class=\"fusion-panel panel-default fusion-faq-post fusion-faq-post-11094 safi-preguntas-frecuentes \"><span class=\"entry-title rich-snippet-hidden\">\u00bfLas v\u00e1lvulas SAFI son adecuadas para plantas qu\u00edmicas y tratamiento de agua?<\/span><span class=\"vcard rich-snippet-hidden\"><span class=\"fn\"><a href=\"https:\/\/www.anythingflows.com\/es\/author\/anythingflows\/\" title=\"Entradas de AnythingFlows\" rel=\"author\">AnythingFlows<\/a><\/span><\/span><span class=\"updated rich-snippet-hidden\">2025-12-22T22:26:19-06:00<\/span><div class=\"panel-heading\"><h4 id=\"faq_1-11094\" class=\"panel-title toggle\"><a data-toggle=\"collapse\" class=\"collapsed\" data-parent=\"#accordian-1\" data-target=\"#collapse-1-11094\" href=\"#collapse-1-11094\" aria-expanded=\"false\"><div class=\"fusion-toggle-icon-wrapper\"><div class=\"fusion-toggle-icon-wrapper-main\"><div class=\"fusion-toggle-icon-wrapper-sub\"><i class=\"fa-fusion-box active-icon awb-icon-minus\" aria-hidden=\"true\"><\/i><i class=\"fa-fusion-box inactive-icon awb-icon-plus\" aria-hidden=\"true\"><\/i><\/div><\/div><\/div><div class=\"fusion-toggle-heading\">\u00bfLas v\u00e1lvulas SAFI son adecuadas para plantas qu\u00edmicas y tratamiento de agua?<\/div><\/a><\/h4><\/div><div id=\"collapse-1-11094\" aria-labelledby=\"faq_1-11094\" class=\"panel-collapse collapse\"><div class=\"panel-body toggle-content post-content\"><p>S\u00ed. Las v\u00e1lvulas SAFI se utilizan ampliamente en <strong data-start=\"1426\" data-end=\"1559\">procesos qu\u00edmicos, tratamiento de aguas residuales, desalinizaci\u00f3n, miner\u00eda, alimentos y bebidas, y sistemas industriales de agua<\/strong>, gracias a su dise\u00f1o resistente a la corrosi\u00f3n.<\/p>\n<\/div><\/div><\/div><div class=\"fusion-panel panel-default fusion-faq-post fusion-faq-post-11083 safi-preguntas-frecuentes \"><span class=\"entry-title rich-snippet-hidden\">\u00bfLas v\u00e1lvulas SAFI pueden automatizarse?<\/span><span class=\"vcard rich-snippet-hidden\"><span class=\"fn\"><a href=\"https:\/\/www.anythingflows.com\/es\/author\/anythingflows\/\" title=\"Entradas de AnythingFlows\" rel=\"author\">AnythingFlows<\/a><\/span><\/span><span class=\"updated rich-snippet-hidden\">2025-12-22T22:25:10-06:00<\/span><div class=\"panel-heading\"><h4 id=\"faq_1-11083\" class=\"panel-title toggle\"><a data-toggle=\"collapse\" class=\"collapsed\" data-parent=\"#accordian-1\" data-target=\"#collapse-1-11083\" href=\"#collapse-1-11083\" aria-expanded=\"false\"><div class=\"fusion-toggle-icon-wrapper\"><div class=\"fusion-toggle-icon-wrapper-main\"><div class=\"fusion-toggle-icon-wrapper-sub\"><i class=\"fa-fusion-box active-icon awb-icon-minus\" aria-hidden=\"true\"><\/i><i class=\"fa-fusion-box inactive-icon awb-icon-plus\" aria-hidden=\"true\"><\/i><\/div><\/div><\/div><div class=\"fusion-toggle-heading\">\u00bfLas v\u00e1lvulas SAFI pueden automatizarse?<\/div><\/a><\/h4><\/div><div id=\"collapse-1-11083\" aria-labelledby=\"faq_1-11083\" class=\"panel-collapse collapse\"><div class=\"panel-body toggle-content post-content\"><p>S\u00ed. Las v\u00e1lvulas SAFI pueden suministrarse con <strong data-start=\"1141\" data-end=\"1179\">actuadores neum\u00e1ticos o el\u00e9ctricos<\/strong>, utilizando montaje ISO, para soluciones de automatizaci\u00f3n completas en sistemas industriales y qu\u00edmicos.<\/p>\n<\/div><\/div><\/div><div class=\"fusion-panel panel-default fusion-faq-post fusion-faq-post-11082 safi-preguntas-frecuentes \"><span class=\"entry-title rich-snippet-hidden\">\u00bfQu\u00e9 tipos de v\u00e1lvulas SAFI suministran?<\/span><span class=\"vcard rich-snippet-hidden\"><span class=\"fn\"><a href=\"https:\/\/www.anythingflows.com\/es\/author\/anythingflows\/\" title=\"Entradas de AnythingFlows\" rel=\"author\">AnythingFlows<\/a><\/span><\/span><span class=\"updated rich-snippet-hidden\">2025-12-22T22:24:38-06:00<\/span><div class=\"panel-heading\"><h4 id=\"faq_1-11082\" class=\"panel-title toggle\"><a data-toggle=\"collapse\" class=\"collapsed\" data-parent=\"#accordian-1\" data-target=\"#collapse-1-11082\" href=\"#collapse-1-11082\" aria-expanded=\"false\"><div class=\"fusion-toggle-icon-wrapper\"><div class=\"fusion-toggle-icon-wrapper-main\"><div class=\"fusion-toggle-icon-wrapper-sub\"><i class=\"fa-fusion-box active-icon awb-icon-minus\" aria-hidden=\"true\"><\/i><i class=\"fa-fusion-box inactive-icon awb-icon-plus\" aria-hidden=\"true\"><\/i><\/div><\/div><\/div><div class=\"fusion-toggle-heading\">\u00bfQu\u00e9 tipos de v\u00e1lvulas SAFI suministran?<\/div><\/a><\/h4><\/div><div id=\"collapse-1-11082\" aria-labelledby=\"faq_1-11082\" class=\"panel-collapse collapse\"><div class=\"panel-body toggle-content post-content\"><p>Suministramos <strong data-start=\"870\" data-end=\"961\">v\u00e1lvulas de bola, v\u00e1lvulas mariposa, v\u00e1lvulas de diafragma y v\u00e1lvulas de retenci\u00f3n SAFI<\/strong>, tanto en versiones manuales como automatizadas para aplicaciones de proceso.<\/p>\n<\/div><\/div><\/div><div class=\"fusion-panel panel-default fusion-faq-post fusion-faq-post-11090 safi-preguntas-frecuentes \"><span class=\"entry-title rich-snippet-hidden\">\u00bfEn qu\u00e9 materiales est\u00e1n disponibles las v\u00e1lvulas SAFI?<\/span><span class=\"vcard rich-snippet-hidden\"><span class=\"fn\"><a href=\"https:\/\/www.anythingflows.com\/es\/author\/anythingflows\/\" title=\"Entradas de AnythingFlows\" rel=\"author\">AnythingFlows<\/a><\/span><\/span><span class=\"updated rich-snippet-hidden\">2025-12-22T22:24:04-06:00<\/span><div class=\"panel-heading\"><h4 id=\"faq_1-11090\" class=\"panel-title toggle\"><a data-toggle=\"collapse\" class=\"collapsed\" data-parent=\"#accordian-1\" data-target=\"#collapse-1-11090\" href=\"#collapse-1-11090\" aria-expanded=\"false\"><div class=\"fusion-toggle-icon-wrapper\"><div class=\"fusion-toggle-icon-wrapper-main\"><div class=\"fusion-toggle-icon-wrapper-sub\"><i class=\"fa-fusion-box active-icon awb-icon-minus\" aria-hidden=\"true\"><\/i><i class=\"fa-fusion-box inactive-icon awb-icon-plus\" aria-hidden=\"true\"><\/i><\/div><\/div><\/div><div class=\"fusion-toggle-heading\">\u00bfEn qu\u00e9 materiales est\u00e1n disponibles las v\u00e1lvulas SAFI?<\/div><\/a><\/h4><\/div><div id=\"collapse-1-11090\" aria-labelledby=\"faq_1-11090\" class=\"panel-collapse collapse\"><div class=\"panel-body toggle-content post-content\"><p>Las v\u00e1lvulas termopl\u00e1sticas SAFI est\u00e1n disponibles en <strong data-start=\"657\" data-end=\"683\">PP, PVDF, PVC-U y HDPE<\/strong>, permitiendo una correcta selecci\u00f3n del material seg\u00fan la compatibilidad qu\u00edmica, temperatura y presi\u00f3n de operaci\u00f3n.<\/p>\n<\/div><\/div><\/div><div class=\"fusion-panel panel-default fusion-faq-post fusion-faq-post-11089 safi-preguntas-frecuentes \"><span class=\"entry-title rich-snippet-hidden\">\u00bfPara qu\u00e9 aplicaciones se utilizan las v\u00e1lvulas termopl\u00e1sticas SAFI?<\/span><span class=\"vcard rich-snippet-hidden\"><span class=\"fn\"><a href=\"https:\/\/www.anythingflows.com\/es\/author\/anythingflows\/\" title=\"Entradas de AnythingFlows\" rel=\"author\">AnythingFlows<\/a><\/span><\/span><span class=\"updated rich-snippet-hidden\">2025-12-22T22:23:36-06:00<\/span><div class=\"panel-heading\"><h4 id=\"faq_1-11089\" class=\"panel-title toggle\"><a data-toggle=\"collapse\" class=\"collapsed\" data-parent=\"#accordian-1\" data-target=\"#collapse-1-11089\" href=\"#collapse-1-11089\" aria-expanded=\"false\"><div class=\"fusion-toggle-icon-wrapper\"><div class=\"fusion-toggle-icon-wrapper-main\"><div class=\"fusion-toggle-icon-wrapper-sub\"><i class=\"fa-fusion-box active-icon awb-icon-minus\" aria-hidden=\"true\"><\/i><i class=\"fa-fusion-box inactive-icon awb-icon-plus\" aria-hidden=\"true\"><\/i><\/div><\/div><\/div><div class=\"fusion-toggle-heading\">\u00bfPara qu\u00e9 aplicaciones se utilizan las v\u00e1lvulas termopl\u00e1sticas SAFI?<\/div><\/a><\/h4><\/div><div id=\"collapse-1-11089\" aria-labelledby=\"faq_1-11089\" class=\"panel-collapse collapse\"><div class=\"panel-body toggle-content post-content\"><p>Las v\u00e1lvulas SAFI est\u00e1n dise\u00f1adas para manejar <strong data-start=\"348\" data-end=\"382\">fluidos corrosivos y agresivos<\/strong>, como \u00e1cidos, qu\u00edmicos, salmueras, agua de mar, aguas residuales, lodos mineros y procesos industriales donde las v\u00e1lvulas met\u00e1licas no son adecuadas.<\/p>\n<\/div><\/div><\/div><\/div><\/div><\/div><\/div><\/div><\/div><\/div><\/div>\n","protected":false},"excerpt":{"rendered":"","protected":false},"author":2,"featured_media":0,"parent":0,"menu_order":0,"comment_status":"closed","ping_status":"closed","template":"","meta":{"footnotes":""},"class_list":["post-9555","page","type-page","status-publish","hentry"],"jetpack_sharing_enabled":true,"_links":{"self":[{"href":"https:\/\/www.anythingflows.com\/es\/wp-json\/wp\/v2\/pages\/9555","targetHints":{"allow":["GET"]}}],"collection":[{"href":"https:\/\/www.anythingflows.com\/es\/wp-json\/wp\/v2\/pages"}],"about":[{"href":"https:\/\/www.anythingflows.com\/es\/wp-json\/wp\/v2\/types\/page"}],"author":[{"embeddable":true,"href":"https:\/\/www.anythingflows.com\/es\/wp-json\/wp\/v2\/users\/2"}],"replies":[{"embeddable":true,"href":"https:\/\/www.anythingflows.com\/es\/wp-json\/wp\/v2\/comments?post=9555"}],"version-history":[{"count":5,"href":"https:\/\/www.anythingflows.com\/es\/wp-json\/wp\/v2\/pages\/9555\/revisions"}],"predecessor-version":[{"id":11087,"href":"https:\/\/www.anythingflows.com\/es\/wp-json\/wp\/v2\/pages\/9555\/revisions\/11087"}],"wp:attachment":[{"href":"https:\/\/www.anythingflows.com\/es\/wp-json\/wp\/v2\/media?parent=9555"}],"curies":[{"name":"wp","href":"https:\/\/api.w.org\/{rel}","templated":true}]}}