{"id":9552,"date":"2025-12-08T17:07:13","date_gmt":"2025-12-08T23:07:13","guid":{"rendered":"https:\/\/www.anythingflows.com\/es\/?page_id=9552"},"modified":"2025-12-30T16:16:26","modified_gmt":"2025-12-30T22:16:26","slug":"valvulas-fcx3","status":"publish","type":"page","link":"https:\/\/www.anythingflows.com\/es\/valvulas-fcx3\/","title":{"rendered":"V\u00e1lvulas FCX3"},"content":{"rendered":"<div class=\"fusion-fullwidth fullwidth-box fusion-builder-row-1 fusion-flex-container nonhundred-percent-fullwidth non-hundred-percent-height-scrolling\" style=\"--awb-border-radius-top-left:0px;--awb-border-radius-top-right:0px;--awb-border-radius-bottom-right:0px;--awb-border-radius-bottom-left:0px;--awb-flex-wrap:wrap;\" ><div class=\"fusion-builder-row fusion-row fusion-flex-align-items-flex-start fusion-flex-content-wrap\" style=\"max-width:1144px;margin-left: calc(-4% \/ 2 );margin-right: calc(-4% \/ 2 );\"><div class=\"fusion-layout-column fusion_builder_column fusion-builder-column-0 fusion_builder_column_1_1 1_1 fusion-flex-column\" style=\"--awb-bg-size:cover;--awb-width-large:100%;--awb-margin-top-large:0px;--awb-spacing-right-large:1.92%;--awb-margin-bottom-large:0px;--awb-spacing-left-large:1.92%;--awb-width-medium:100%;--awb-spacing-right-medium:1.92%;--awb-spacing-left-medium:1.92%;--awb-width-small:100%;--awb-spacing-right-small:1.92%;--awb-spacing-left-small:1.92%;\"><div class=\"fusion-column-wrapper fusion-flex-justify-content-flex-start fusion-content-layout-column\"><div class=\"fusion-text fusion-text-1\"><h1 data-start=\"258\" data-end=\"346\">V\u00e1lvulas FCX3\u2122 \u2014 Equivalentes OEM y Paquetes para Proyectos<\/h1>\n<hr data-start=\"348\" data-end=\"351\" \/>\n<p data-start=\"353\" data-end=\"741\">FCX3\u2122 ofrece v\u00e1lvulas equivalentes a OEM con menor costo, mejores tiempos de entrega y alto rendimiento industrial.<\/p>\n<p data-start=\"743\" data-end=\"882\">Cotizaciones r\u00e1pidas. Env\u00ede hojas t\u00e9cnicas, n\u00fameros de TAG, solicitudes MRO o especificaciones del proyecto para recibir soporte inmediato.<\/p>\n<p data-start=\"743\" data-end=\"882\"><div class=\"fusion-button-wrapper\"><a class=\"fusion-button button-flat fusion-button-default-size button-default fusion-button-default button-1 fusion-button-default-span fusion-button-default-type\" target=\"_self\" href=\"#rfq-form\"><span class=\"fusion-button-text awb-button__text awb-button__text--default\">Solicita cotizaci\u00f3n<\/span><\/a><\/div><\/p>\n<hr data-start=\"884\" data-end=\"887\" \/>\n<h2 data-start=\"8049\" data-end=\"8068\">Esf\u00e9ricas FCX3<\/h2>\n<p data-start=\"8069\" data-end=\"8151\">\u2022 Flotantes y trunnion<br data-start=\"8091\" data-end=\"8094\" \/>\u2022 Fire-safe<br data-start=\"8105\" data-end=\"8108\" \/>\u2022 API \/ ASME<br data-start=\"8120\" data-end=\"8123\" \/>\u2022 Paso completo o reducido<\/p>\n<hr data-start=\"8153\" data-end=\"8156\" \/>\n<h2 data-start=\"8158\" data-end=\"8192\">Compuerta \/ Globo \/ Retenci\u00f3n<\/h2>\n<p data-start=\"8193\" data-end=\"8253\">\u2022 Servicio industrial<br data-start=\"8214\" data-end=\"8217\" \/>\u2022 Hardfacing<br data-start=\"8229\" data-end=\"8232\" \/>\u2022 Normas API \/ ASME<\/p>\n<hr data-start=\"8255\" data-end=\"8258\" \/>\n<h2 data-start=\"8260\" data-end=\"8278\">Mariposa FCX3<\/h2>\n<p data-start=\"8279\" data-end=\"8331\">\u2022 Resiliente<br data-start=\"8291\" data-end=\"8294\" \/>\u2022 Alto desempe\u00f1o<br data-start=\"8310\" data-end=\"8313\" \/>\u2022 CS, SS, Duplex<\/p>\n<hr data-start=\"8333\" data-end=\"8336\" \/>\n<h2 data-start=\"8338\" data-end=\"8353\">Industrias<\/h2>\n<p data-start=\"8354\" data-end=\"8429\">\u2022 Petr\u00f3leo &amp; gas<br data-start=\"8370\" data-end=\"8373\" \/>\u2022 Energ\u00eda<br data-start=\"8382\" data-end=\"8385\" \/>\u2022 Miner\u00eda<br data-start=\"8394\" data-end=\"8397\" \/>\u2022 Agua<br data-start=\"8403\" data-end=\"8406\" \/>\u2022 EPC<br data-start=\"8411\" data-end=\"8414\" \/>\u2022 Manufactura<\/p>\n<hr data-start=\"8431\" data-end=\"8434\" \/>\n<h2 data-start=\"8436\" data-end=\"8465\">Solicita Cotizaci\u00f3n FCX3<\/h2>\n<p data-start=\"8466\" data-end=\"8567\"><div class=\"fusion-aligncenter\"><a class=\"fusion-button button-flat fusion-button-default-size button-default fusion-button-default button-2 fusion-button-default-span fusion-button-default-type\" target=\"_self\" href=\"#rfq-form\"><span class=\"fusion-button-text awb-button__text awb-button__text--default\">Solicita Cotizaci\u00f3n<\/span><\/a><\/div><\/p>\n<hr data-start=\"8569\" data-end=\"8572\" \/>\n<h2 data-start=\"8574\" data-end=\"8599\">Enlaces Relacionados<\/h2>\n<p><a href=\"https:\/\/www.anythingflows.com\/es\/cameron-wkm-grove-valvulas-api\/\">V\u00e1lvulas API Cameron \/ WKM \/ Grove<\/a><br \/>\n<a href=\"https:\/\/www.anythingflows.com\/es\/valvulas-fcx3\/\">V\u00e1lvulas equivalentes FCX3<\/a><br \/>\n<a href=\"https:\/\/www.anythingflows.com\/es\/max-air-actuadores-neumaticos\/\">Paquetes de automatizaci\u00f3n Max-Air, Bettis, Rotork<\/a><br \/>\n<a href=\"https:\/\/www.anythingflows.com\/es\/safi-valvulas-termoplasticas\/\">V\u00e1lvulas termopl\u00e1sticas SAFI<\/a><br \/>\n<a href=\"https:\/\/www.anythingflows.com\/es\/valvulas-de-control-fisher\/\">V\u00e1lvulas de Control Fisher\u2122\u00a0<\/a><\/p>\n<\/div>\n<div class=\"wpcf7 no-js\" id=\"wpcf7-f4-o1\" lang=\"es-ES\" dir=\"ltr\" data-wpcf7-id=\"4\">\n<div class=\"screen-reader-response\"><p role=\"status\" aria-live=\"polite\" aria-atomic=\"true\"><\/p> <ul><\/ul><\/div>\n<form action=\"\/es\/wp-json\/wp\/v2\/pages\/9552#wpcf7-f4-o1\" method=\"post\" class=\"wpcf7-form init\" aria-label=\"Formulario de contacto\" novalidate=\"novalidate\" data-status=\"init\">\n<fieldset class=\"hidden-fields-container\"><input type=\"hidden\" name=\"_wpcf7\" value=\"4\" \/><input type=\"hidden\" name=\"_wpcf7_version\" value=\"6.1.5\" \/><input type=\"hidden\" name=\"_wpcf7_locale\" value=\"es_ES\" \/><input type=\"hidden\" name=\"_wpcf7_unit_tag\" value=\"wpcf7-f4-o1\" \/><input type=\"hidden\" name=\"_wpcf7_container_post\" value=\"0\" \/><input type=\"hidden\" name=\"_wpcf7_posted_data_hash\" value=\"\" \/>\n<\/fieldset>\n<p>Nombre *\n<\/p>\n<p><span class=\"wpcf7-form-control-wrap\" data-name=\"your-name\"><input size=\"40\" maxlength=\"400\" class=\"wpcf7-form-control wpcf7-text wpcf7-validates-as-required\" aria-required=\"true\" aria-invalid=\"false\" value=\"\" type=\"text\" name=\"your-name\" \/><\/span>\n<\/p>\n<p>Correo electr\u00f3nico *\n<\/p>\n<p><span class=\"wpcf7-form-control-wrap\" data-name=\"your-email\"><input size=\"40\" maxlength=\"400\" class=\"wpcf7-form-control wpcf7-email wpcf7-validates-as-required wpcf7-text wpcf7-validates-as-email\" aria-required=\"true\" aria-invalid=\"false\" value=\"\" type=\"email\" name=\"your-email\" \/><\/span>\n<\/p>\n<p>Tel\u00e9fono (Incluir c\u00f3digo de area\/c\u00f3digo de pa\u00eds) *\n<\/p>\n<p><span class=\"wpcf7-form-control-wrap\" data-name=\"phone-number\"><input size=\"40\" maxlength=\"400\" class=\"wpcf7-form-control wpcf7-text wpcf7-validates-as-required\" aria-required=\"true\" aria-invalid=\"false\" value=\"\" type=\"text\" name=\"phone-number\" \/><\/span>\n<\/p>\n<p>T\u00edtulo\n<\/p>\n<p><span class=\"wpcf7-form-control-wrap\" data-name=\"title-name\"><input size=\"40\" maxlength=\"400\" class=\"wpcf7-form-control wpcf7-text\" aria-invalid=\"false\" value=\"\" type=\"text\" name=\"title-name\" \/><\/span>\n<\/p>\n<p>Nombre de empresa\n<\/p>\n<p><span class=\"wpcf7-form-control-wrap\" data-name=\"company-name\"><input size=\"40\" maxlength=\"400\" class=\"wpcf7-form-control wpcf7-text\" aria-invalid=\"false\" value=\"\" type=\"text\" name=\"company-name\" \/><\/span>\n<\/p>\n<p>Nombre de proyecto\n<\/p>\n<p><span class=\"wpcf7-form-control-wrap\" data-name=\"project-name\"><input size=\"40\" maxlength=\"400\" class=\"wpcf7-form-control wpcf7-text\" aria-invalid=\"false\" value=\"\" type=\"text\" name=\"project-name\" \/><\/span>\n<\/p>\n<p>Destino final\n<\/p>\n<p><span class=\"wpcf7-form-control-wrap\" data-name=\"destination-name\"><input size=\"40\" maxlength=\"400\" class=\"wpcf7-form-control wpcf7-text\" aria-invalid=\"false\" value=\"\" type=\"text\" name=\"destination-name\" \/><\/span>\n<\/p>\n<p>Industria\n<\/p>\n<p><span class=\"wpcf7-form-control-wrap\" data-name=\"industry-name\"><input size=\"40\" maxlength=\"400\" class=\"wpcf7-form-control wpcf7-text\" aria-invalid=\"false\" value=\"\" type=\"text\" name=\"industry-name\" \/><\/span>\n<\/p>\n<p>Fluido\n<\/p>\n<p><span class=\"wpcf7-form-control-wrap\" data-name=\"media-name\"><input size=\"40\" maxlength=\"400\" class=\"wpcf7-form-control wpcf7-text\" aria-invalid=\"false\" value=\"\" type=\"text\" name=\"media-name\" \/><\/span>\n<\/p>\n<p>Presi\u00f3n (Min \/ Max)\n<\/p>\n<p><span class=\"wpcf7-form-control-wrap\" data-name=\"pressure-name\"><input size=\"40\" maxlength=\"400\" class=\"wpcf7-form-control wpcf7-text\" aria-invalid=\"false\" value=\"\" type=\"text\" name=\"pressure-name\" \/><\/span>\n<\/p>\n<p>Temperatura (Min \/ Max)\n<\/p>\n<p><span class=\"wpcf7-form-control-wrap\" data-name=\"temperature-name\"><input size=\"40\" maxlength=\"400\" class=\"wpcf7-form-control wpcf7-text\" aria-invalid=\"false\" value=\"\" type=\"text\" name=\"temperature-name\" \/><\/span>\n<\/p>\n<p>Mensaje *\n<\/p>\n<p><span class=\"wpcf7-form-control-wrap\" data-name=\"your-message\"><textarea cols=\"40\" rows=\"10\" maxlength=\"2000\" class=\"wpcf7-form-control wpcf7-textarea wpcf7-validates-as-required\" aria-required=\"true\" aria-invalid=\"false\" name=\"your-message\"><\/textarea><\/span>\n<\/p>\n<p>* Campos obligatorios\n<\/p>\n<p><input class=\"wpcf7-form-control wpcf7-submit has-spinner\" type=\"submit\" value=\"Enviar\" \/>\n<\/p><p style=\"display: none !important;\" class=\"akismet-fields-container\" data-prefix=\"_wpcf7_ak_\"><label>&#916;<textarea name=\"_wpcf7_ak_hp_textarea\" cols=\"45\" rows=\"8\" maxlength=\"100\"><\/textarea><\/label><input type=\"hidden\" id=\"ak_js_1\" name=\"_wpcf7_ak_js\" value=\"209\"\/><script>document.getElementById( \"ak_js_1\" ).setAttribute( \"value\", ( new Date() ).getTime() );<\/script><\/p><div class=\"fusion-alert alert custom alert-custom fusion-alert-center wpcf7-response-output fusion-alert-capitalize awb-alert-native-link-color alert-dismissable awb-alert-close-boxed\" style=\"--awb-border-size:1px;--awb-border-top-left-radius:0px;--awb-border-top-right-radius:0px;--awb-border-bottom-left-radius:0px;--awb-border-bottom-right-radius:0px;\" role=\"alert\"><div class=\"fusion-alert-content-wrapper\"><span class=\"fusion-alert-content\"><\/span><\/div><button type=\"button\" class=\"close toggle-alert\" data-dismiss=\"alert\" aria-label=\"Close\">&times;<\/button><\/div>\n<\/form>\n<\/div>\n<div id=\"rfq-form\"><\/div>\n<div class=\"fusion-text fusion-text-2\"><p>Preguntas Frecuentes<\/p>\n<\/div><style type=\"text\/css\">.fusion-faqs-wrapper #accordian-1 .fusion-panel { border-color:#e0dede; }.fusion-faqs-wrapper #accordian-1 .fusion-panel:hover{ border-color: #e0dede; }.fusion-accordian #accordian-1 .panel-title a .fa-fusion-box:before{ font-size: 13px;width: 13px;}.fusion-accordian #accordian-1 .panel-title a .fa-fusion-box{ color: #ffffff;}.fusion-accordian  #accordian-1 .panel-title a{font-family:\"Viga\";font-style:normal;font-weight:regular;}.fusion-accordian  #accordian-1 .panel-title a:not(:hover){color:#002c54;}.fusion-accordian  #accordian-1 .toggle-content{font-family:\"Roboto\";font-style:normal;font-weight:400;}.fusion-accordian #accordian-1 .fa-fusion-box { background-color: #333333 !important;border-color: #333333 !important;}.fusion-accordian #accordian-1 .panel-title a:hover,.fusion-accordian #accordian-1 .panel-title a.hover { color: #002c54;}.fusion-faq-shortcode .fusion-accordian #accordian-1 .fusion-toggle-boxed-mode:hover .panel-title a { color: #002c54;}.fusion-accordian #accordian-1 .panel-title .active .fa-fusion-box,.fusion-accordian #accordian-1 .panel-title a:hover .fa-fusion-box,.fusion-accordian #accordian-1 .panel-title a.hover .fa-fusion-box { background-color: #002c54!important;border-color: #002c54!important;}<\/style><div class=\"fusion-faq-shortcode\" style=\"\"><div class=\"fusion-faqs-wrapper\"><div class=\"accordian fusion-accordian\"><div class=\"panel-group \" id=\"accordian-1\"><div class=\"fusion-panel panel-default fusion-faq-post fusion-faq-post-11104 fcx3-preguntas-frecuentes \"><span class=\"entry-title rich-snippet-hidden\">\u00bfLas v\u00e1lvulas FCX3 pueden suministrarse automatizadas?<\/span><span class=\"vcard rich-snippet-hidden\"><span class=\"fn\"><a href=\"https:\/\/www.anythingflows.com\/es\/author\/anythingflows\/\" title=\"Entradas de AnythingFlows\" rel=\"author\">AnythingFlows<\/a><\/span><\/span><span class=\"updated rich-snippet-hidden\">2025-12-22T22:35:02-06:00<\/span><div class=\"panel-heading\"><h4 id=\"faq_1-11104\" class=\"panel-title toggle\"><a data-toggle=\"collapse\" class=\"collapsed\" data-parent=\"#accordian-1\" data-target=\"#collapse-1-11104\" href=\"#collapse-1-11104\" aria-expanded=\"false\"><div class=\"fusion-toggle-icon-wrapper\"><div class=\"fusion-toggle-icon-wrapper-main\"><div class=\"fusion-toggle-icon-wrapper-sub\"><i class=\"fa-fusion-box active-icon awb-icon-minus\" aria-hidden=\"true\"><\/i><i class=\"fa-fusion-box inactive-icon awb-icon-plus\" aria-hidden=\"true\"><\/i><\/div><\/div><\/div><div class=\"fusion-toggle-heading\">\u00bfLas v\u00e1lvulas FCX3 pueden suministrarse automatizadas?<\/div><\/a><\/h4><\/div><div id=\"collapse-1-11104\" aria-labelledby=\"faq_1-11104\" class=\"panel-collapse collapse\"><div class=\"panel-body toggle-content post-content\"><p>S\u00ed. Las v\u00e1lvulas FCX3 pueden suministrarse <strong data-start=\"1677\" data-end=\"1735\">listas para automatizaci\u00f3n o completamente ensambladas<\/strong> con actuadores neum\u00e1ticos, hidr\u00e1ulicos o el\u00e9ctricos, incluyendo accesorios y documentaci\u00f3n t\u00e9cnica.<\/p>\n<\/div><\/div><\/div><div class=\"fusion-panel panel-default fusion-faq-post fusion-faq-post-11103 fcx3-preguntas-frecuentes \"><span class=\"entry-title rich-snippet-hidden\">\u00bfLas v\u00e1lvulas FCX3 pueden reemplazar marcas Originales reconocidas?<\/span><span class=\"vcard rich-snippet-hidden\"><span class=\"fn\"><a href=\"https:\/\/www.anythingflows.com\/es\/author\/anythingflows\/\" title=\"Entradas de AnythingFlows\" rel=\"author\">AnythingFlows<\/a><\/span><\/span><span class=\"updated rich-snippet-hidden\">2025-12-22T22:34:32-06:00<\/span><div class=\"panel-heading\"><h4 id=\"faq_1-11103\" class=\"panel-title toggle\"><a data-toggle=\"collapse\" class=\"collapsed\" data-parent=\"#accordian-1\" data-target=\"#collapse-1-11103\" href=\"#collapse-1-11103\" aria-expanded=\"false\"><div class=\"fusion-toggle-icon-wrapper\"><div class=\"fusion-toggle-icon-wrapper-main\"><div class=\"fusion-toggle-icon-wrapper-sub\"><i class=\"fa-fusion-box active-icon awb-icon-minus\" aria-hidden=\"true\"><\/i><i class=\"fa-fusion-box inactive-icon awb-icon-plus\" aria-hidden=\"true\"><\/i><\/div><\/div><\/div><div class=\"fusion-toggle-heading\">\u00bfLas v\u00e1lvulas FCX3 pueden reemplazar marcas Originales reconocidas?<\/div><\/a><\/h4><\/div><div id=\"collapse-1-11103\" aria-labelledby=\"faq_1-11103\" class=\"panel-collapse collapse\"><div class=\"panel-body toggle-content post-content\"><p>S\u00ed. Las v\u00e1lvulas FCX3 se utilizan frecuentemente como <strong data-start=\"1441\" data-end=\"1506\">alternativas compatibles u opciones equivalentes a marcas originales<\/strong>, cumpliendo con normas API, ASME y requisitos de proyecto.<\/p>\n<\/div><\/div><\/div><div class=\"fusion-panel panel-default fusion-faq-post fusion-faq-post-11102 fcx3-preguntas-frecuentes \"><span class=\"entry-title rich-snippet-hidden\">\u00bfQu\u00e9 tipos de v\u00e1lvulas fabrica FCX3?<\/span><span class=\"vcard rich-snippet-hidden\"><span class=\"fn\"><a href=\"https:\/\/www.anythingflows.com\/es\/author\/anythingflows\/\" title=\"Entradas de AnythingFlows\" rel=\"author\">AnythingFlows<\/a><\/span><\/span><span class=\"updated rich-snippet-hidden\">2025-12-22T22:33:43-06:00<\/span><div class=\"panel-heading\"><h4 id=\"faq_1-11102\" class=\"panel-title toggle\"><a data-toggle=\"collapse\" class=\"collapsed\" data-parent=\"#accordian-1\" data-target=\"#collapse-1-11102\" href=\"#collapse-1-11102\" aria-expanded=\"false\"><div class=\"fusion-toggle-icon-wrapper\"><div class=\"fusion-toggle-icon-wrapper-main\"><div class=\"fusion-toggle-icon-wrapper-sub\"><i class=\"fa-fusion-box active-icon awb-icon-minus\" aria-hidden=\"true\"><\/i><i class=\"fa-fusion-box inactive-icon awb-icon-plus\" aria-hidden=\"true\"><\/i><\/div><\/div><\/div><div class=\"fusion-toggle-heading\">\u00bfQu\u00e9 tipos de v\u00e1lvulas fabrica FCX3?<\/div><\/a><\/h4><\/div><div id=\"collapse-1-11102\" aria-labelledby=\"faq_1-11102\" class=\"panel-collapse collapse\"><div class=\"panel-body toggle-content post-content\"><p>FCX3 fabrica <strong data-start=\"1140\" data-end=\"1240\">v\u00e1lvulas de bola API 6D, v\u00e1lvulas de compuerta, globo, retenci\u00f3n y v\u00e1lvulas para servicio severo<\/strong>, utilizadas en petr\u00f3leo y gas, ductos, energ\u00eda e industrias de proceso.<\/p>\n<\/div><\/div><\/div><\/div><\/div><\/div><\/div><\/div><\/div><\/div><\/div>\n","protected":false},"excerpt":{"rendered":"","protected":false},"author":2,"featured_media":0,"parent":0,"menu_order":0,"comment_status":"closed","ping_status":"closed","template":"","meta":{"footnotes":""},"class_list":["post-9552","page","type-page","status-publish","hentry"],"jetpack_sharing_enabled":true,"_links":{"self":[{"href":"https:\/\/www.anythingflows.com\/es\/wp-json\/wp\/v2\/pages\/9552","targetHints":{"allow":["GET"]}}],"collection":[{"href":"https:\/\/www.anythingflows.com\/es\/wp-json\/wp\/v2\/pages"}],"about":[{"href":"https:\/\/www.anythingflows.com\/es\/wp-json\/wp\/v2\/types\/page"}],"author":[{"embeddable":true,"href":"https:\/\/www.anythingflows.com\/es\/wp-json\/wp\/v2\/users\/2"}],"replies":[{"embeddable":true,"href":"https:\/\/www.anythingflows.com\/es\/wp-json\/wp\/v2\/comments?post=9552"}],"version-history":[{"count":6,"href":"https:\/\/www.anythingflows.com\/es\/wp-json\/wp\/v2\/pages\/9552\/revisions"}],"predecessor-version":[{"id":11118,"href":"https:\/\/www.anythingflows.com\/es\/wp-json\/wp\/v2\/pages\/9552\/revisions\/11118"}],"wp:attachment":[{"href":"https:\/\/www.anythingflows.com\/es\/wp-json\/wp\/v2\/media?parent=9552"}],"curies":[{"name":"wp","href":"https:\/\/api.w.org\/{rel}","templated":true}]}}