{"id":15,"date":"2016-04-29T12:29:01","date_gmt":"2016-04-29T12:29:01","guid":{"rendered":"http:\/\/www.floconx.sapote.co\/es\/?page_id=15"},"modified":"2026-03-09T21:41:22","modified_gmt":"2026-03-10T02:41:22","slug":"sobre-la-empresa","status":"publish","type":"page","link":"https:\/\/www.anythingflows.com\/es\/sobre-la-empresa\/","title":{"rendered":"Sobre la empresa"},"content":{"rendered":"<p><div class=\"fusion-fullwidth fullwidth-box fusion-builder-row-1 nonhundred-percent-fullwidth non-hundred-percent-height-scrolling\" style=\"--awb-border-radius-top-left:0px;--awb-border-radius-top-right:0px;--awb-border-radius-bottom-right:0px;--awb-border-radius-bottom-left:0px;--awb-flex-wrap:wrap;\" ><div class=\"fusion-builder-row fusion-row\"><div class=\"fusion-layout-column fusion_builder_column fusion-builder-column-0 fusion_builder_column_1_1 1_1 fusion-one-full fusion-column-first fusion-column-last\" style=\"--awb-bg-size:cover;--awb-margin-bottom:0px;\"><div class=\"fusion-column-wrapper fusion-flex-column-wrapper-legacy\"><div class=\"fusion-text fusion-text-1\"><h1 style=\"text-align: center;\" data-fontsize=\"30\" data-lineheight=\"42px\"><img decoding=\"async\" class=\"size-full wp-image-9507 aligncenter\" src=\"https:\/\/www.anythingflows.com\/es\/wp-content\/uploads\/2025\/10\/Anything-Flows-270.png\" alt=\"\" width=\"271\" height=\"271\" \/><span style=\"color: #002c54;\">Introducci\u00f3n de nueva imagen<\/span><\/h1>\n<p>En el a\u00f1o 2020, el mundo cambi\u00f3 y FloconX tambi\u00e9n. Estamos orgullosos de compartir nuestro nuevo enfoque para las soluciones de control de flujo bajo nuestra nueva identidad: Anything Flows.<\/p>\n<p>Estamos orgullosos de servir a un mercado nacional y global en crecimiento, y estamos aumentando nuestras capacidades para satisfacer las necesidades de nuestros clientes con nuestra reconocida calidad y satisfacci\u00f3n del cliente.<\/p>\n<p>En Anything Flows nuestra misi\u00f3n de proporcionar una gama cada vez mayor de soluciones de control de flujo, incluidas las de tecnolog\u00edas nuevas y emergentes.<\/p>\n<h2 style=\"text-align: center;\"><span style=\"color: #002c54;\"> Cambiando nuestros colores:<\/span><\/h2>\n<p><span style=\"color: #333333;\">Azul que simbolizan seguridad y confianza<\/span><br \/>\n<span style=\"color: #333333;\">Amarillo ilustrando la felicidad y satisfacci\u00f3n de los clientes<\/span><br \/>\n<span style=\"color: #333333;\">Bronce el cual es resistente a los cambios de los tiempos.<\/span><\/p>\n<\/div><div class=\"fusion-content-boxes content-boxes columns row fusion-columns-1 fusion-columns-total-1 fusion-content-boxes-1 content-boxes-icon-with-title content-left\" style=\"--awb-title-color:#002c54;--awb-hover-accent-color:#cd7213;--awb-circle-hover-accent-color:#cd7213;--awb-item-margin-bottom:40px;\" data-animationOffset=\"top-into-view\"><div style=\"--awb-backgroundcolor:#efb509;\" class=\"fusion-column content-box-column content-box-column content-box-column-1 col-lg-12 col-md-12 col-sm-12 fusion-content-box-hover content-box-column-last content-box-column-last-in-row\"><div class=\"col content-box-wrapper content-wrapper-background link-area-link-icon icon-hover-animation-fade\" data-animationOffset=\"top-into-view\"><div class=\"heading icon-left\"><h2 class=\"content-box-heading\" style=\"--h2_typography-font-size:18px;line-height:23px;\">New Mascot<\/h2><\/div><div class=\"fusion-clearfix\"><\/div><div class=\"content-container\">\n<p><img decoding=\"async\" class=\"alignleft wp-image-6322 size-thumbnail\" src=\"https:\/\/www.anythingflows.com\/es\/wp-content\/uploads\/2020\/09\/ICON-ANYTHING-FLOWS-PNG-150x150.png\" alt=\"\" width=\"150\" height=\"150\" srcset=\"https:\/\/www.anythingflows.com\/es\/wp-content\/uploads\/2020\/09\/ICON-ANYTHING-FLOWS-PNG-66x66.png 66w, https:\/\/www.anythingflows.com\/es\/wp-content\/uploads\/2020\/09\/ICON-ANYTHING-FLOWS-PNG-100x100.png 100w, https:\/\/www.anythingflows.com\/es\/wp-content\/uploads\/2020\/09\/ICON-ANYTHING-FLOWS-PNG-150x150.png 150w, https:\/\/www.anythingflows.com\/es\/wp-content\/uploads\/2020\/09\/ICON-ANYTHING-FLOWS-PNG-200x200.png 200w, https:\/\/www.anythingflows.com\/es\/wp-content\/uploads\/2020\/09\/ICON-ANYTHING-FLOWS-PNG-300x300.png 300w, https:\/\/www.anythingflows.com\/es\/wp-content\/uploads\/2020\/09\/ICON-ANYTHING-FLOWS-PNG-400x400.png 400w, https:\/\/www.anythingflows.com\/es\/wp-content\/uploads\/2020\/09\/ICON-ANYTHING-FLOWS-PNG-500x500.png 500w, https:\/\/www.anythingflows.com\/es\/wp-content\/uploads\/2020\/09\/ICON-ANYTHING-FLOWS-PNG-600x600.png 600w, https:\/\/www.anythingflows.com\/es\/wp-content\/uploads\/2020\/09\/ICON-ANYTHING-FLOWS-PNG-700x700.png 700w, https:\/\/www.anythingflows.com\/es\/wp-content\/uploads\/2020\/09\/ICON-ANYTHING-FLOWS-PNG-768x768.png 768w, https:\/\/www.anythingflows.com\/es\/wp-content\/uploads\/2020\/09\/ICON-ANYTHING-FLOWS-PNG-800x800.png 800w, https:\/\/www.anythingflows.com\/es\/wp-content\/uploads\/2020\/09\/ICON-ANYTHING-FLOWS-PNG-1024x1024.png 1024w, https:\/\/www.anythingflows.com\/es\/wp-content\/uploads\/2020\/09\/ICON-ANYTHING-FLOWS-PNG-1200x1200.png 1200w, https:\/\/www.anythingflows.com\/es\/wp-content\/uploads\/2020\/09\/ICON-ANYTHING-FLOWS-PNG-1536x1536.png 1536w, https:\/\/www.anythingflows.com\/es\/wp-content\/uploads\/2020\/09\/ICON-ANYTHING-FLOWS-PNG.png 1829w\" sizes=\"(max-width: 150px) 100vw, 150px\" \/><\/p>\n<p><span style=\"color: #002c54;\">Nuestra mascota oficial es <strong>Vincent Van Flow\u2122<\/strong>.<\/span><\/p>\n<p><span style=\"color: #002c54;\"><strong>Vincent Van Flow\u2122<\/strong>es un pulpo inteligente que se enfoca en el cliente, muestra flexibilidad, adaptabilidad a desaf\u00edos y soluciones e ilustra nuestra amplia gama de productos y servicios.<\/span><\/p>\n<p data-fontsize=\"28\" data-lineheight=\"42px\"><span style=\"color: #002c54;\">Esperamos que le guste <strong>Vincent Van Flow \u2122<\/strong>, su nuevo especialista en atenci\u00f3n al cliente.<\/span><\/p>\n<h2 data-fontsize=\"28\" data-lineheight=\"42px\"><\/h2>\n<\/div><\/div><\/div><div class=\"fusion-clearfix\"><\/div><\/div><div class=\"fusion-content-boxes content-boxes columns row fusion-columns-2 fusion-columns-total-2 fusion-content-boxes-2 content-boxes-clean-vertical content-left content-boxes-icon-on-top\" style=\"--awb-title-color:#002c54;--awb-hover-accent-color:#cd7213;--awb-circle-hover-accent-color:#cd7213;\" data-animationOffset=\"top-into-view\"><div style=\"--awb-backgroundcolor:#ffffff;border-color:rgba(255,255,255,0);\" class=\"fusion-column content-box-column content-box-column content-box-column-1 col-lg-6 col-md-6 col-sm-6 fusion-content-box-hover content-box-column-first-in-row\"><div class=\"col content-box-wrapper content-wrapper-background link-area-link-icon icon-hover-animation-fade\" data-animationOffset=\"top-into-view\"><div class=\"heading icon-left\"><h2 class=\"content-box-heading\" style=\"--h2_typography-font-size:18px;line-height:23px;\">Control de flujo, nuestra pasi\u00f3n \u2122<\/h2><\/div><div class=\"fusion-clearfix\"><\/div><div class=\"content-container\">\n<div class=\"tlid-input input\">\n<div class=\"source-wrap\">\n<div class=\"input-full-height-wrapper tlid-input-full-height-wrapper\">\n<div class=\"source-input\">\n<div class=\"source-footer-wrap source-or-target-footer\">\n<div class=\"character-count tlid-character-count\">\n<div class=\"cc-ctr normal\">Nuestro primer lema muestra nuestro amor por nuestro trabajo.<\/div>\n<\/div>\n<\/div>\n<\/div>\n<\/div>\n<\/div>\n<\/div>\n<\/div><\/div><\/div><div style=\"--awb-backgroundcolor:rgba(255,255,255,0);border-color:rgba(255,255,255,0);\" class=\"fusion-column content-box-column content-box-column content-box-column-2 col-lg-6 col-md-6 col-sm-6 fusion-content-box-hover content-box-column-last content-box-column-last-in-row\"><div class=\"col content-box-wrapper content-wrapper link-area-link-icon icon-hover-animation-fade\" data-animationOffset=\"top-into-view\"><div class=\"heading icon-left\"><h2 class=\"content-box-heading\" style=\"--h2_typography-font-size:18px;line-height:23px;\">La vida fluye\u2122<\/h2><\/div><div class=\"fusion-clearfix\"><\/div><div class=\"content-container\">\n<p>Este nuevo mensaje captura la cultura y la actitud de nuestra empresa hacia la vida.<\/p>\n<\/div><\/div><\/div><div class=\"fusion-clearfix\"><\/div><\/div><div class=\"fusion-section-separator section-separator waves-opacity fusion-section-separator-1\" style=\"--awb-spacer-padding-top:21.09375%;--awb-svg-margin-left:0;--awb-svg-margin-right:0;--awb-sep-font-size:0;--awb-sep-line-height:0;\"><div class=\"fusion-section-separator-svg\"><svg class=\"fusion-waves-opacity-candy\" xmlns=\"http:\/\/www.w3.org\/2000\/svg\" version=\"1.1\" width=\"100%\" viewBox=\"0 0 1024 216\" preserveAspectRatio=\"none\" fill=\"rgba(205,114,19,1)\"><path class=\"st0\" d=\"M0 216.068h1024l.1-105.2c-14.6-3.2-30.2-5.8-47.1-7.6-178.6-19.6-279.5 56.8-464.3 41.3-206.5-17.2-248.4-128.8-455-143.8-19-1.3-38.3-.2-57.7.3v215z\"\/>\n\t\t\t\t\t\t\t\t\t\t<path class=\"st1\" d=\"M0 20.068v196.144h1024v-79.744c-22.7-6.4-47.9-11.4-76.2-14.6-178.6-19.8-272.2 53.9-457.1 38.4-206.6-17.2-197.3-124.7-403.9-139.8-27.2-2-56.6-2-86.8-.4z\"\/>\n\t\t\t\t\t\t\t\t\t\t<path class=\"st2\" d=\"M0 216.212h1024v-35.744c-45.1-15.4-95.2-27.7-150-33.7-178.6-19.8-220.6 46.8-405.4 31.3-206.6-17.2-197.8-114.7-404.4-129.7-20.4-1.5-42-2-64.2-1.7v169.544z\"\/>\n\t\t\t\t\t\t\t\t\t\t<path class=\"st3\" d=\"M0 216.312h1024v-3.044c-50.8-17.1-108.7-30.7-172.7-37.9-178.6-19.8-220 36.8-404.9 21.3-206.6-17.2-228-126.5-434.5-141.6-3.9-.3-7.9-.5-11.9-.7v161.944z\"\/>\n\t\t\t\t\t\t\t\t\t<\/svg><\/div><div class=\"fusion-section-separator-spacer\"><div class=\"fusion-section-separator-spacer-height\"><\/div><\/div><\/div><div class=\"fusion-text fusion-text-2\"><h1 class=\"fusion-responsive-typography-calculated\" style=\"text-align: center; --fontsize: 30; line-height: 1.4;\" data-fontsize=\"30\" data-lineheight=\"42px\">Visi\u00f3n:<\/h1>\n<p>Ser el socio de control de flujo m\u00e1s confiable y agn\u00f3stico a las especificaciones en el mundo \u2014 donde cada planta obtiene los productos de control de flujo correctos, de la marca correcta, en el momento correcto.<\/p>\n<h1 class=\"fusion-responsive-typography-calculated\" style=\"text-align: center; --fontsize: 30; line-height: 1.4;\" data-fontsize=\"30\" data-lineheight=\"42px\">Misi\u00f3n:<\/h1>\n<p>Entregar productos de control de flujo y soluciones de automatizaci\u00f3n de manera r\u00e1pida, t\u00e9cnicamente s\u00f3lida y neutral a las marcas para instalaciones industriales a nivel global. Ganar a trav\u00e9s de la velocidad, la experiencia y el servicio biling\u00fce \u2014 no a trav\u00e9s de la lealtad a una marca.<\/p>\n<h2 class=\"fusion-responsive-typography-calculated\" style=\"text-align: center; --fontsize: 28; line-height: 1.5;\" data-fontsize=\"28\" data-lineheight=\"42px\">\u00bfD\u00f3nde estamos?<\/h2>\n<p>Anything Flows LLC es una empresa de control de flujo con sede en Houston, TX [EE. UU.], Con canales de ventas nacionales e internacionales que se enorgullecen de proporcionar productos y servicios de ingenier\u00eda, distribuci\u00f3n y log\u00edstica de la m\u00e1s alta calidad en soluciones de control de flujo. Nos especializamos en brindar soluciones r\u00e1pidas para la industria.<\/p>\n<h2 class=\"fusion-responsive-typography-calculated\" style=\"text-align: center; --fontsize: 28; line-height: 1.5;\" data-fontsize=\"28\" data-lineheight=\"42px\">\u00bfCual es nuestro plan?<\/h2>\n<p>Nuestro modelo de negocio \u00fanico combina nuestra experiencia trabajando con productos y servicios de la m\u00e1s alta calidad disponibles en el mercado. La eficiencia a nivel de proyectos de capital y MRO (Mantenimiento | Reparaci\u00f3n | Operaciones) es nuestra misi\u00f3n y objetivo. Nuestro extenso inventario, soporte de OEM (fabricantes de equipos originales) y nuestra capacidad de suministrar compresi\u00f3n | bombeo | LACT | Unidades de Energ\u00eda Hidr\u00e1ulica, probadores, v\u00e1lvulas, automatizaci\u00f3n de v\u00e1lvulas, tuber\u00edas, medidores, instrumentos, soluciones industriales, servicio y log\u00edstica nos permiten brindar soluciones a la medida de las necesidades de nuestros clientes. Apoyamos ampliaciones de instalaciones, actualizaciones y programas de mantenimiento (etapas inmediatas | predictivas | preventivas) para brindar seguridad, ahorro de costos, soluciones de cadena de suministro y optimizaci\u00f3n de procesos a nuestros clientes.<\/p>\n<h2 class=\"fusion-responsive-typography-calculated\" style=\"text-align: center; --fontsize: 28; line-height: 1.5;\" data-fontsize=\"28\" data-lineheight=\"42px\">\u00bfQuienes somos?<\/h2>\n<p>Nuestro equipo de gerentes de proyectos e ingenieros est\u00e1 certificado por las universidades de ingenier\u00eda m\u00e1s desafiantes de los EE. UU. Y de todo el mundo. Nos dedicamos a desarrollar sus soluciones a medida para satisfacer sus necesidades espec\u00edficas: Justo a tiempo y cuando lo necesite.<\/p>\n<p>Somos una empresa especializada en control de flujo que brinda el mejor servicio al cliente, con una distribuci\u00f3n simplificada al combinar soluciones log\u00edsticas aceleradas y patines dise\u00f1ados. Prosperamos al servir a nuestros clientes y sus proyectos.<\/p>\n<h2 class=\"fusion-responsive-typography-calculated\" style=\"text-align: center; --fontsize: 28; line-height: 1.5;\" data-fontsize=\"28\" data-lineheight=\"42px\">\u00bfCuando?<\/h2>\n<p>Desde nuestra fundaci\u00f3n, hemos prosperado en hacer que cada proceso sea lo m\u00e1s eficiente posible, desde la cotizaci\u00f3n, la entrada de pedidos hasta la gesti\u00f3n de pedidos, el sistema de gesti\u00f3n interno, la entrega y el soporte posventa. Nos enfocamos continuamente en optimizar cada proceso para mejorar las expectativas, las necesidades y la experiencia general de nuestros clientes.<\/p>\n<\/div><div class=\"fusion-section-separator section-separator waves-opacity fusion-section-separator-2\" style=\"--awb-spacer-padding-top:21.09375%;--awb-svg-margin-left:0;--awb-svg-margin-right:0;--awb-sep-font-size:0;--awb-sep-line-height:0;\"><div class=\"fusion-section-separator-svg\"><svg class=\"fusion-waves-opacity-candy\" xmlns=\"http:\/\/www.w3.org\/2000\/svg\" version=\"1.1\" width=\"100%\" viewBox=\"0 0 1024 216\" preserveAspectRatio=\"none\" fill=\"rgba(0,44,84,1)\"><path class=\"st0\" d=\"M0 216.068h1024l.1-105.2c-14.6-3.2-30.2-5.8-47.1-7.6-178.6-19.6-279.5 56.8-464.3 41.3-206.5-17.2-248.4-128.8-455-143.8-19-1.3-38.3-.2-57.7.3v215z\"\/>\n\t\t\t\t\t\t\t\t\t\t<path class=\"st1\" d=\"M0 20.068v196.144h1024v-79.744c-22.7-6.4-47.9-11.4-76.2-14.6-178.6-19.8-272.2 53.9-457.1 38.4-206.6-17.2-197.3-124.7-403.9-139.8-27.2-2-56.6-2-86.8-.4z\"\/>\n\t\t\t\t\t\t\t\t\t\t<path class=\"st2\" d=\"M0 216.212h1024v-35.744c-45.1-15.4-95.2-27.7-150-33.7-178.6-19.8-220.6 46.8-405.4 31.3-206.6-17.2-197.8-114.7-404.4-129.7-20.4-1.5-42-2-64.2-1.7v169.544z\"\/>\n\t\t\t\t\t\t\t\t\t\t<path class=\"st3\" d=\"M0 216.312h1024v-3.044c-50.8-17.1-108.7-30.7-172.7-37.9-178.6-19.8-220 36.8-404.9 21.3-206.6-17.2-228-126.5-434.5-141.6-3.9-.3-7.9-.5-11.9-.7v161.944z\"\/>\n\t\t\t\t\t\t\t\t\t<\/svg><\/div><div class=\"fusion-section-separator-spacer\"><div class=\"fusion-section-separator-spacer-height\"><\/div><\/div><\/div><div class=\"fusion-clearfix\"><\/div><\/div><\/div><\/div><\/div><div class=\"fusion-fullwidth fullwidth-box fusion-builder-row-2 hundred-percent-fullwidth non-hundred-percent-height-scrolling\" style=\"--awb-border-radius-top-left:0px;--awb-border-radius-top-right:0px;--awb-border-radius-bottom-right:0px;--awb-border-radius-bottom-left:0px;--awb-overflow:visible;--awb-flex-wrap:wrap;\" ><div class=\"fusion-builder-row fusion-row\"><div class=\"fusion-layout-column fusion_builder_column fusion-builder-column-1 fusion_builder_column_1_1 1_1 fusion-one-full fusion-column-first fusion-column-last fusion-column-no-min-height\" style=\"--awb-bg-size:cover;--awb-margin-bottom:0px;\"><div class=\"fusion-column-wrapper fusion-flex-column-wrapper-legacy\"><div class=\"fusion-text fusion-text-3\"><h2 style=\"text-align: center;\"><\/h2>\n<h3 style=\"text-align: center;\"><img decoding=\"async\" class=\"aligncenter wp-image-6318 size-large\" src=\"https:\/\/www.anythingflows.com\/es\/wp-content\/uploads\/2020\/09\/iStock_000092262151_XXXLarge-min-1-min-1024x683.jpg\" alt=\"\" width=\"1024\" height=\"683\" srcset=\"https:\/\/www.anythingflows.com\/es\/wp-content\/uploads\/2020\/09\/iStock_000092262151_XXXLarge-min-1-min-200x133.jpg 200w, https:\/\/www.anythingflows.com\/es\/wp-content\/uploads\/2020\/09\/iStock_000092262151_XXXLarge-min-1-min-300x200.jpg 300w, https:\/\/www.anythingflows.com\/es\/wp-content\/uploads\/2020\/09\/iStock_000092262151_XXXLarge-min-1-min-400x267.jpg 400w, https:\/\/www.anythingflows.com\/es\/wp-content\/uploads\/2020\/09\/iStock_000092262151_XXXLarge-min-1-min-500x333.jpg 500w, https:\/\/www.anythingflows.com\/es\/wp-content\/uploads\/2020\/09\/iStock_000092262151_XXXLarge-min-1-min-600x400.jpg 600w, https:\/\/www.anythingflows.com\/es\/wp-content\/uploads\/2020\/09\/iStock_000092262151_XXXLarge-min-1-min-700x467.jpg 700w, https:\/\/www.anythingflows.com\/es\/wp-content\/uploads\/2020\/09\/iStock_000092262151_XXXLarge-min-1-min-768x512.jpg 768w, https:\/\/www.anythingflows.com\/es\/wp-content\/uploads\/2020\/09\/iStock_000092262151_XXXLarge-min-1-min-800x533.jpg 800w, https:\/\/www.anythingflows.com\/es\/wp-content\/uploads\/2020\/09\/iStock_000092262151_XXXLarge-min-1-min-1024x683.jpg 1024w, https:\/\/www.anythingflows.com\/es\/wp-content\/uploads\/2020\/09\/iStock_000092262151_XXXLarge-min-1-min.jpg 1200w\" sizes=\"(max-width: 1024px) 100vw, 1024px\" \/><\/h3>\n<h3 style=\"text-align: center;\">AFILIACIONES INDUSTRIALES<\/h3>\n<p><a href=\"https:\/\/www.avetta.com\/\" target=\"_blank\" rel=\"noopener noreferrer\">PICS<\/a>\u00a0(Contractor Pre-Qualification, Auditing, Screening &amp; <span style=\"color: #333333;\">Management Services)<\/span><\/p>\n<p><a href=\"https:\/\/www.isnetworld.com\/default.aspx\" target=\"_blank\" rel=\"noopener noreferrer\">ISNET<\/a>\u00a0(Global Contractor Management Systems)<\/p>\n<p><a href=\"http:\/\/www.api.org\/\" target=\"_blank\" rel=\"noopener noreferrer\">API<\/a>\u00a0(American Petroleum Institute)<\/p>\n<p><a href=\"https:\/\/www.bbb.org\/us\/tx\/houston\/profile\/valve\/AnythingFlows-llc-0915-90048795\" target=\"_blank\" rel=\"noopener noreferrer\">BBB<\/a>\u00a0(Better Business Bureau)<\/p>\n<p><a href=\"http:\/\/hmsdc.org\/\" target=\"_blank\" rel=\"noopener noreferrer\">HMSDC<\/a>\u00a0(Houston Minority Supplier Development Council)<\/p>\n<p><a href=\"http:\/\/www.isa.org\/\" target=\"_blank\" rel=\"noopener noreferrer\">ISA<\/a>\u00a0(International Society of Automation)<\/p>\n<p><a href=\"http:\/\/www.pvf.org\/\" target=\"_blank\" rel=\"noopener noreferrer\">PVF Roundtable<\/a>\u00a0(Pipe, Valve &amp; Fittings Industry Membership Organization)<\/p>\n<p><a href=\"https:\/\/www.southerngas.org\/\" target=\"_blank\" rel=\"noopener noreferrer\">SGA<\/a>\u00a0(Southern Gas Association)<\/p>\n<p><a href=\"https:\/\/houstonpipeliners.cvent.com\/events\/ContactPortal\/Login.aspx?cwstub=fcc97737-c9be-48cb-9889-a216c3ee09a3\" target=\"_blank\" rel=\"noopener noreferrer\">Pipeliners of Houston Association<\/a><\/p>\n<p><a href=\"https:\/\/www.valveworldexpo.com\/\" target=\"_blank\" rel=\"noopener\">Valve World<\/a> (Miembro de comite global de v\u00e1lvulas)<\/p>\n<\/div><div class=\"fusion-clearfix\"><\/div><\/div><\/div><\/div><\/div><\/p>\n","protected":false},"excerpt":{"rendered":"","protected":false},"author":2,"featured_media":0,"parent":0,"menu_order":0,"comment_status":"closed","ping_status":"closed","template":"","meta":{"footnotes":""},"class_list":["post-15","page","type-page","status-publish","hentry"],"jetpack_sharing_enabled":true,"_links":{"self":[{"href":"https:\/\/www.anythingflows.com\/es\/wp-json\/wp\/v2\/pages\/15","targetHints":{"allow":["GET"]}}],"collection":[{"href":"https:\/\/www.anythingflows.com\/es\/wp-json\/wp\/v2\/pages"}],"about":[{"href":"https:\/\/www.anythingflows.com\/es\/wp-json\/wp\/v2\/types\/page"}],"author":[{"embeddable":true,"href":"https:\/\/www.anythingflows.com\/es\/wp-json\/wp\/v2\/users\/2"}],"replies":[{"embeddable":true,"href":"https:\/\/www.anythingflows.com\/es\/wp-json\/wp\/v2\/comments?post=15"}],"version-history":[{"count":2,"href":"https:\/\/www.anythingflows.com\/es\/wp-json\/wp\/v2\/pages\/15\/revisions"}],"predecessor-version":[{"id":11145,"href":"https:\/\/www.anythingflows.com\/es\/wp-json\/wp\/v2\/pages\/15\/revisions\/11145"}],"wp:attachment":[{"href":"https:\/\/www.anythingflows.com\/es\/wp-json\/wp\/v2\/media?parent=15"}],"curies":[{"name":"wp","href":"https:\/\/api.w.org\/{rel}","templated":true}]}}