{"id":4294,"date":"2020-05-15T22:33:09","date_gmt":"2020-05-16T03:33:09","guid":{"rendered":"https:\/\/www.anythingflows.com\/en\/?post_type=product&#038;p=4294"},"modified":"2025-04-09T07:45:49","modified_gmt":"2025-04-09T12:45:49","slug":"max-air-automated-valves-carbon-steel-m32n-tfm1600v-60psi-double-acting-1-4","status":"publish","type":"product","link":"https:\/\/www.anythingflows.com\/en\/product\/max-air-automated-valves-carbon-steel-m32n-tfm1600v-60psi-double-acting-1-4\/","title":{"rendered":"Max-Air &#8211; Automated Valves, Carbon Steel M32N &#8211; TFM1600 &#8211; 60PSI Double Acting 1\/4&#8243;"},"content":{"rendered":"<p>Part Number: M32N-0Q-C60F-D62-MA<\/p>\n<p>Description: Automated Valves, Carbon Steel M32N &#8211; TFM1600 &#8211; 60PSI Double Acting 1\/4&#8243;<\/p>\n<p>Actuator: MT08.DA.F03-F05.CH11<\/p>\n<p>Mount: DSQ 11X9<\/p>\n<p><span data-sheets-value=\"{&quot;1&quot;:2,&quot;2&quot;:&quot;SESTO V\u00c1VULA DE BOLA M32 (Ver cat\u00e1logo)&quot;}\" data-sheets-userformat=\"{&quot;2&quot;:1325569,&quot;3&quot;:{&quot;1&quot;:0},&quot;12&quot;:0,&quot;14&quot;:[null,2,255],&quot;15&quot;:&quot;Arial&quot;,&quot;16&quot;:11,&quot;21&quot;:1,&quot;23&quot;:1}\" data-sheets-hyperlink=\"https:\/\/www.anythingflows.com\/en\/wp-content\/uploads\/2020\/03\/M32_Series_WEB_Sesto_Ball_valves_FPD1.pdf\"><a class=\"in-cell-link\" href=\"https:\/\/www.anythingflows.com\/en\/wp-content\/uploads\/2020\/03\/M32_Series_WEB_Sesto_Ball_valves_FPD1.pdf\" target=\"_blank\" rel=\"noopener noreferrer\">SESTO V\u00c1VULA DE BOLA M32 (Ver cat\u00e1logo)<\/a><\/span><\/p>\n<p><span data-sheets-value=\"{&quot;1&quot;:2,&quot;2&quot;:&quot;ACTUADORES MT MAX AIR (Ver cat\u00e1logo)&quot;}\" data-sheets-userformat=\"{&quot;2&quot;:1325569,&quot;3&quot;:{&quot;1&quot;:0},&quot;12&quot;:0,&quot;14&quot;:[null,2,255],&quot;15&quot;:&quot;\\&quot;Times New Roman\\&quot;, serif&quot;,&quot;16&quot;:12,&quot;21&quot;:1,&quot;23&quot;:1}\" data-sheets-hyperlink=\"https:\/\/www.anythingflows.com\/en\/wp-content\/uploads\/2020\/04\/MAX-AIR_MT_Series_Actuator_FPD.pdf\"><a class=\"in-cell-link\" href=\"https:\/\/www.anythingflows.com\/en\/wp-content\/uploads\/2020\/04\/MAX-AIR_MT_Series_Actuator_FPD.pdf\" target=\"_blank\" rel=\"noopener noreferrer\">ACTUADORES MT MAX AIR (Ver cat\u00e1logo)<\/a><\/span><\/p>\n<p><span data-sheets-value=\"{&quot;1&quot;:2,&quot;2&quot;:&quot;M\u00e1s informaci\u00f3n ac\u00e1&quot;}\" data-sheets-userformat=\"{&quot;2&quot;:1325569,&quot;3&quot;:{&quot;1&quot;:0},&quot;12&quot;:0,&quot;14&quot;:[null,2,255],&quot;15&quot;:&quot;\\&quot;Times New Roman\\&quot;, serif&quot;,&quot;16&quot;:12,&quot;21&quot;:1,&quot;23&quot;:1}\" data-sheets-hyperlink=\"https:\/\/www.anythingflows.com\/en\/wp-content\/uploads\/2020\/06\/CATALOGS_10_22_20_.pdf\"><a class=\"in-cell-link\" href=\"https:\/\/www.anythingflows.com\/en\/wp-content\/uploads\/2020\/06\/CATALOGS_10_22_20_.pdf\" target=\"_blank\" rel=\"noopener noreferrer\">M\u00e1s informaci\u00f3n ac\u00e1<\/a><\/span><\/p>\n","protected":false},"excerpt":{"rendered":"<p>Part Number: M32N-0Q-C60F-D62-MA<\/p>\n<p>Description: Automated Valves, Carbon Steel M32N &#8211; TFM1600 &#8211; 60PSI Double Acting 1\/4&#8243;<\/p>\n<p>Actuator: MT08.DA.F03-F05.CH11<\/p>\n<p>Mount: DSQ 11X9<\/p>\n<p>&nbsp;<\/p>\n<p>&nbsp;<\/p>\n<p>&nbsp;<\/p>\n<p>&nbsp;<\/p>\n<p>&nbsp;<\/p>\n<p>&nbsp;<\/p>\n","protected":false},"featured_media":4295,"comment_status":"open","ping_status":"closed","template":"","meta":[],"product_brand":[],"product_cat":[26],"product_tag":[],"class_list":{"0":"post-4294","1":"product","2":"type-product","3":"status-publish","4":"has-post-thumbnail","6":"product_cat-automated-valves","8":"first","9":"instock","10":"taxable","11":"shipping-taxable","12":"purchasable","13":"product-type-simple"},"jetpack_sharing_enabled":true,"_links":{"self":[{"href":"https:\/\/www.anythingflows.com\/en\/wp-json\/wp\/v2\/product\/4294","targetHints":{"allow":["GET"]}}],"collection":[{"href":"https:\/\/www.anythingflows.com\/en\/wp-json\/wp\/v2\/product"}],"about":[{"href":"https:\/\/www.anythingflows.com\/en\/wp-json\/wp\/v2\/types\/product"}],"replies":[{"embeddable":true,"href":"https:\/\/www.anythingflows.com\/en\/wp-json\/wp\/v2\/comments?post=4294"}],"wp:featuredmedia":[{"embeddable":true,"href":"https:\/\/www.anythingflows.com\/en\/wp-json\/wp\/v2\/media\/4295"}],"wp:attachment":[{"href":"https:\/\/www.anythingflows.com\/en\/wp-json\/wp\/v2\/media?parent=4294"}],"wp:term":[{"taxonomy":"product_brand","embeddable":true,"href":"https:\/\/www.anythingflows.com\/en\/wp-json\/wp\/v2\/product_brand?post=4294"},{"taxonomy":"product_cat","embeddable":true,"href":"https:\/\/www.anythingflows.com\/en\/wp-json\/wp\/v2\/product_cat?post=4294"},{"taxonomy":"product_tag","embeddable":true,"href":"https:\/\/www.anythingflows.com\/en\/wp-json\/wp\/v2\/product_tag?post=4294"}],"curies":[{"name":"wp","href":"https:\/\/api.w.org\/{rel}","templated":true}]}}